{"id":1624,"date":"2017-12-01T14:29:43","date_gmt":"2017-12-01T13:29:43","guid":{"rendered":"http:\/\/fasada.eu\/?page_id=1624"},"modified":"2017-12-01T14:29:43","modified_gmt":"2017-12-01T13:29:43","slug":"privacy-policy","status":"publish","type":"page","link":"https:\/\/fasada.eu\/en\/privacy-policy\/","title":{"rendered":"Privacy policy"},"content":{"rendered":"<p>Korzystaj\u0105c ze strony internetowej wyra\u017casz zgod\u0119 na u\u017cywanie plik\u00f3w &#8220;cookies&#8221; zgodnie z Polityk\u0105 Ciasteczek. Je\u017celi nie zgadzasz si\u0119 na u\u017cywanie tzw. ciasteczek, powiniene\u015b zmieni\u0107 ustawienia swojej przegl\u0105darki lub ca\u0142kowicie zrezygnowa\u0107 z u\u017cywania strony.<\/p>\n<h2>Co to s\u0105 ciasteczka?<\/h2>\n<p>Ciasteczka (ang. cookies) to niewielkie pliki, kt\u00f3re s\u0105 zapisywane i przechowywane na Twoim komputerze, tablecie lub smartphonie w momencie, kiedy korzystasz z danej witryny internetowej. Ciasteczko zazwyczaj zawiera nazw\u0119 strony internetowej, z kt\u00f3rej pochodzi, swoj\u0105 \u201ed\u0142ugo\u015b\u0107 \u017cycia\u201d (tzn. czas jego istnienia), a tak\u017ce przypadkowo wygenerowany, unikalny numer, kt\u00f3ry s\u0142u\u017cy do identyfikacji przegl\u0105darki, z jakiej nast\u0119puje po\u0142\u0105czenie ze stron\u0105 internetow\u0105.<\/p>\n<p>&nbsp;<\/p>\n<h2>Do czego u\u017cywane s\u0105 ciasteczka?<\/h2>\n<ul>\n<li style=\"list-style-type: none;\">\n<ul>\n<li>Pomagaj\u0105, aby strona dzia\u0142a\u0142a szybciej i by\u0142a \u0142atwiejsza w u\u017cyciu<\/li>\n<li>Pomagaj\u0105 lepiej dopasowa\u0107 tre\u015bci i reklamy do Twoich oczekiwa\u0144 i zainteresowa\u0144<\/li>\n<li>S\u0142u\u017c\u0105 do zbierania anonimowych statystyk, kt\u00f3re pozwalaj\u0105 zrozumie\u0107, jak u\u017cywana jest strona oraz pomagaj\u0105 w poprawianiu funkcjonalno\u015bci i zawarto\u015bci statystyk.<\/li>\n<\/ul>\n<\/li>\n<\/ul>\n<div class=\"table-wrap\">\n<table>\n<thead>\n<tr>\n<th>Rodzaj pliku cookie<\/th>\n<th>Nazwa pliku cookie<\/th>\n<th>Cel wykorzystywania pliku cookie<\/th>\n<th>Czy usuni\u0119cie pliku uniemo\u017cliwi korzystanie z witryny?<\/th>\n<\/tr>\n<\/thead>\n<tbody>\n<tr>\n<td>podmiot\u00f3w zewn\u0119trznych<\/td>\n<td>_ga, _gat_UA-XXXXXXX-X<\/td>\n<td>Google Tag Manager, Google Analytics &#8211; Zbieranie anonimowych statystyk. Wi\u0119cej na: <a href=\"http:\/\/www.google.pl\/intl\/pl\/policies\/technologies\/types\/\" target=\"_blank\" rel=\"nofollow noopener noreferrer\">http:\/\/www.google.pl\/intl\/pl\/policies\/technologies\/types\/<\/a>.<\/td>\n<td>Nie<\/td>\n<\/tr>\n<tr>\n<td>podmiot\u00f3w zewn\u0119trznych<\/td>\n<td>_hjIncludedInSample, _hjUserId<\/td>\n<td>HotJar &#8211; Zbieranie anonimowych statystyk o wykorzystaniu strony. Wi\u0119cej na: <a href=\"http:\/\/docs.hotjar.com\/docs\/cookies-stored-by-hotjar\" target=\"_blank\" rel=\"nofollow noopener noreferrer\">http:\/\/docs.hotjar.com\/docs\/cookies-stored-by-hotjar<\/a>.<\/td>\n<td>Nie<\/td>\n<\/tr>\n<\/tbody>\n<\/table>\n<\/div>\n<h4>Konfigurowanie i usuwanie plik\u00f3w \u201ecookies\u201d<\/h4>\n<p>Przegl\u0105darki internetowe domy\u015blnie dopuszczaj\u0105 umieszczanie plik\u00f3w \u201ecookies\u201d na urz\u0105dzeniu ko\u0144cowym. Ustawienia te mo\u017cesz zmieni\u0107 tak, aby blokowa\u0107 automatyczn\u0105 obs\u0142ug\u0119 plik\u00f3w \u201ecookies\u201d w ustawieniach przegl\u0105darki internetowej lub za\u017c\u0105da\u0107 informacji o ich ka\u017cdorazowym przes\u0142aniu na Twoje urz\u0105dzenie. Szczeg\u00f3\u0142owe informacje o mo\u017cliwo\u015bci i sposobach obs\u0142ugi plik\u00f3w \u201ecookies\u201d dost\u0119pne s\u0105 w ustawieniach oprogramowania (ustawienia przegl\u0105darki internetowej).<\/p>\n<p class=\"text-align-center\"><a href=\"http:\/\/support.mozilla.org\/pl\/kb\/ciasteczka\" target=\"_blank\" rel=\"nofollow noopener noreferrer\"><img decoding=\"async\" loading=\"lazy\" class=\"alignnone size-full wp-image-1233\" src=\"http:\/\/www.webidea.pl\/wp-content\/uploads\/2015\/08\/cookie_firefox.png\" alt=\"cookie_firefox\" width=\"80\" height=\"80\" \/><\/a> <a href=\"http:\/\/support.google.com\/chrome\/bin\/answer.py?hl=pl&amp;answer=95647\" target=\"_blank\" rel=\"nofollow noopener noreferrer\"><img decoding=\"async\" loading=\"lazy\" class=\"alignnone size-full wp-image-1234\" src=\"http:\/\/www.webidea.pl\/wp-content\/uploads\/2015\/08\/cookie_chrome.png\" alt=\"cookie_chrome\" width=\"80\" height=\"80\" \/><\/a> <a href=\"http:\/\/www.opera.com\/help\/tutorials\/security\/privacy\/\" target=\"_blank\" rel=\"nofollow noopener noreferrer\"><img decoding=\"async\" loading=\"lazy\" class=\"alignnone size-full wp-image-1235\" src=\"http:\/\/www.webidea.pl\/wp-content\/uploads\/2015\/08\/cookie_opera.png\" alt=\"cookie_opera\" width=\"80\" height=\"80\" \/><\/a> <a href=\"http:\/\/windows.microsoft.com\/pl-pl\/internet-explorer\/delete-manage-cookies\" target=\"_blank\" rel=\"nofollow noopener noreferrer\"><img decoding=\"async\" loading=\"lazy\" class=\"alignnone size-full wp-image-1236\" src=\"http:\/\/www.webidea.pl\/wp-content\/uploads\/2015\/08\/cookie_msie.png\" alt=\"cookie_msie\" width=\"80\" height=\"80\" \/><\/a> <a href=\"http:\/\/windows.microsoft.com\/pl-pl\/windows-10\/edge-privacy-faq\" target=\"_blank\" rel=\"nofollow noopener noreferrer\"><img decoding=\"async\" loading=\"lazy\" class=\"alignnone size-full wp-image-1245\" src=\"http:\/\/www.webidea.pl\/wp-content\/uploads\/2015\/08\/cookie_edge.png\" alt=\"cookie_edge\" width=\"80\" height=\"80\" \/><\/a> <a href=\"https:\/\/support.apple.com\/kb\/PH19214?locale=pl_PL&amp;viewlocale=pl_PL\" target=\"_blank\" rel=\"nofollow noopener noreferrer\"><img decoding=\"async\" loading=\"lazy\" class=\"alignnone size-full wp-image-1237\" src=\"http:\/\/www.webidea.pl\/wp-content\/uploads\/2015\/08\/cookie_safari.png\" alt=\"cookie_safari\" width=\"80\" height=\"80\" \/><\/a><\/p>\n","protected":false},"excerpt":{"rendered":"<p>Korzystaj\u0105c ze strony internetowej wyra\u017casz zgod\u0119 na u\u017cywanie plik\u00f3w &#8220;cookies&#8221; zgodnie z Polityk\u0105 Ciasteczek. Je\u017celi nie zgadzasz si\u0119 na u\u017cywanie tzw. ciasteczek, powiniene\u015b zmieni\u0107 ustawienia swojej przegl\u0105darki lub ca\u0142kowicie zrezygnowa\u0107 z u\u017cywania strony. Co to s\u0105 ciasteczka? Ciasteczka (ang. cookies) to niewielkie pliki, kt\u00f3re s\u0105 zapisywane i przechowywane na Twoim komputerze, tablecie lub smartphonie w&#8230;<\/p>\n","protected":false},"author":1,"featured_media":0,"parent":0,"menu_order":20,"comment_status":"closed","ping_status":"closed","template":"","meta":{"inline_featured_image":false,"footnotes":""},"yoast_head":"<!-- This site is optimized with the Yoast SEO plugin v21.3 - https:\/\/yoast.com\/wordpress\/plugins\/seo\/ -->\n<title>Privacy policy - Fasada<\/title>\n<meta name=\"robots\" content=\"index, follow, max-snippet:-1, max-image-preview:large, max-video-preview:-1\" \/>\n<link rel=\"canonical\" href=\"https:\/\/fasada.eu\/en\/privacy-policy\/\" \/>\n<meta property=\"og:locale\" content=\"en_US\" \/>\n<meta property=\"og:type\" content=\"article\" \/>\n<meta property=\"og:title\" content=\"Privacy policy - Fasada\" \/>\n<meta property=\"og:description\" content=\"Korzystaj\u0105c ze strony internetowej wyra\u017casz zgod\u0119 na u\u017cywanie plik\u00f3w &#8220;cookies&#8221; zgodnie z Polityk\u0105 Ciasteczek. Je\u017celi nie zgadzasz si\u0119 na u\u017cywanie tzw. ciasteczek, powiniene\u015b zmieni\u0107 ustawienia swojej przegl\u0105darki lub ca\u0142kowicie zrezygnowa\u0107 z u\u017cywania strony. Co to s\u0105 ciasteczka? Ciasteczka (ang. cookies) to niewielkie pliki, kt\u00f3re s\u0105 zapisywane i przechowywane na Twoim komputerze, tablecie lub smartphonie w...\" \/>\n<meta property=\"og:url\" content=\"https:\/\/fasada.eu\/en\/privacy-policy\/\" \/>\n<meta property=\"og:site_name\" content=\"Fasada\" \/>\n<meta property=\"og:image\" content=\"http:\/\/www.webidea.pl\/wp-content\/uploads\/2015\/08\/cookie_firefox.png\" \/>\n<meta name=\"twitter:card\" content=\"summary_large_image\" \/>\n<meta name=\"twitter:label1\" content=\"Est. reading time\" \/>\n\t<meta name=\"twitter:data1\" content=\"2 minutes\" \/>\n<script type=\"application\/ld+json\" class=\"yoast-schema-graph\">{\"@context\":\"https:\/\/schema.org\",\"@graph\":[{\"@type\":\"WebPage\",\"@id\":\"https:\/\/fasada.eu\/en\/privacy-policy\/\",\"url\":\"https:\/\/fasada.eu\/en\/privacy-policy\/\",\"name\":\"Privacy policy - Fasada\",\"isPartOf\":{\"@id\":\"https:\/\/fasada.eu\/en\/#website\"},\"datePublished\":\"2017-12-01T13:29:43+00:00\",\"dateModified\":\"2017-12-01T13:29:43+00:00\",\"breadcrumb\":{\"@id\":\"https:\/\/fasada.eu\/en\/privacy-policy\/#breadcrumb\"},\"inLanguage\":\"en-US\",\"potentialAction\":[{\"@type\":\"ReadAction\",\"target\":[\"https:\/\/fasada.eu\/en\/privacy-policy\/\"]}]},{\"@type\":\"BreadcrumbList\",\"@id\":\"https:\/\/fasada.eu\/en\/privacy-policy\/#breadcrumb\",\"itemListElement\":[{\"@type\":\"ListItem\",\"position\":1,\"name\":\"Home\",\"item\":\"https:\/\/fasada.eu\/en\/\"},{\"@type\":\"ListItem\",\"position\":2,\"name\":\"Privacy policy\"}]},{\"@type\":\"WebSite\",\"@id\":\"https:\/\/fasada.eu\/en\/#website\",\"url\":\"https:\/\/fasada.eu\/en\/\",\"name\":\"Fasada\",\"description\":\"wizytowka Fasada Windows&amp;Doors\",\"potentialAction\":[{\"@type\":\"SearchAction\",\"target\":{\"@type\":\"EntryPoint\",\"urlTemplate\":\"https:\/\/fasada.eu\/en\/?s={search_term_string}\"},\"query-input\":\"required name=search_term_string\"}],\"inLanguage\":\"en-US\"}]}<\/script>\n<!-- \/ Yoast SEO plugin. -->","yoast_head_json":{"title":"Privacy policy - Fasada","robots":{"index":"index","follow":"follow","max-snippet":"max-snippet:-1","max-image-preview":"max-image-preview:large","max-video-preview":"max-video-preview:-1"},"canonical":"https:\/\/fasada.eu\/en\/privacy-policy\/","og_locale":"en_US","og_type":"article","og_title":"Privacy policy - Fasada","og_description":"Korzystaj\u0105c ze strony internetowej wyra\u017casz zgod\u0119 na u\u017cywanie plik\u00f3w &#8220;cookies&#8221; zgodnie z Polityk\u0105 Ciasteczek. Je\u017celi nie zgadzasz si\u0119 na u\u017cywanie tzw. ciasteczek, powiniene\u015b zmieni\u0107 ustawienia swojej przegl\u0105darki lub ca\u0142kowicie zrezygnowa\u0107 z u\u017cywania strony. Co to s\u0105 ciasteczka? Ciasteczka (ang. cookies) to niewielkie pliki, kt\u00f3re s\u0105 zapisywane i przechowywane na Twoim komputerze, tablecie lub smartphonie w...","og_url":"https:\/\/fasada.eu\/en\/privacy-policy\/","og_site_name":"Fasada","og_image":[{"url":"http:\/\/www.webidea.pl\/wp-content\/uploads\/2015\/08\/cookie_firefox.png"}],"twitter_card":"summary_large_image","twitter_misc":{"Est. reading time":"2 minutes"},"schema":{"@context":"https:\/\/schema.org","@graph":[{"@type":"WebPage","@id":"https:\/\/fasada.eu\/en\/privacy-policy\/","url":"https:\/\/fasada.eu\/en\/privacy-policy\/","name":"Privacy policy - Fasada","isPartOf":{"@id":"https:\/\/fasada.eu\/en\/#website"},"datePublished":"2017-12-01T13:29:43+00:00","dateModified":"2017-12-01T13:29:43+00:00","breadcrumb":{"@id":"https:\/\/fasada.eu\/en\/privacy-policy\/#breadcrumb"},"inLanguage":"en-US","potentialAction":[{"@type":"ReadAction","target":["https:\/\/fasada.eu\/en\/privacy-policy\/"]}]},{"@type":"BreadcrumbList","@id":"https:\/\/fasada.eu\/en\/privacy-policy\/#breadcrumb","itemListElement":[{"@type":"ListItem","position":1,"name":"Home","item":"https:\/\/fasada.eu\/en\/"},{"@type":"ListItem","position":2,"name":"Privacy policy"}]},{"@type":"WebSite","@id":"https:\/\/fasada.eu\/en\/#website","url":"https:\/\/fasada.eu\/en\/","name":"Fasada","description":"wizytowka Fasada Windows&amp;Doors","potentialAction":[{"@type":"SearchAction","target":{"@type":"EntryPoint","urlTemplate":"https:\/\/fasada.eu\/en\/?s={search_term_string}"},"query-input":"required name=search_term_string"}],"inLanguage":"en-US"}]}},"_links":{"self":[{"href":"https:\/\/fasada.eu\/en\/wp-json\/wp\/v2\/pages\/1624"}],"collection":[{"href":"https:\/\/fasada.eu\/en\/wp-json\/wp\/v2\/pages"}],"about":[{"href":"https:\/\/fasada.eu\/en\/wp-json\/wp\/v2\/types\/page"}],"author":[{"embeddable":true,"href":"https:\/\/fasada.eu\/en\/wp-json\/wp\/v2\/users\/1"}],"replies":[{"embeddable":true,"href":"https:\/\/fasada.eu\/en\/wp-json\/wp\/v2\/comments?post=1624"}],"version-history":[{"count":1,"href":"https:\/\/fasada.eu\/en\/wp-json\/wp\/v2\/pages\/1624\/revisions"}],"predecessor-version":[{"id":1625,"href":"https:\/\/fasada.eu\/en\/wp-json\/wp\/v2\/pages\/1624\/revisions\/1625"}],"wp:attachment":[{"href":"https:\/\/fasada.eu\/en\/wp-json\/wp\/v2\/media?parent=1624"}],"curies":[{"name":"wp","href":"https:\/\/api.w.org\/{rel}","templated":true}]}}