{"id":7971,"date":"2026-04-24T15:16:36","date_gmt":"2026-04-24T13:16:36","guid":{"rendered":"https:\/\/fasada.eu\/produkte\/rollaeden\/external-blinds-titan-90\/"},"modified":"2026-04-24T15:31:31","modified_gmt":"2026-04-24T13:31:31","slug":"raffstore-titan-90","status":"publish","type":"page","link":"https:\/\/fasada.eu\/de\/produkte\/rollaeden\/raffstore-titan-90\/","title":{"rendered":"Raffstore mit Rollladenfunktion \u2013 Titan 90"},"content":{"rendered":"<div class=\"content_wrapper_shortcode animate_div type2\"><div>\n<div class=\"p50_shortcode \" style=\"max-width:100%;\"><div><div>\n<h2>Funktionalit\u00e4t<\/h2>\n<p>Die Kettenraffstore Titan ist eine Au\u00dfenraffstore, die mit speziellen Sicherheitselementen ausgestattet ist und somit einen effektiven Einbruchschutz bietet. Alle Bedienungs- und Sicherheitselemente sind in den F\u00fchrungsschienen verborgen und somit nicht frei zug\u00e4nglich. Beim Herunterlassen und Schlie\u00dfen der Jalousie liegen die Lamellen dicht aneinander, sodass keine Spalten entstehen. Dadurch ist ein manuelles \u00d6ffnen der Lamellen von au\u00dfen und das Eindringen in das Geb\u00e4ude unm\u00f6glich.<br \/>\n<\/div><\/div><div><div>\n<h2>WARUM LOHNT ES SICH?<\/h2>\n<ul>\n<li>Hoher Einbruchschutz<\/li>\n<li>Hohe Windbest\u00e4ndigkeit \u2013 Klasse 6<\/li>\n<li>Selbsttragendes System (kein Befestigen des Kastens am Sturz erforderlich)<\/li>\n<li>Modernes Design<\/li>\n<li>Vollst\u00e4ndige Verdunkelung<\/li>\n<li>\u00c4sthetik einer Jalousie kombiniert mit der Funktionalit\u00e4t eines Rollladens<\/li>\n<\/ul>\n<\/div><\/div><\/div>\n<\/div><\/div>\n<div class=\"content_wrapper_shortcode animate_div \"><div>\n<h2 class=\"big\" style=\"text-align: center;\">BEISPIELE<\/h2>\n<h2><\/h2>\n<div id=\"gallery-custom_grid-1\" class=\"gallery-custom-inline-25  center galleryid-7971\"><div class=\"gallery-row\"><div class=\"gallery-thumbnail size-gallery_box_25\"><a href=\"https:\/\/fasada.eu\/wp-content\/uploads\/2026\/04\/studio-1-srebrny0001_492.png\" target=\"_blank\" data-gallery=\"gallery-custom_grid-1\" title=\"fot. Isotra\"><img src=\"https:\/\/fasada.eu\/wp-content\/uploads\/2026\/04\/studio-1-srebrny0001_492-320x320.png\" alt=\"studio-1-srebrny0001\" \/><\/a><\/div><div class=\"gal_desc\"><span>fot. Isotra<\/span><\/div><\/div><div class=\"gallery-row\"><div class=\"gallery-thumbnail size-gallery_box_25\"><a href=\"https:\/\/fasada.eu\/wp-content\/uploads\/2026\/04\/studio-1-srebrny0000_739.png\" target=\"_blank\" data-gallery=\"gallery-custom_grid-1\" title=\"fot. Isotra\"><img src=\"https:\/\/fasada.eu\/wp-content\/uploads\/2026\/04\/studio-1-srebrny0000_739-320x320.png\" alt=\"studio-1-srebrny0000\" \/><\/a><\/div><div class=\"gal_desc\"><span>fot. Isotra<\/span><\/div><\/div><div class=\"gallery-row\"><div class=\"gallery-thumbnail size-gallery_box_25\"><a href=\"https:\/\/fasada.eu\/wp-content\/uploads\/2026\/04\/studio-1-srebrny0002_315.png\" target=\"_blank\" data-gallery=\"gallery-custom_grid-1\" title=\"fot. Isotra\"><img src=\"https:\/\/fasada.eu\/wp-content\/uploads\/2026\/04\/studio-1-srebrny0002_315-320x320.png\" alt=\"studio-1-srebrny0002\" \/><\/a><\/div><div class=\"gal_desc\"><span>fot. Isotra<\/span><\/div><\/div><div class=\"gallery-row\"><div class=\"gallery-thumbnail size-gallery_box_25\"><a href=\"https:\/\/fasada.eu\/wp-content\/uploads\/2026\/04\/zaluzje-zewnetrzne-tytan-90_649.jpg\" target=\"_blank\" data-gallery=\"gallery-custom_grid-1\" title=\"fot. Isotra\"><img src=\"https:\/\/fasada.eu\/wp-content\/uploads\/2026\/04\/zaluzje-zewnetrzne-tytan-90_649-320x320.jpg\" alt=\"\u017baluzje Zewn\u0119trzne Tytan 90\" \/><\/a><\/div><div class=\"gal_desc\"><span>fot. Isotra<\/span><\/div><\/div><div class=\"gallery-row\"><div class=\"gallery-thumbnail size-gallery_box_25\"><a href=\"https:\/\/fasada.eu\/wp-content\/uploads\/2026\/04\/zaluzje-zewnetrzne-tytan-90-2_763.jpg\" target=\"_blank\" data-gallery=\"gallery-custom_grid-1\" title=\"fot. Isotra\"><img src=\"https:\/\/fasada.eu\/wp-content\/uploads\/2026\/04\/zaluzje-zewnetrzne-tytan-90-2_763-320x320.jpg\" alt=\"\u017baluzje Zewn\u0119trzne Tytan 90 2\" \/><\/a><\/div><div class=\"gal_desc\"><span>fot. Isotra<\/span><\/div><\/div><div class=\"gallery-row\"><div class=\"gallery-thumbnail size-gallery_box_25\"><a href=\"https:\/\/fasada.eu\/wp-content\/uploads\/2026\/04\/zaluzje-zewnetrzne-tytan-90-11_825.jpg\" target=\"_blank\" data-gallery=\"gallery-custom_grid-1\" title=\"fot. Isotra\"><img src=\"https:\/\/fasada.eu\/wp-content\/uploads\/2026\/04\/zaluzje-zewnetrzne-tytan-90-11_825-320x320.jpg\" alt=\"\u017baluzje Zewn\u0119trzne tytan 90 11\" \/><\/a><\/div><div class=\"gal_desc\"><span>fot. Isotra<\/span><\/div><\/div><\/div>\n<\/div><\/div>\n<p>&nbsp;<\/p>\n<h2 class=\"big\" style=\"text-align: center;\">VIDEO<\/h2>\n<p>&nbsp;<\/p>\n<p><center><div style=\"width: 640px;\" class=\"wp-video\"><!--[if lt IE 9]><script>document.createElement('video');<\/script><![endif]-->\n<video class=\"wp-video-shortcode\" id=\"video-7971-1\" width=\"640\" height=\"360\" preload=\"metadata\" controls=\"controls\"><source type=\"video\/mp4\" src=\"https:\/\/fasada.eu\/wp-content\/uploads\/2026\/04\/instrukcja-montazu-zaluzja-tytan-90-animacja_235.mp4?_=1\" \/><a href=\"https:\/\/fasada.eu\/wp-content\/uploads\/2026\/04\/instrukcja-montazu-zaluzja-tytan-90-animacja_235.mp4\">https:\/\/fasada.eu\/wp-content\/uploads\/2026\/04\/instrukcja-montazu-zaluzja-tytan-90-animacja_235.mp4<\/a><\/video><\/div>\n<div class=\"content_wrapper_shortcode animate_div type2\"><div>\n<h2 class=\"big\" style=\"text-align: center;\">HERUNTERLADEN<\/h2>\n<div class=\"attachments_wrap \"><ul class=\"attachments\">\n<li class=\"attachment application pdf has-download\"><a download href=\"https:\/\/fasada.eu\/wp-content\/uploads\/2026\/04\/prospekt-zaluzje_de-1_816.pdf\"><span class=\"attachment_ico\"><\/span><span class=\"title\">Brosch\u00fcre<\/span><span class=\"extension\">3 MB<\/span><span class=\"size\">pdf<\/span><span class=\"download\"><span class=\"button blue\">Download file<\/span><\/span><\/a><\/li>\n<li class=\"attachment application pdf has-download\"><a download href=\"https:\/\/fasada.eu\/wp-content\/uploads\/2026\/04\/instrukcja-obslugi-i-utrzymania-titan_de_130.pdf\"><span class=\"attachment_ico\"><\/span><span class=\"title\">Anleitung zur Ausmessung und Montage<\/span><span class=\"extension\">376 KB<\/span><span class=\"size\">pdf<\/span><span class=\"download\"><span class=\"button blue\">Download file<\/span><\/span><\/a><\/li>\n<li class=\"attachment application pdf has-download\"><a download href=\"https:\/\/fasada.eu\/wp-content\/uploads\/2026\/04\/instrukcja-pomiaru-i-montazu-titan_de_373.pdf\"><span class=\"attachment_ico\"><\/span><span class=\"title\">Aufmass - und montageanleitung<\/span><span class=\"extension\">2 MB<\/span><span class=\"size\">pdf<\/span><span class=\"download\"><span class=\"button blue\">Download file<\/span><\/span><\/a><\/li>\n<\/ul><\/div>\n<\/div><\/div>\n<section class=\"include_footer_type type_1\">\n    <h2 class=\"section_title\">Kontaktieren Sie uns<\/h2>\n    <div>\n        <div>\n            <div>\n                <img src=\"https:\/\/fasada.eu\/wp-content\/themes\/wi\/images\/sygnet.png\" style=\"width: 48px; height: 60px;\" alt=\"logo\">\n                <span>WARSZAWA<\/span>\n                Al. Krakowska 173,<br>\n\t\t\t\t<a href=\"tel:+4228685288\">tel.\/fax 22 868 52 88<\/a><br>\n\t\t\t\t<a href=\"mailto:warszawa@fasada.eu\">warszawa@fasada.eu<\/a>\n            <\/div>\n        <\/div>\n        <div>\n            <div>\n                <img src=\"https:\/\/fasada.eu\/wp-content\/themes\/wi\/images\/sygnet.png\" style=\"width: 48px; height: 60px;\" alt=\"logo\">\n                <span>BYDGOSZCZ<\/span>\n                ul. Kaszubska 17E,<br>\n\t\t\t\t<a href=\"tel:+48523224011\">tel.\/fax 52 322 40 11<\/a><br>\n                <a href=\"mailto:bydgoszcz@fasada.eu\">bydgoszcz@fasada.eu<\/a>\n            <\/div>\n        <\/div>\n        <div>\n            <div>\n                <img src=\"https:\/\/fasada.eu\/wp-content\/themes\/wi\/images\/sygnet.png\" style=\"width: 48px; height: 60px;\" alt=\"logo\">\n                <span>S\u0141UPSK<\/span>\n                ul. Ba\u0142tycka 10,<br>\n\t\t\t\t<a href=\"tel:+48598411001\">tel.\/fax 59 841 10 01<\/a><br>\n\t\t\t\t<!--<a href=\"tel:+48597273450\">tel. mob +48 597 273 450<\/a><br> -->\n\t\t\t\t<a href=\"mailto:fasada@fasada.eu\">fasada@fasada.eu<\/a>\n            <\/div>\n        <\/div>\n        <div class=\"flex_div\">\n            <div>\n                <div>\n                    <a class=\"button blue\" href=\"https:\/\/fasada.eu\/de\/kontakt\/\">senden Sie eine Anfrage<\/a>\n                <\/div>\n            <\/div>\n        <\/div>\n    <\/div>\n<\/section>\n","protected":false},"excerpt":{"rendered":"<p>&nbsp; VIDEO &nbsp;<\/p>\n","protected":false},"author":4,"featured_media":0,"parent":1895,"menu_order":6,"comment_status":"closed","ping_status":"closed","template":"page_full.php","meta":{"inline_featured_image":false,"footnotes":""},"yoast_head":"<!-- This site is optimized with the Yoast SEO plugin v21.3 - https:\/\/yoast.com\/wordpress\/plugins\/seo\/ -->\n<title>Raffstore mit Rollladenfunktion \u2013 Titan 90 - Fasada<\/title>\n<meta name=\"robots\" content=\"index, follow, max-snippet:-1, max-image-preview:large, max-video-preview:-1\" \/>\n<link rel=\"canonical\" href=\"https:\/\/fasada.eu\/de\/produkte\/rollaeden\/raffstore-titan-90\/\" \/>\n<meta property=\"og:locale\" content=\"de_DE\" \/>\n<meta property=\"og:type\" content=\"article\" \/>\n<meta property=\"og:title\" content=\"Raffstore mit Rollladenfunktion \u2013 Titan 90 - Fasada\" \/>\n<meta property=\"og:description\" content=\"&nbsp; VIDEO &nbsp;\" \/>\n<meta property=\"og:url\" content=\"https:\/\/fasada.eu\/de\/produkte\/rollaeden\/raffstore-titan-90\/\" \/>\n<meta property=\"og:site_name\" content=\"Fasada\" \/>\n<meta property=\"article:modified_time\" content=\"2026-04-24T13:31:31+00:00\" \/>\n<meta name=\"twitter:card\" content=\"summary_large_image\" \/>\n<meta name=\"twitter:label1\" content=\"Gesch\u00e4tzte Lesezeit\" \/>\n\t<meta name=\"twitter:data1\" content=\"1\u00a0Minute\" \/>\n<script type=\"application\/ld+json\" class=\"yoast-schema-graph\">{\"@context\":\"https:\/\/schema.org\",\"@graph\":[{\"@type\":\"WebPage\",\"@id\":\"https:\/\/fasada.eu\/de\/produkte\/rollaeden\/raffstore-titan-90\/\",\"url\":\"https:\/\/fasada.eu\/de\/produkte\/rollaeden\/raffstore-titan-90\/\",\"name\":\"Raffstore mit Rollladenfunktion \u2013 Titan 90 - Fasada\",\"isPartOf\":{\"@id\":\"https:\/\/fasada.eu\/en\/#website\"},\"datePublished\":\"2026-04-24T13:16:36+00:00\",\"dateModified\":\"2026-04-24T13:31:31+00:00\",\"breadcrumb\":{\"@id\":\"https:\/\/fasada.eu\/de\/produkte\/rollaeden\/raffstore-titan-90\/#breadcrumb\"},\"inLanguage\":\"de\",\"potentialAction\":[{\"@type\":\"ReadAction\",\"target\":[\"https:\/\/fasada.eu\/de\/produkte\/rollaeden\/raffstore-titan-90\/\"]}]},{\"@type\":\"BreadcrumbList\",\"@id\":\"https:\/\/fasada.eu\/de\/produkte\/rollaeden\/raffstore-titan-90\/#breadcrumb\",\"itemListElement\":[{\"@type\":\"ListItem\",\"position\":1,\"name\":\"Home\",\"item\":\"https:\/\/fasada.eu\/de\/\"},{\"@type\":\"ListItem\",\"position\":2,\"name\":\"Produkte\",\"item\":\"https:\/\/fasada.eu\/de\/produkte\/\"},{\"@type\":\"ListItem\",\"position\":3,\"name\":\"ROLL\u00c4DEN\",\"item\":\"https:\/\/fasada.eu\/de\/produkte\/rollaeden\/\"},{\"@type\":\"ListItem\",\"position\":4,\"name\":\"Raffstore mit Rollladenfunktion \u2013 Titan 90\"}]},{\"@type\":\"WebSite\",\"@id\":\"https:\/\/fasada.eu\/en\/#website\",\"url\":\"https:\/\/fasada.eu\/en\/\",\"name\":\"Fasada\",\"description\":\"wizytowka Fasada Windows&amp;Doors\",\"potentialAction\":[{\"@type\":\"SearchAction\",\"target\":{\"@type\":\"EntryPoint\",\"urlTemplate\":\"https:\/\/fasada.eu\/en\/?s={search_term_string}\"},\"query-input\":\"required name=search_term_string\"}],\"inLanguage\":\"de\"}]}<\/script>\n<!-- \/ Yoast SEO plugin. -->","yoast_head_json":{"title":"Raffstore mit Rollladenfunktion \u2013 Titan 90 - Fasada","robots":{"index":"index","follow":"follow","max-snippet":"max-snippet:-1","max-image-preview":"max-image-preview:large","max-video-preview":"max-video-preview:-1"},"canonical":"https:\/\/fasada.eu\/de\/produkte\/rollaeden\/raffstore-titan-90\/","og_locale":"de_DE","og_type":"article","og_title":"Raffstore mit Rollladenfunktion \u2013 Titan 90 - Fasada","og_description":"&nbsp; VIDEO &nbsp;","og_url":"https:\/\/fasada.eu\/de\/produkte\/rollaeden\/raffstore-titan-90\/","og_site_name":"Fasada","article_modified_time":"2026-04-24T13:31:31+00:00","twitter_card":"summary_large_image","twitter_misc":{"Gesch\u00e4tzte Lesezeit":"1\u00a0Minute"},"schema":{"@context":"https:\/\/schema.org","@graph":[{"@type":"WebPage","@id":"https:\/\/fasada.eu\/de\/produkte\/rollaeden\/raffstore-titan-90\/","url":"https:\/\/fasada.eu\/de\/produkte\/rollaeden\/raffstore-titan-90\/","name":"Raffstore mit Rollladenfunktion \u2013 Titan 90 - Fasada","isPartOf":{"@id":"https:\/\/fasada.eu\/en\/#website"},"datePublished":"2026-04-24T13:16:36+00:00","dateModified":"2026-04-24T13:31:31+00:00","breadcrumb":{"@id":"https:\/\/fasada.eu\/de\/produkte\/rollaeden\/raffstore-titan-90\/#breadcrumb"},"inLanguage":"de","potentialAction":[{"@type":"ReadAction","target":["https:\/\/fasada.eu\/de\/produkte\/rollaeden\/raffstore-titan-90\/"]}]},{"@type":"BreadcrumbList","@id":"https:\/\/fasada.eu\/de\/produkte\/rollaeden\/raffstore-titan-90\/#breadcrumb","itemListElement":[{"@type":"ListItem","position":1,"name":"Home","item":"https:\/\/fasada.eu\/de\/"},{"@type":"ListItem","position":2,"name":"Produkte","item":"https:\/\/fasada.eu\/de\/produkte\/"},{"@type":"ListItem","position":3,"name":"ROLL\u00c4DEN","item":"https:\/\/fasada.eu\/de\/produkte\/rollaeden\/"},{"@type":"ListItem","position":4,"name":"Raffstore mit Rollladenfunktion \u2013 Titan 90"}]},{"@type":"WebSite","@id":"https:\/\/fasada.eu\/en\/#website","url":"https:\/\/fasada.eu\/en\/","name":"Fasada","description":"wizytowka Fasada Windows&amp;Doors","potentialAction":[{"@type":"SearchAction","target":{"@type":"EntryPoint","urlTemplate":"https:\/\/fasada.eu\/en\/?s={search_term_string}"},"query-input":"required name=search_term_string"}],"inLanguage":"de"}]}},"_links":{"self":[{"href":"https:\/\/fasada.eu\/de\/wp-json\/wp\/v2\/pages\/7971"}],"collection":[{"href":"https:\/\/fasada.eu\/de\/wp-json\/wp\/v2\/pages"}],"about":[{"href":"https:\/\/fasada.eu\/de\/wp-json\/wp\/v2\/types\/page"}],"author":[{"embeddable":true,"href":"https:\/\/fasada.eu\/de\/wp-json\/wp\/v2\/users\/4"}],"replies":[{"embeddable":true,"href":"https:\/\/fasada.eu\/de\/wp-json\/wp\/v2\/comments?post=7971"}],"version-history":[{"count":2,"href":"https:\/\/fasada.eu\/de\/wp-json\/wp\/v2\/pages\/7971\/revisions"}],"predecessor-version":[{"id":7976,"href":"https:\/\/fasada.eu\/de\/wp-json\/wp\/v2\/pages\/7971\/revisions\/7976"}],"up":[{"embeddable":true,"href":"https:\/\/fasada.eu\/de\/wp-json\/wp\/v2\/pages\/1895"}],"wp:attachment":[{"href":"https:\/\/fasada.eu\/de\/wp-json\/wp\/v2\/media?parent=7971"}],"curies":[{"name":"wp","href":"https:\/\/api.w.org\/{rel}","templated":true}]}}