{"id":7879,"date":"2026-04-22T15:28:05","date_gmt":"2026-04-22T13:28:05","guid":{"rendered":"https:\/\/fasada.eu\/produkte\/rollaeden\/zaluzje-zewnetrzne-skosne\/"},"modified":"2026-04-22T15:37:28","modified_gmt":"2026-04-22T13:37:28","slug":"schraeg-raffstore","status":"publish","type":"page","link":"https:\/\/fasada.eu\/de\/produkte\/rollaeden\/schraeg-raffstore\/","title":{"rendered":"Schr\u00e4g-Raffstore"},"content":{"rendered":"<div class=\"content_wrapper_shortcode animate_div type2\"><div>\n<div class=\"p50_shortcode \" style=\"max-width:100%;\"><div><div>\n<h2>Funktionalit\u00e4t<\/h2>\n<p>Die Schr\u00e4g-Au\u00dfenraffstores sind ein System, das speziell f\u00fcr Fenster mit schr\u00e4ger Konstruktion entwickelt wurde. Dank der einfachen Bauweise und der teleskopischen Endleiste bieten sie einen effektiven Sonnenschutz und erm\u00f6glichen die Regulierung des Lichteinfalls auch bei ungew\u00f6hnlichen Verglasungen. Die Lamellen werden mit einem Stahlseil gef\u00fchrt.<br \/>\nDie Raffstore ist mit einem speziellen Mechanismus ausgestattet, der beim Heben und Senken unterschiedliche L\u00e4ngen der Textilb\u00e4nder ausgleicht.<br \/>\n<\/div><\/div><div><div>\n<h2>Warum lohnt es sich? <\/h2>\n<ul>\n<li>Geringe Paket-H\u00f6he dank Lamellen ohne L\u00e4ngssicken<\/li>\n<li>Ideale L\u00f6sung f\u00fcr Fenster mit ungew\u00f6hnlichen Formen<\/li>\n<li>Teleskopische Endleiste<\/li>\n<li>Spezieller Mechanismus zum Ausgleich unterschiedlicher Textilbandl\u00e4ngen beim Heben und Senken<\/li>\n<li>Hoher \u00e4sthetischer Wert der Raffstore<\/li>\n<\/ul>\n<\/div><\/div><\/div>\n<\/div><\/div>\n<div class=\"content_wrapper_shortcode animate_div \"><div>\n<h2 class=\"big\" style=\"text-align: center;\">BEISPIELE<\/h2>\n<h2><\/h2>\n<div id=\"gallery-custom_grid-1\" class=\"gallery-custom-inline-25  center galleryid-7879\"><div class=\"gallery-row\"><div class=\"gallery-thumbnail size-gallery_box_25\"><a href=\"https:\/\/fasada.eu\/wp-content\/uploads\/2026\/04\/zaluzje-skosne-17_392.jpg\" target=\"_blank\" data-gallery=\"gallery-custom_grid-1\" title=\"fot. Isotra\"><img src=\"https:\/\/fasada.eu\/wp-content\/uploads\/2026\/04\/zaluzje-skosne-17_392-320x320.jpg\" alt=\"\u017baluzje Sko\u015bne 17\" \/><\/a><\/div><div class=\"gal_desc\"><span>fot. Isotra<\/span><\/div><\/div><div class=\"gallery-row\"><div class=\"gallery-thumbnail size-gallery_box_25\"><a href=\"https:\/\/fasada.eu\/wp-content\/uploads\/2026\/04\/zaluzje-skosne-15_257.jpg\" target=\"_blank\" data-gallery=\"gallery-custom_grid-1\" title=\"fot. Isotra\"><img src=\"https:\/\/fasada.eu\/wp-content\/uploads\/2026\/04\/zaluzje-skosne-15_257-320x320.jpg\" alt=\"\u017baluzje Sko\u015bne 15\" \/><\/a><\/div><div class=\"gal_desc\"><span>fot. Isotra<\/span><\/div><\/div><div class=\"gallery-row\"><div class=\"gallery-thumbnail size-gallery_box_25\"><a href=\"https:\/\/fasada.eu\/wp-content\/uploads\/2026\/04\/skosna-wariant-d2_105.png\" target=\"_blank\" data-gallery=\"gallery-custom_grid-1\" title=\"fot. Isotra\"><img src=\"https:\/\/fasada.eu\/wp-content\/uploads\/2026\/04\/skosna-wariant-d2_105-320x320.png\" alt=\"skosna wariant d2\" \/><\/a><\/div><div class=\"gal_desc\"><span>fot. Isotra<\/span><\/div><\/div><div class=\"gallery-row\"><div class=\"gallery-thumbnail size-gallery_box_25\"><a href=\"https:\/\/fasada.eu\/wp-content\/uploads\/2026\/04\/skosna-wariant-d1d1_674.png\" target=\"_blank\" data-gallery=\"gallery-custom_grid-1\" title=\"fot. Isotra\"><img src=\"https:\/\/fasada.eu\/wp-content\/uploads\/2026\/04\/skosna-wariant-d1d1_674-320x320.png\" alt=\"skosna wariant d1d1\" \/><\/a><\/div><div class=\"gal_desc\"><span>fot. Isotra<\/span><\/div><\/div><div class=\"gallery-row\"><div class=\"gallery-thumbnail size-gallery_box_25\"><a href=\"https:\/\/fasada.eu\/wp-content\/uploads\/2026\/04\/skosna-wariant-d1d1-d2d2_837.png\" target=\"_blank\" data-gallery=\"gallery-custom_grid-1\" title=\"fot. Isotra\"><img src=\"https:\/\/fasada.eu\/wp-content\/uploads\/2026\/04\/skosna-wariant-d1d1-d2d2_837-320x320.png\" alt=\"skosna wariant d1d1 d2d2\" \/><\/a><\/div><div class=\"gal_desc\"><span>fot. Isotra<\/span><\/div><\/div><div class=\"gallery-row\"><div class=\"gallery-thumbnail size-gallery_box_25\"><a href=\"https:\/\/fasada.eu\/wp-content\/uploads\/2026\/04\/skosna-wariant-f2_118.png\" target=\"_blank\" data-gallery=\"gallery-custom_grid-1\" title=\"fot. Isotra\"><img src=\"https:\/\/fasada.eu\/wp-content\/uploads\/2026\/04\/skosna-wariant-f2_118-320x320.png\" alt=\"skosna wariant f2\" \/><\/a><\/div><div class=\"gal_desc\"><span>fot. Isotra<\/span><\/div><\/div><div class=\"gallery-row\"><div class=\"gallery-thumbnail size-gallery_box_25\"><a href=\"https:\/\/fasada.eu\/wp-content\/uploads\/2026\/04\/skosna-wariant-d1_960.png\" target=\"_blank\" data-gallery=\"gallery-custom_grid-1\" title=\"fot. Isotra\"><img src=\"https:\/\/fasada.eu\/wp-content\/uploads\/2026\/04\/skosna-wariant-d1_960-320x320.png\" alt=\"skosna wariant d1\" \/><\/a><\/div><div class=\"gal_desc\"><span>fot. Isotra<\/span><\/div><\/div><div class=\"gallery-row\"><div class=\"gallery-thumbnail size-gallery_box_25\"><a href=\"https:\/\/fasada.eu\/wp-content\/uploads\/2026\/04\/skosna-wariant-d1-d2_327.png\" target=\"_blank\" data-gallery=\"gallery-custom_grid-1\" title=\"fot. Isotra\"><img src=\"https:\/\/fasada.eu\/wp-content\/uploads\/2026\/04\/skosna-wariant-d1-d2_327-320x320.png\" alt=\"skosna wariant d1 d2\" \/><\/a><\/div><div class=\"gal_desc\"><span>fot. Isotra<\/span><\/div><\/div><div class=\"gallery-row\"><div class=\"gallery-thumbnail size-gallery_box_25\"><a href=\"https:\/\/fasada.eu\/wp-content\/uploads\/2026\/04\/skosna-wariant-f1_221.png\" target=\"_blank\" data-gallery=\"gallery-custom_grid-1\" title=\"fot. Isotra\"><img src=\"https:\/\/fasada.eu\/wp-content\/uploads\/2026\/04\/skosna-wariant-f1_221-320x320.png\" alt=\"skosna wariant f1\" \/><\/a><\/div><div class=\"gal_desc\"><span>fot. Isotra<\/span><\/div><\/div><div class=\"gallery-row\"><div class=\"gallery-thumbnail size-gallery_box_25\"><a href=\"https:\/\/fasada.eu\/wp-content\/uploads\/2026\/04\/skosna-wariant-d2d2_436.png\" target=\"_blank\" data-gallery=\"gallery-custom_grid-1\" title=\"fot. Isotra\"><img src=\"https:\/\/fasada.eu\/wp-content\/uploads\/2026\/04\/skosna-wariant-d2d2_436-320x320.png\" alt=\"skosna wariant d2d2\" \/><\/a><\/div><div class=\"gal_desc\"><span>fot. Isotra<\/span><\/div><\/div><\/div>\n<\/div><\/div>\n<p>&nbsp;<\/p>\n<div class=\"content_wrapper_shortcode animate_div type2\"><div>\n<h2 class=\"big\" style=\"text-align: center;\">HERUNTERLADEN<\/h2>\n<div class=\"attachments_wrap \"><ul class=\"attachments\">\n<li class=\"attachment application pdf has-download\"><a download href=\"https:\/\/fasada.eu\/wp-content\/uploads\/2026\/04\/instrukcja-pomiaru-i-montazu_de_816.pdf\"><span class=\"attachment_ico\"><\/span><span class=\"title\">Aufmass - und montageanleitung<\/span><span class=\"extension\">4 MB<\/span><span class=\"size\">pdf<\/span><span class=\"download\"><span class=\"button blue\">Download file<\/span><\/span><\/a><\/li>\n<li class=\"attachment application pdf has-download\"><a download href=\"https:\/\/fasada.eu\/wp-content\/uploads\/2026\/04\/prospekt-zaluzje_de-1_999.pdf\"><span class=\"attachment_ico\"><\/span><span class=\"title\">Brosch\u00fcre<\/span><span class=\"extension\">3 MB<\/span><span class=\"size\">pdf<\/span><span class=\"download\"><span class=\"button blue\">Download file<\/span><\/span><\/a><\/li>\n<\/ul><\/div>\n<\/div><\/div>\n<section class=\"include_footer_type type_1\">\n    <h2 class=\"section_title\">Kontaktieren Sie uns<\/h2>\n    <div>\n        <div>\n            <div>\n                <img src=\"https:\/\/fasada.eu\/wp-content\/themes\/wi\/images\/sygnet.png\" style=\"width: 48px; height: 60px;\" alt=\"logo\">\n                <span>WARSZAWA<\/span>\n                Al. Krakowska 173,<br>\n\t\t\t\t<a href=\"tel:+4228685288\">tel.\/fax 22 868 52 88<\/a><br>\n\t\t\t\t<a href=\"mailto:warszawa@fasada.eu\">warszawa@fasada.eu<\/a>\n            <\/div>\n        <\/div>\n        <div>\n            <div>\n                <img src=\"https:\/\/fasada.eu\/wp-content\/themes\/wi\/images\/sygnet.png\" style=\"width: 48px; height: 60px;\" alt=\"logo\">\n                <span>BYDGOSZCZ<\/span>\n                ul. Kaszubska 17E,<br>\n\t\t\t\t<a href=\"tel:+48523224011\">tel.\/fax 52 322 40 11<\/a><br>\n                <a href=\"mailto:bydgoszcz@fasada.eu\">bydgoszcz@fasada.eu<\/a>\n            <\/div>\n        <\/div>\n        <div>\n            <div>\n                <img src=\"https:\/\/fasada.eu\/wp-content\/themes\/wi\/images\/sygnet.png\" style=\"width: 48px; height: 60px;\" alt=\"logo\">\n                <span>S\u0141UPSK<\/span>\n                ul. Ba\u0142tycka 10,<br>\n\t\t\t\t<a href=\"tel:+48598411001\">tel.\/fax 59 841 10 01<\/a><br>\n\t\t\t\t<!--<a href=\"tel:+48597273450\">tel. mob +48 597 273 450<\/a><br> -->\n\t\t\t\t<a href=\"mailto:fasada@fasada.eu\">fasada@fasada.eu<\/a>\n            <\/div>\n        <\/div>\n        <div class=\"flex_div\">\n            <div>\n                <div>\n                    <a class=\"button blue\" href=\"https:\/\/fasada.eu\/de\/kontakt\/\">senden Sie eine Anfrage<\/a>\n                <\/div>\n            <\/div>\n        <\/div>\n    <\/div>\n<\/section>\n","protected":false},"excerpt":{"rendered":"<p>&nbsp;<\/p>\n","protected":false},"author":4,"featured_media":0,"parent":1895,"menu_order":6,"comment_status":"closed","ping_status":"closed","template":"page_full.php","meta":{"inline_featured_image":false,"footnotes":""},"yoast_head":"<!-- This site is optimized with the Yoast SEO plugin v21.3 - https:\/\/yoast.com\/wordpress\/plugins\/seo\/ -->\n<title>Schr\u00e4g-Raffstore - Fasada<\/title>\n<meta name=\"robots\" content=\"index, follow, max-snippet:-1, max-image-preview:large, max-video-preview:-1\" \/>\n<link rel=\"canonical\" href=\"https:\/\/fasada.eu\/de\/produkte\/rollaeden\/schraeg-raffstore\/\" \/>\n<meta property=\"og:locale\" content=\"de_DE\" \/>\n<meta property=\"og:type\" content=\"article\" \/>\n<meta property=\"og:title\" content=\"Schr\u00e4g-Raffstore - Fasada\" \/>\n<meta property=\"og:description\" content=\"&nbsp;\" \/>\n<meta property=\"og:url\" content=\"https:\/\/fasada.eu\/de\/produkte\/rollaeden\/schraeg-raffstore\/\" \/>\n<meta property=\"og:site_name\" content=\"Fasada\" \/>\n<meta property=\"article:modified_time\" content=\"2026-04-22T13:37:28+00:00\" \/>\n<meta name=\"twitter:card\" content=\"summary_large_image\" \/>\n<meta name=\"twitter:label1\" content=\"Gesch\u00e4tzte Lesezeit\" \/>\n\t<meta name=\"twitter:data1\" content=\"1\u00a0Minute\" \/>\n<script type=\"application\/ld+json\" class=\"yoast-schema-graph\">{\"@context\":\"https:\/\/schema.org\",\"@graph\":[{\"@type\":\"WebPage\",\"@id\":\"https:\/\/fasada.eu\/de\/produkte\/rollaeden\/schraeg-raffstore\/\",\"url\":\"https:\/\/fasada.eu\/de\/produkte\/rollaeden\/schraeg-raffstore\/\",\"name\":\"Schr\u00e4g-Raffstore - Fasada\",\"isPartOf\":{\"@id\":\"https:\/\/fasada.eu\/en\/#website\"},\"datePublished\":\"2026-04-22T13:28:05+00:00\",\"dateModified\":\"2026-04-22T13:37:28+00:00\",\"breadcrumb\":{\"@id\":\"https:\/\/fasada.eu\/de\/produkte\/rollaeden\/schraeg-raffstore\/#breadcrumb\"},\"inLanguage\":\"de\",\"potentialAction\":[{\"@type\":\"ReadAction\",\"target\":[\"https:\/\/fasada.eu\/de\/produkte\/rollaeden\/schraeg-raffstore\/\"]}]},{\"@type\":\"BreadcrumbList\",\"@id\":\"https:\/\/fasada.eu\/de\/produkte\/rollaeden\/schraeg-raffstore\/#breadcrumb\",\"itemListElement\":[{\"@type\":\"ListItem\",\"position\":1,\"name\":\"Home\",\"item\":\"https:\/\/fasada.eu\/de\/\"},{\"@type\":\"ListItem\",\"position\":2,\"name\":\"Produkte\",\"item\":\"https:\/\/fasada.eu\/de\/produkte\/\"},{\"@type\":\"ListItem\",\"position\":3,\"name\":\"ROLL\u00c4DEN\",\"item\":\"https:\/\/fasada.eu\/de\/produkte\/rollaeden\/\"},{\"@type\":\"ListItem\",\"position\":4,\"name\":\"Schr\u00e4g-Raffstore\"}]},{\"@type\":\"WebSite\",\"@id\":\"https:\/\/fasada.eu\/en\/#website\",\"url\":\"https:\/\/fasada.eu\/en\/\",\"name\":\"Fasada\",\"description\":\"wizytowka Fasada Windows&amp;Doors\",\"potentialAction\":[{\"@type\":\"SearchAction\",\"target\":{\"@type\":\"EntryPoint\",\"urlTemplate\":\"https:\/\/fasada.eu\/en\/?s={search_term_string}\"},\"query-input\":\"required name=search_term_string\"}],\"inLanguage\":\"de\"}]}<\/script>\n<!-- \/ Yoast SEO plugin. -->","yoast_head_json":{"title":"Schr\u00e4g-Raffstore - Fasada","robots":{"index":"index","follow":"follow","max-snippet":"max-snippet:-1","max-image-preview":"max-image-preview:large","max-video-preview":"max-video-preview:-1"},"canonical":"https:\/\/fasada.eu\/de\/produkte\/rollaeden\/schraeg-raffstore\/","og_locale":"de_DE","og_type":"article","og_title":"Schr\u00e4g-Raffstore - Fasada","og_description":"&nbsp;","og_url":"https:\/\/fasada.eu\/de\/produkte\/rollaeden\/schraeg-raffstore\/","og_site_name":"Fasada","article_modified_time":"2026-04-22T13:37:28+00:00","twitter_card":"summary_large_image","twitter_misc":{"Gesch\u00e4tzte Lesezeit":"1\u00a0Minute"},"schema":{"@context":"https:\/\/schema.org","@graph":[{"@type":"WebPage","@id":"https:\/\/fasada.eu\/de\/produkte\/rollaeden\/schraeg-raffstore\/","url":"https:\/\/fasada.eu\/de\/produkte\/rollaeden\/schraeg-raffstore\/","name":"Schr\u00e4g-Raffstore - Fasada","isPartOf":{"@id":"https:\/\/fasada.eu\/en\/#website"},"datePublished":"2026-04-22T13:28:05+00:00","dateModified":"2026-04-22T13:37:28+00:00","breadcrumb":{"@id":"https:\/\/fasada.eu\/de\/produkte\/rollaeden\/schraeg-raffstore\/#breadcrumb"},"inLanguage":"de","potentialAction":[{"@type":"ReadAction","target":["https:\/\/fasada.eu\/de\/produkte\/rollaeden\/schraeg-raffstore\/"]}]},{"@type":"BreadcrumbList","@id":"https:\/\/fasada.eu\/de\/produkte\/rollaeden\/schraeg-raffstore\/#breadcrumb","itemListElement":[{"@type":"ListItem","position":1,"name":"Home","item":"https:\/\/fasada.eu\/de\/"},{"@type":"ListItem","position":2,"name":"Produkte","item":"https:\/\/fasada.eu\/de\/produkte\/"},{"@type":"ListItem","position":3,"name":"ROLL\u00c4DEN","item":"https:\/\/fasada.eu\/de\/produkte\/rollaeden\/"},{"@type":"ListItem","position":4,"name":"Schr\u00e4g-Raffstore"}]},{"@type":"WebSite","@id":"https:\/\/fasada.eu\/en\/#website","url":"https:\/\/fasada.eu\/en\/","name":"Fasada","description":"wizytowka Fasada Windows&amp;Doors","potentialAction":[{"@type":"SearchAction","target":{"@type":"EntryPoint","urlTemplate":"https:\/\/fasada.eu\/en\/?s={search_term_string}"},"query-input":"required name=search_term_string"}],"inLanguage":"de"}]}},"_links":{"self":[{"href":"https:\/\/fasada.eu\/de\/wp-json\/wp\/v2\/pages\/7879"}],"collection":[{"href":"https:\/\/fasada.eu\/de\/wp-json\/wp\/v2\/pages"}],"about":[{"href":"https:\/\/fasada.eu\/de\/wp-json\/wp\/v2\/types\/page"}],"author":[{"embeddable":true,"href":"https:\/\/fasada.eu\/de\/wp-json\/wp\/v2\/users\/4"}],"replies":[{"embeddable":true,"href":"https:\/\/fasada.eu\/de\/wp-json\/wp\/v2\/comments?post=7879"}],"version-history":[{"count":3,"href":"https:\/\/fasada.eu\/de\/wp-json\/wp\/v2\/pages\/7879\/revisions"}],"predecessor-version":[{"id":7884,"href":"https:\/\/fasada.eu\/de\/wp-json\/wp\/v2\/pages\/7879\/revisions\/7884"}],"up":[{"embeddable":true,"href":"https:\/\/fasada.eu\/de\/wp-json\/wp\/v2\/pages\/1895"}],"wp:attachment":[{"href":"https:\/\/fasada.eu\/de\/wp-json\/wp\/v2\/media?parent=7879"}],"curies":[{"name":"wp","href":"https:\/\/api.w.org\/{rel}","templated":true}]}}