{"id":3339,"date":"2022-08-12T13:03:55","date_gmt":"2022-08-12T11:03:55","guid":{"rendered":"https:\/\/fasada.eu\/pergole\/"},"modified":"2024-07-05T12:51:12","modified_gmt":"2024-07-05T10:51:12","slug":"pergole","status":"publish","type":"page","link":"https:\/\/fasada.eu\/de\/produkte\/terrassentueren\/pergole\/","title":{"rendered":"Pergolen"},"content":{"rendered":"<div class='big_image_wrapper ' style='background-image: url(https:\/\/fasada.eu\/wp-content\/uploads\/2022\/08\/taras_409.jpg);'><div><div class='title'>W\u00c4HLEN SIE DIE H\u00d6CHSTE QUALIT\u00c4T<\/div><div class='content'>\n<p>Die Pergola <a href=\"https:\/\/www.sunprotect.aluprof.com\/de\/angebot\/pergolen\/mb-opensky-140-pergola-system\">MB-OpenSky 140<\/a> und <a href=\"https:\/\/www.sunprotect.aluprof.com\/de\/angebot\/pergolen\/pergola-system-mb-opensky-120\">MB-OpenSky 120<\/a> ist nicht nur eine funktionelle \u00dcberdachung f\u00fcr gro\u00dfe Fl\u00e4chen, sondern auch eine stilvolle Erg\u00e4nzung, die perfekt zu den Trends des modernen Bauens passt<\/p>\n<\/div><\/div><\/div>\n<div class=\"content_wrapper_shortcode animate_div type2\"><div>\n<div class=\"p50_shortcode \" style=\"max-width:100%;\"><div><div>\n<p>&nbsp;<\/p>\n<h2>Pergola der Premium-Klasse<\/h2>\n<p>Die Konstruktion des Systems <a href=\"https:\/\/www.sunprotect.aluprof.com\/de\/angebot\/pergolen\/mb-opensky-140-pergola-system\">MB-OpenSky 140<\/a> und <a href=\"https:\/\/www.sunprotect.aluprof.com\/de\/angebot\/pergolen\/pergola-system-mb-opensky-120\">MB-OpenSky 120<\/a> besteht aus stranggepresstem Aluminium, das eine lange Lebensdauer und Stabilit\u00e4t \u00fcber viele Jahre hinweg gew\u00e4hrleistet. Die Pfosten der Pergola sind von hoher Festigkeit, w\u00e4hrend ihre besondere Geometrie der gesamten Konstruktion eine au\u00dfergew\u00f6hnliche Steifigkeit verleiht. Die Profile der Pfosten und Pfetten werden an den Knotenpunkten durch Cund L-f\u00f6rmige Verbindungsst\u00fccke verbunden. Durch den Einsatz eines innovativen Verfahrens zum Verbinden der Profile mit speziellen Stiften konnte zum einen die Festigkeit des gesamten Systems und zum anderen eine formsch\u00f6ne Verbindung ohne sichtbare Fugen gew\u00e4hrleistet werden. Das Dach der Pergola besteht aus einem mit beweglichen Lamellen versehenen Modul, welches mit einem Mechanismus ausgestattet ist, der die Ver\u00e4nderung des Neigungswinkels in der Achse von 0 bis 135\u00b0 erm\u00f6glicht. Die Lamellen sind mit speziellen Dichtungen zum Schutz vor Regenwasser versehen, w\u00e4hrend das in den Pfosten befindliche Entw\u00e4sserungssystem eine effiziente Ableitung des Wassers \u00fcber Rinnen und Fallrohre in das Regenwassersystem erm\u00f6glicht<br \/>\n<\/div><\/div><div><div>\n<h2>WARUM LOHNT ES SICH?<\/h2>\n<p>Vorteile einer Pergola MB-OpenSky 140<\/p>\n<ul>\n<li>Die Konstruktion des Systems MB-OpenSky 140 besteht aus stranggepresstem Aluminium, das eine lange Lebensdauer und Stabilit\u00e4t \u00fcber viele Jahre hinweg gew\u00e4hrleistet.<\/li>\n<li>Das Dach der Pergola besteht aus einem mit beweglichen Lamellen versehenen Modul, welches mit einem Mechanismus ausgestattet ist, der die Ver\u00e4nderung des Neigungswinkels in der Achse von 0 bis 135\u00b0 erm\u00f6glicht.<\/li>\n<li>Die Lamellen sind mit speziellen Dichtungen zum Schutz vor Regenwasser versehen, w\u00e4hrend das in den Pfosten befindliche Entw\u00e4sserungssystem eine effiziente Ableitung des Wassers \u00fcber Rinnen und Fallrohre in das Regenwassersystem erm\u00f6glicht.<\/li>\n<li>Au\u00dferdem bietet das Produkt die M\u00f6glichkeit, eine LED-Beleuchtung einzusetzen. Die Beleuchtung wurde so konzipiert, dass sie nicht mit den Dachlamellen und der Heizung zusammenwirkt.<\/li>\n<li>Die maximalen Abmessungen eines Segments sind:7 m L\u00e4nge \u00d7 5 m Breite \u00d7 3 m H\u00f6he.<\/li>\n<li>Die Steuerung kann \u00fcber eine Fernbedienung, einen Schalter, eine App auf Ihrem Smartphone oder \u00fcber ein entsprechendes, in der Haussteuerung programmiertes Szenario erfolgen.<\/li>\n<li>Au\u00dferdem kann die Pergola mit verschiedenen Zubeh\u00f6rteilen ausgestattet werden, darunter ein Wind-, Regen- oder Sonnensensor, die den Nutzungskomfort erheblich verbessern<\/li>\n<\/ul>\n<\/div><\/div><\/div>\n<\/div><\/div>\n<div class=\"content_wrapper_shortcode animate_div \"><div>\n<h2 class=\"big\" style=\"text-align: center;\">Beispiele<\/h2>\n<h2><\/h2>\n<div id=\"gallery-custom_grid-1\" class=\"gallery-custom-inline-30   galleryid-3339\"><div class=\"gallery-row\"><div class=\"gallery-thumbnail size-gallery_box_30\"><a href=\"https:\/\/fasada.eu\/wp-content\/uploads\/2022\/08\/al_001_22_625.jpg\" target=\"_blank\" data-gallery=\"gallery-custom_grid-1\" title=\"\"><img src=\"https:\/\/fasada.eu\/wp-content\/uploads\/2022\/08\/al_001_22_625-425x425.jpg\" alt=\"AL_001_22\" \/><\/a><\/div><\/div><div class=\"gallery-row\"><div class=\"gallery-thumbnail size-gallery_box_30\"><a href=\"https:\/\/fasada.eu\/wp-content\/uploads\/2022\/08\/al_001_24_828.jpg\" target=\"_blank\" data-gallery=\"gallery-custom_grid-1\" title=\"\"><img src=\"https:\/\/fasada.eu\/wp-content\/uploads\/2022\/08\/al_001_24_828-425x425.jpg\" alt=\"AL_001_24\" \/><\/a><\/div><\/div><div class=\"gallery-row\"><div class=\"gallery-thumbnail size-gallery_box_30\"><a href=\"https:\/\/fasada.eu\/wp-content\/uploads\/2022\/08\/al_001_25_728.jpg\" target=\"_blank\" data-gallery=\"gallery-custom_grid-1\" title=\"\"><img src=\"https:\/\/fasada.eu\/wp-content\/uploads\/2022\/08\/al_001_25_728-425x425.jpg\" alt=\"AL_001_25\" \/><\/a><\/div><\/div><div class=\"gallery-row\"><div class=\"gallery-thumbnail size-gallery_box_30\"><a href=\"https:\/\/fasada.eu\/wp-content\/uploads\/2022\/08\/al_001_26_117.jpg\" target=\"_blank\" data-gallery=\"gallery-custom_grid-1\" title=\"\"><img src=\"https:\/\/fasada.eu\/wp-content\/uploads\/2022\/08\/al_001_26_117-425x425.jpg\" alt=\"AL_001_26\" \/><\/a><\/div><\/div><div class=\"gallery-row\"><div class=\"gallery-thumbnail size-gallery_box_30\"><a href=\"https:\/\/fasada.eu\/wp-content\/uploads\/2022\/08\/al_001_27_839.jpg\" target=\"_blank\" data-gallery=\"gallery-custom_grid-1\" title=\"\"><img src=\"https:\/\/fasada.eu\/wp-content\/uploads\/2022\/08\/al_001_27_839-425x425.jpg\" alt=\"AL_001_27\" \/><\/a><\/div><\/div><div class=\"gallery-row\"><div class=\"gallery-thumbnail size-gallery_box_30\"><a href=\"https:\/\/fasada.eu\/wp-content\/uploads\/2022\/08\/al_005_22_853.jpg\" target=\"_blank\" data-gallery=\"gallery-custom_grid-1\" title=\"\"><img src=\"https:\/\/fasada.eu\/wp-content\/uploads\/2022\/08\/al_005_22_853-425x425.jpg\" alt=\"AL_005_22\" \/><\/a><\/div><\/div><div class=\"gallery-row\"><div class=\"gallery-thumbnail size-gallery_box_30\"><a href=\"https:\/\/fasada.eu\/wp-content\/uploads\/2022\/08\/al_006_22_566.jpg\" target=\"_blank\" data-gallery=\"gallery-custom_grid-1\" title=\"\"><img src=\"https:\/\/fasada.eu\/wp-content\/uploads\/2022\/08\/al_006_22_566-425x425.jpg\" alt=\"AL_006_22\" \/><\/a><\/div><\/div><div class=\"gallery-row\"><div class=\"gallery-thumbnail size-gallery_box_30\"><a href=\"https:\/\/fasada.eu\/wp-content\/uploads\/2022\/08\/al_007_22_438.jpg\" target=\"_blank\" data-gallery=\"gallery-custom_grid-1\" title=\"\"><img src=\"https:\/\/fasada.eu\/wp-content\/uploads\/2022\/08\/al_007_22_438-425x425.jpg\" alt=\"AL_007_22\" \/><\/a><\/div><\/div><div class=\"gallery-row\"><div class=\"gallery-thumbnail size-gallery_box_30\"><a href=\"https:\/\/fasada.eu\/wp-content\/uploads\/2022\/08\/al_008_22_200.jpg\" target=\"_blank\" data-gallery=\"gallery-custom_grid-1\" title=\"\"><img src=\"https:\/\/fasada.eu\/wp-content\/uploads\/2022\/08\/al_008_22_200-425x425.jpg\" alt=\"AL_008_22\" \/><\/a><\/div><\/div><div class=\"gallery-row\"><div class=\"gallery-thumbnail size-gallery_box_30\"><a href=\"https:\/\/fasada.eu\/wp-content\/uploads\/2022\/08\/al_009_22_775.jpg\" target=\"_blank\" data-gallery=\"gallery-custom_grid-1\" title=\"\"><img src=\"https:\/\/fasada.eu\/wp-content\/uploads\/2022\/08\/al_009_22_775-425x425.jpg\" alt=\"AL_009_22\" \/><\/a><\/div><\/div><div class=\"gallery-row\"><div class=\"gallery-thumbnail size-gallery_box_30\"><a href=\"https:\/\/fasada.eu\/wp-content\/uploads\/2022\/08\/al_010_22_664.jpg\" target=\"_blank\" data-gallery=\"gallery-custom_grid-1\" title=\"\"><img src=\"https:\/\/fasada.eu\/wp-content\/uploads\/2022\/08\/al_010_22_664-425x425.jpg\" alt=\"AL_010_22\" \/><\/a><\/div><\/div><div class=\"gallery-row\"><div class=\"gallery-thumbnail size-gallery_box_30\"><a href=\"https:\/\/fasada.eu\/wp-content\/uploads\/2022\/08\/al_011_22_609.jpg\" target=\"_blank\" data-gallery=\"gallery-custom_grid-1\" title=\"\"><img src=\"https:\/\/fasada.eu\/wp-content\/uploads\/2022\/08\/al_011_22_609-425x425.jpg\" alt=\"AL_011_22\" \/><\/a><\/div><\/div><div class=\"gallery-row\"><div class=\"gallery-thumbnail size-gallery_box_30\"><a href=\"https:\/\/fasada.eu\/wp-content\/uploads\/2022\/08\/al_012_22_144.jpg\" target=\"_blank\" data-gallery=\"gallery-custom_grid-1\" title=\"\"><img src=\"https:\/\/fasada.eu\/wp-content\/uploads\/2022\/08\/al_012_22_144-425x425.jpg\" alt=\"AL_012_22\" \/><\/a><\/div><\/div><div class=\"gallery-row\"><div class=\"gallery-thumbnail size-gallery_box_30\"><a href=\"https:\/\/fasada.eu\/wp-content\/uploads\/2022\/08\/al_013_22_305.jpg\" target=\"_blank\" data-gallery=\"gallery-custom_grid-1\" title=\"\"><img src=\"https:\/\/fasada.eu\/wp-content\/uploads\/2022\/08\/al_013_22_305-425x425.jpg\" alt=\"AL_013_22\" \/><\/a><\/div><\/div><\/div>\n<h2 class=\"big\" style=\"text-align: center;\">Visualisierungen<\/h2>\n<h2><\/h2>\n<div id=\"gallery-custom_grid-2\" class=\"gallery-custom-inline-30   galleryid-3339\"><div class=\"gallery-row\"><div class=\"gallery-thumbnail size-gallery_box_30\"><a href=\"https:\/\/fasada.eu\/wp-content\/uploads\/2022\/08\/d_0001_594.png\" target=\"_blank\" data-gallery=\"gallery-custom_grid-2\" title=\"\"><img src=\"https:\/\/fasada.eu\/wp-content\/uploads\/2022\/08\/d_0001_594-425x425.png\" alt=\"D_0001\" \/><\/a><\/div><\/div><div class=\"gallery-row\"><div class=\"gallery-thumbnail size-gallery_box_30\"><a href=\"https:\/\/fasada.eu\/wp-content\/uploads\/2022\/08\/d_0002_235.png\" target=\"_blank\" data-gallery=\"gallery-custom_grid-2\" title=\"\"><img src=\"https:\/\/fasada.eu\/wp-content\/uploads\/2022\/08\/d_0002_235-425x425.png\" alt=\"D_0002\" \/><\/a><\/div><\/div><div class=\"gallery-row\"><div class=\"gallery-thumbnail size-gallery_box_30\"><a href=\"https:\/\/fasada.eu\/wp-content\/uploads\/2022\/08\/d_0003_v2_882.png\" target=\"_blank\" data-gallery=\"gallery-custom_grid-2\" title=\"\"><img src=\"https:\/\/fasada.eu\/wp-content\/uploads\/2022\/08\/d_0003_v2_882-425x425.png\" alt=\"D_0003_v2\" \/><\/a><\/div><\/div><div class=\"gallery-row\"><div class=\"gallery-thumbnail size-gallery_box_30\"><a href=\"https:\/\/fasada.eu\/wp-content\/uploads\/2022\/08\/d_0004_518.png\" target=\"_blank\" data-gallery=\"gallery-custom_grid-2\" title=\"\"><img src=\"https:\/\/fasada.eu\/wp-content\/uploads\/2022\/08\/d_0004_518-425x425.png\" alt=\"D_0004\" \/><\/a><\/div><\/div><div class=\"gallery-row\"><div class=\"gallery-thumbnail size-gallery_box_30\"><a href=\"https:\/\/fasada.eu\/wp-content\/uploads\/2022\/08\/d_0005_294.png\" target=\"_blank\" data-gallery=\"gallery-custom_grid-2\" title=\"\"><img src=\"https:\/\/fasada.eu\/wp-content\/uploads\/2022\/08\/d_0005_294-425x425.png\" alt=\"D_0005\" \/><\/a><\/div><\/div><div class=\"gallery-row\"><div class=\"gallery-thumbnail size-gallery_box_30\"><a href=\"https:\/\/fasada.eu\/wp-content\/uploads\/2022\/08\/d_0006_v2_393.png\" target=\"_blank\" data-gallery=\"gallery-custom_grid-2\" title=\"\"><img src=\"https:\/\/fasada.eu\/wp-content\/uploads\/2022\/08\/d_0006_v2_393-425x425.png\" alt=\"D_0006_v2\" \/><\/a><\/div><\/div><div class=\"gallery-row\"><div class=\"gallery-thumbnail size-gallery_box_30\"><a href=\"https:\/\/fasada.eu\/wp-content\/uploads\/2022\/08\/mb-opensky-140-_-double_free_335.png\" target=\"_blank\" data-gallery=\"gallery-custom_grid-2\" title=\"\"><img src=\"https:\/\/fasada.eu\/wp-content\/uploads\/2022\/08\/mb-opensky-140-_-double_free_335-425x425.png\" alt=\"MB-OPENSKY 140 _ double_free\" \/><\/a><\/div><\/div><div class=\"gallery-row\"><div class=\"gallery-thumbnail size-gallery_box_30\"><a href=\"https:\/\/fasada.eu\/wp-content\/uploads\/2022\/08\/mb-opensky-140-_-free_374.png\" target=\"_blank\" data-gallery=\"gallery-custom_grid-2\" title=\"\"><img src=\"https:\/\/fasada.eu\/wp-content\/uploads\/2022\/08\/mb-opensky-140-_-free_374-425x425.png\" alt=\"MB-OPENSKY 140 _ free\" \/><\/a><\/div><\/div><div class=\"gallery-row\"><div class=\"gallery-thumbnail size-gallery_box_30\"><a href=\"https:\/\/fasada.eu\/wp-content\/uploads\/2022\/08\/mb-opensky-140-_-wall_642.png\" target=\"_blank\" data-gallery=\"gallery-custom_grid-2\" title=\"\"><img src=\"https:\/\/fasada.eu\/wp-content\/uploads\/2022\/08\/mb-opensky-140-_-wall_642-425x425.png\" alt=\"MB-OPENSKY 140 _ wall\" \/><\/a><\/div><\/div><\/div>\n<p>&nbsp;<\/p>\n<p>&nbsp;<\/p>\n<div class=\"video_div\"><iframe loading=\"lazy\" title=\"YouTube video player\" src=\"https:\/\/www.youtube.com\/embed\/ksla1OF8cX8\" width=\"560\" height=\"315\" frameborder=\"0\" allowfullscreen=\"allowfullscreen\"><\/iframe><\/div>\n<h2 class=\"big\" style=\"text-align: center;\">DOWNLOADS<\/h2>\n<p>&nbsp;<\/p>\n<div class=\"attachments_wrap \"><ul class=\"attachments\">\n<li class=\"attachment application pdf has-download\"><a download href=\"https:\/\/fasada.eu\/wp-content\/uploads\/2022\/08\/mb-open_sky_140_de_580.pdf\"><span class=\"attachment_ico\"><\/span><span class=\"title\">MB-Open_Sky_140_DE<\/span><span class=\"extension\">944 KB<\/span><span class=\"size\">pdf<\/span><span class=\"download\"><span class=\"button blue\">Download file<\/span><\/span><\/a><\/li>\n<\/ul><\/div>\n<\/div><\/div>\n&nbsp;<\/p>\n<section class=\"include_footer_type type_1\">\n    <h2 class=\"section_title\">Kontaktieren Sie uns<\/h2>\n    <div>\n        <div>\n            <div>\n                <img src=\"https:\/\/fasada.eu\/wp-content\/themes\/wi\/images\/sygnet.png\" style=\"width: 48px; height: 60px;\" alt=\"logo\">\n                <span>WARSZAWA<\/span>\n                Al. Krakowska 173,<br>\n\t\t\t\t<a href=\"tel:+4228685288\">tel.\/fax 22 868 52 88<\/a><br>\n\t\t\t\t<a href=\"mailto:warszawa@fasada.eu\">warszawa@fasada.eu<\/a>\n            <\/div>\n        <\/div>\n        <div>\n            <div>\n                <img src=\"https:\/\/fasada.eu\/wp-content\/themes\/wi\/images\/sygnet.png\" style=\"width: 48px; height: 60px;\" alt=\"logo\">\n                <span>BYDGOSZCZ<\/span>\n                ul. Kaszubska 17E,<br>\n\t\t\t\t<a href=\"tel:+48523224011\">tel.\/fax 52 322 40 11<\/a><br>\n                <a href=\"mailto:bydgoszcz@fasada.eu\">bydgoszcz@fasada.eu<\/a>\n            <\/div>\n        <\/div>\n        <div>\n            <div>\n                <img src=\"https:\/\/fasada.eu\/wp-content\/themes\/wi\/images\/sygnet.png\" style=\"width: 48px; height: 60px;\" alt=\"logo\">\n                <span>S\u0141UPSK<\/span>\n                ul. Ba\u0142tycka 10,<br>\n\t\t\t\t<a href=\"tel:+48598411001\">tel.\/fax 59 841 10 01<\/a><br>\n\t\t\t\t<!--<a href=\"tel:+48597273450\">tel. mob +48 597 273 450<\/a><br> -->\n\t\t\t\t<a href=\"mailto:fasada@fasada.eu\">fasada@fasada.eu<\/a>\n            <\/div>\n        <\/div>\n        <div class=\"flex_div\">\n            <div>\n                <div>\n                    <a class=\"button blue\" href=\"https:\/\/fasada.eu\/de\/kontakt\/\">senden Sie eine Anfrage<\/a>\n                <\/div>\n            <\/div>\n        <\/div>\n    <\/div>\n<\/section>\n","protected":false},"excerpt":{"rendered":"<p>&nbsp;<\/p>\n","protected":false},"author":1,"featured_media":3284,"parent":1886,"menu_order":1,"comment_status":"closed","ping_status":"closed","template":"page_full.php","meta":{"inline_featured_image":false,"footnotes":""},"yoast_head":"<!-- This site is optimized with the Yoast SEO plugin v21.3 - https:\/\/yoast.com\/wordpress\/plugins\/seo\/ -->\n<title>Pergolen - Fasada<\/title>\n<meta name=\"robots\" content=\"index, follow, max-snippet:-1, max-image-preview:large, max-video-preview:-1\" \/>\n<link rel=\"canonical\" href=\"https:\/\/fasada.eu\/de\/produkte\/terrassentueren\/pergole\/\" \/>\n<meta property=\"og:locale\" content=\"de_DE\" \/>\n<meta property=\"og:type\" content=\"article\" \/>\n<meta property=\"og:title\" content=\"Pergolen - Fasada\" \/>\n<meta property=\"og:description\" content=\"&nbsp;\" \/>\n<meta property=\"og:url\" content=\"https:\/\/fasada.eu\/de\/produkte\/terrassentueren\/pergole\/\" \/>\n<meta property=\"og:site_name\" content=\"Fasada\" \/>\n<meta property=\"article:modified_time\" content=\"2024-07-05T10:51:12+00:00\" \/>\n<meta property=\"og:image\" content=\"https:\/\/fasada.eu\/wp-content\/uploads\/2022\/08\/pergola_home_page_0_991.jpg\" \/>\n\t<meta property=\"og:image:width\" content=\"1920\" \/>\n\t<meta property=\"og:image:height\" content=\"650\" \/>\n\t<meta property=\"og:image:type\" content=\"image\/jpeg\" \/>\n<meta name=\"twitter:card\" content=\"summary_large_image\" \/>\n<meta name=\"twitter:label1\" content=\"Gesch\u00e4tzte Lesezeit\" \/>\n\t<meta name=\"twitter:data1\" content=\"3\u00a0Minuten\" \/>\n<script type=\"application\/ld+json\" class=\"yoast-schema-graph\">{\"@context\":\"https:\/\/schema.org\",\"@graph\":[{\"@type\":\"WebPage\",\"@id\":\"https:\/\/fasada.eu\/de\/produkte\/terrassentueren\/pergole\/\",\"url\":\"https:\/\/fasada.eu\/de\/produkte\/terrassentueren\/pergole\/\",\"name\":\"Pergolen - Fasada\",\"isPartOf\":{\"@id\":\"https:\/\/fasada.eu\/en\/#website\"},\"datePublished\":\"2022-08-12T11:03:55+00:00\",\"dateModified\":\"2024-07-05T10:51:12+00:00\",\"breadcrumb\":{\"@id\":\"https:\/\/fasada.eu\/de\/produkte\/terrassentueren\/pergole\/#breadcrumb\"},\"inLanguage\":\"de\",\"potentialAction\":[{\"@type\":\"ReadAction\",\"target\":[\"https:\/\/fasada.eu\/de\/produkte\/terrassentueren\/pergole\/\"]}]},{\"@type\":\"BreadcrumbList\",\"@id\":\"https:\/\/fasada.eu\/de\/produkte\/terrassentueren\/pergole\/#breadcrumb\",\"itemListElement\":[{\"@type\":\"ListItem\",\"position\":1,\"name\":\"Home\",\"item\":\"https:\/\/fasada.eu\/de\/\"},{\"@type\":\"ListItem\",\"position\":2,\"name\":\"Produkte\",\"item\":\"https:\/\/fasada.eu\/de\/produkte\/\"},{\"@type\":\"ListItem\",\"position\":3,\"name\":\"TERRASSENT\u00dcREN\",\"item\":\"https:\/\/fasada.eu\/de\/produkte\/terrassentueren\/\"},{\"@type\":\"ListItem\",\"position\":4,\"name\":\"Pergolen\"}]},{\"@type\":\"WebSite\",\"@id\":\"https:\/\/fasada.eu\/en\/#website\",\"url\":\"https:\/\/fasada.eu\/en\/\",\"name\":\"Fasada\",\"description\":\"wizytowka Fasada Windows&amp;Doors\",\"potentialAction\":[{\"@type\":\"SearchAction\",\"target\":{\"@type\":\"EntryPoint\",\"urlTemplate\":\"https:\/\/fasada.eu\/en\/?s={search_term_string}\"},\"query-input\":\"required name=search_term_string\"}],\"inLanguage\":\"de\"}]}<\/script>\n<!-- \/ Yoast SEO plugin. -->","yoast_head_json":{"title":"Pergolen - Fasada","robots":{"index":"index","follow":"follow","max-snippet":"max-snippet:-1","max-image-preview":"max-image-preview:large","max-video-preview":"max-video-preview:-1"},"canonical":"https:\/\/fasada.eu\/de\/produkte\/terrassentueren\/pergole\/","og_locale":"de_DE","og_type":"article","og_title":"Pergolen - Fasada","og_description":"&nbsp;","og_url":"https:\/\/fasada.eu\/de\/produkte\/terrassentueren\/pergole\/","og_site_name":"Fasada","article_modified_time":"2024-07-05T10:51:12+00:00","og_image":[{"width":1920,"height":650,"url":"https:\/\/fasada.eu\/wp-content\/uploads\/2022\/08\/pergola_home_page_0_991.jpg","type":"image\/jpeg"}],"twitter_card":"summary_large_image","twitter_misc":{"Gesch\u00e4tzte Lesezeit":"3\u00a0Minuten"},"schema":{"@context":"https:\/\/schema.org","@graph":[{"@type":"WebPage","@id":"https:\/\/fasada.eu\/de\/produkte\/terrassentueren\/pergole\/","url":"https:\/\/fasada.eu\/de\/produkte\/terrassentueren\/pergole\/","name":"Pergolen - Fasada","isPartOf":{"@id":"https:\/\/fasada.eu\/en\/#website"},"datePublished":"2022-08-12T11:03:55+00:00","dateModified":"2024-07-05T10:51:12+00:00","breadcrumb":{"@id":"https:\/\/fasada.eu\/de\/produkte\/terrassentueren\/pergole\/#breadcrumb"},"inLanguage":"de","potentialAction":[{"@type":"ReadAction","target":["https:\/\/fasada.eu\/de\/produkte\/terrassentueren\/pergole\/"]}]},{"@type":"BreadcrumbList","@id":"https:\/\/fasada.eu\/de\/produkte\/terrassentueren\/pergole\/#breadcrumb","itemListElement":[{"@type":"ListItem","position":1,"name":"Home","item":"https:\/\/fasada.eu\/de\/"},{"@type":"ListItem","position":2,"name":"Produkte","item":"https:\/\/fasada.eu\/de\/produkte\/"},{"@type":"ListItem","position":3,"name":"TERRASSENT\u00dcREN","item":"https:\/\/fasada.eu\/de\/produkte\/terrassentueren\/"},{"@type":"ListItem","position":4,"name":"Pergolen"}]},{"@type":"WebSite","@id":"https:\/\/fasada.eu\/en\/#website","url":"https:\/\/fasada.eu\/en\/","name":"Fasada","description":"wizytowka Fasada Windows&amp;Doors","potentialAction":[{"@type":"SearchAction","target":{"@type":"EntryPoint","urlTemplate":"https:\/\/fasada.eu\/en\/?s={search_term_string}"},"query-input":"required name=search_term_string"}],"inLanguage":"de"}]}},"_links":{"self":[{"href":"https:\/\/fasada.eu\/de\/wp-json\/wp\/v2\/pages\/3339"}],"collection":[{"href":"https:\/\/fasada.eu\/de\/wp-json\/wp\/v2\/pages"}],"about":[{"href":"https:\/\/fasada.eu\/de\/wp-json\/wp\/v2\/types\/page"}],"author":[{"embeddable":true,"href":"https:\/\/fasada.eu\/de\/wp-json\/wp\/v2\/users\/1"}],"replies":[{"embeddable":true,"href":"https:\/\/fasada.eu\/de\/wp-json\/wp\/v2\/comments?post=3339"}],"version-history":[{"count":8,"href":"https:\/\/fasada.eu\/de\/wp-json\/wp\/v2\/pages\/3339\/revisions"}],"predecessor-version":[{"id":4003,"href":"https:\/\/fasada.eu\/de\/wp-json\/wp\/v2\/pages\/3339\/revisions\/4003"}],"up":[{"embeddable":true,"href":"https:\/\/fasada.eu\/de\/wp-json\/wp\/v2\/pages\/1886"}],"wp:featuredmedia":[{"embeddable":true,"href":"https:\/\/fasada.eu\/de\/wp-json\/wp\/v2\/media\/3284"}],"wp:attachment":[{"href":"https:\/\/fasada.eu\/de\/wp-json\/wp\/v2\/media?parent=3339"}],"curies":[{"name":"wp","href":"https:\/\/api.w.org\/{rel}","templated":true}]}}