{"id":3030,"date":"2021-07-13T08:38:15","date_gmt":"2021-07-13T06:38:15","guid":{"rendered":"https:\/\/fasada.eu\/produkte\/terrassentueren\/hs-gealan-smoovio\/"},"modified":"2025-03-10T08:27:58","modified_gmt":"2025-03-10T07:27:58","slug":"schiebetueren-der-neuen-generation-smoovio-inowa","status":"publish","type":"page","link":"https:\/\/fasada.eu\/de\/produkte\/terrassentueren\/schiebetueren-der-neuen-generation-smoovio-inowa\/","title":{"rendered":"Schiebet\u00fcren der neuen Generation (Comfort Slide Inowa)"},"content":{"rendered":"<div class='big_image_wrapper ' style='background-image: url(https:\/\/fasada.eu\/wp-content\/uploads\/2021\/07\/al_084-20_631.jpg);'><div><div class='title'>Lebensqualit\u00e4t ohne kompromisse<br \/>\n<\/div><div class='content'>PVC <a href=\"https:\/\/www.gealan.de\/de\/systeme\/gealan-smoovio\/\">GEALAN-SMOOVIO<\/a> und <a href=\"https:\/\/window.rehau.com\/de-de\/fenster-tueren\/rehau-fenster\/synego-slide\">REHAU-SLIDE<\/a> system kombiniert erstmalig den platzsparenden Komfort von Schiebel\u00f6sungen mit au\u00dfergew\u00f6hnlicher Dichtheit mit <a href=\"https:\/\/ftt.roto-frank.com\/de-de\/produkte\/details\/roto-patio-inowa\/\">ROTO Patio-Inowa<\/a> Beschl\u00e4ge. <\/div><\/div><\/div>\n<div class=\"content_wrapper_shortcode animate_div type2\"><div>\n<div class=\"p50_shortcode \" style=\"max-width:100%;\"><div><div>\n<h2>Lebensr\u00e4ume gewinnen<\/h2>\n<p>Bei bisherigen Schiebefenstern wurde der Komfortvorteil oft mit einer geringen Dichtheit erkauft. Dank ausgefeilter Verschlussmechanik geh\u00f6rt das beim neuen <a href=\"https:\/\/www.gealan.de\/de\/systeme\/gealan-smoovio\/\">GEALAN-SMOOVIO<\/a> und <a href=\"https:\/\/window.rehau.com\/de-de\/fenster-tueren\/rehau-fenster\/synego-slide\">REHAU-SLIDE<\/a>-Schiebesystem der Vergangenheit an. Schiebeelemente bringen ein deutliches Plus an Wohnraum. Bei ihnen entf\u00e4llt der Schwenkbereich von Fenster- und T\u00fcrfl\u00fcgeln. So kann der Wohnraum auch direkt vor dem Fenster genutzt werden.<\/p>\n<p>&nbsp;<\/p>\n<h3 style=\"margin-bottom: 2rem;\">Funktionalit\u00e4t und \u00c4sthetik<\/h3>\n<ul>\n<li>M\u00fcheloses Gleiten<\/li>\n<li>Platzsparendes Raumwunder<\/li>\n<li>Hohe Schutz gegen Wind und Regen &#8211; wasserdicht 9A &#8211; 600Pa (IFT)<\/li>\n<li>Schlagregendicht<\/li>\n<li>Hohe W\u00e4rmed\u00e4mmung W\u00e4rmedurchgangskoeffizient des Rahmens Uf &gt;= 1,3 W\/m2K (IFT)<\/li>\n<li>Optimaler Schallschutz &#8211; bis 43dB (IFT)<\/li>\n<li>max. Abmessungen: 4000 x 2520 mm (A) und 5000 x 2520 mm (C)<\/li>\n<li>Elegantes, zur\u00fcckgenommenes Design<\/li>\n<li>Durch zahlreiche Dekorfolien f\u00fcgen sich Schiebefenster und -T\u00fcren geschmackvoll in die Fassade ein.<\/li>\n<\/ul>\n<\/div><\/div><div><div>\n<div class=\"big_main_img\"><img decoding=\"async\" loading=\"lazy\" class=\"attachment-big_main_img size-big_main_img wp-post-image\" src=\"https:\/\/fasada.eu\/wp-content\/uploads\/2023\/01\/fasada_okna_smoovio_pcv_01_186-600x600.jpg\" alt=\"\" width=\"600\" height=\"600\" \/><\/div>\n<\/div><\/div><\/div>\n<\/div><\/div>\n<div class=\"content_wrapper_shortcode animate_div \"><div>\n<h2 class=\"big\" style=\"text-align: center;\">BEISPIELE<\/h2>\n<h2><\/h2>\n<div id=\"gallery-custom_grid-1\" class=\"gallery-custom-inline-30   galleryid-3030\"><div class=\"gallery-row\"><div class=\"gallery-thumbnail size-gallery_box_30\"><a href=\"https:\/\/fasada.eu\/wp-content\/uploads\/2021\/07\/gealan_2_19_1_587.jpg\" target=\"_blank\" data-gallery=\"gallery-custom_grid-1\" title=\"fot. Gealan\"><img src=\"https:\/\/fasada.eu\/wp-content\/uploads\/2021\/07\/gealan_2_19_1_587-425x425.jpg\" alt=\"gealan_2_19_1\" \/><\/a><\/div><div class=\"gal_desc\"><span>fot. Gealan<\/span><\/div><\/div><div class=\"gallery-row\"><div class=\"gallery-thumbnail size-gallery_box_30\"><a href=\"https:\/\/fasada.eu\/wp-content\/uploads\/2021\/07\/gealan_2_19_2_275.jpg\" target=\"_blank\" data-gallery=\"gallery-custom_grid-1\" title=\"fot. Gealan\"><img src=\"https:\/\/fasada.eu\/wp-content\/uploads\/2021\/07\/gealan_2_19_2_275-425x425.jpg\" alt=\"gealan_2_19_2\" \/><\/a><\/div><div class=\"gal_desc\"><span>fot. Gealan<\/span><\/div><\/div><div class=\"gallery-row\"><div class=\"gallery-thumbnail size-gallery_box_30\"><a href=\"https:\/\/fasada.eu\/wp-content\/uploads\/2021\/07\/gealan_smoovio_realizacja_produkt-min_955.jpg\" target=\"_blank\" data-gallery=\"gallery-custom_grid-1\" title=\"fot. Gealan\"><img src=\"https:\/\/fasada.eu\/wp-content\/uploads\/2021\/07\/gealan_smoovio_realizacja_produkt-min_955-425x425.jpg\" alt=\"Gealan_smoovio_realizacja_produkt-min\" \/><\/a><\/div><div class=\"gal_desc\"><span>fot. Gealan<\/span><\/div><\/div><div class=\"gallery-row\"><div class=\"gallery-thumbnail size-gallery_box_30\"><a href=\"https:\/\/fasada.eu\/wp-content\/uploads\/2021\/07\/gealan-smoovio-04_156.jpg\" target=\"_blank\" data-gallery=\"gallery-custom_grid-1\" title=\"fot. Gealan\"><img src=\"https:\/\/fasada.eu\/wp-content\/uploads\/2021\/07\/gealan-smoovio-04_156-425x425.jpg\" alt=\"gealan-smoovio-04\" \/><\/a><\/div><div class=\"gal_desc\"><span>fot. Gealan<\/span><\/div><\/div><\/div>\n<\/div><\/div>\n<h2 class=\"big\" style=\"text-align: center;\">SCHAU DAS VIDEO<\/h2>\n<p><center><iframe loading=\"lazy\" title=\"GEALAN-SMOOVIO\u00ae | Das innovative Schiebesystem\" width=\"500\" height=\"281\" src=\"https:\/\/www.youtube.com\/embed\/gmNyUaFaPQA?feature=oembed\" frameborder=\"0\" allow=\"accelerometer; autoplay; clipboard-write; encrypted-media; gyroscope; picture-in-picture; web-share\" referrerpolicy=\"strict-origin-when-cross-origin\" allowfullscreen><\/iframe><\/p>\n<p>&nbsp;<\/p>\n<p><\/center>&nbsp;<\/p>\n<p><center><iframe loading=\"lazy\" title=\"Roto Patio Inowa - innowacyjny system oku\u0107 do bardzo szczelnych drzwi tarasowych\" width=\"500\" height=\"281\" src=\"https:\/\/www.youtube.com\/embed\/qksk38X7uGc?feature=oembed\" frameborder=\"0\" allow=\"accelerometer; autoplay; clipboard-write; encrypted-media; gyroscope; picture-in-picture; web-share\" referrerpolicy=\"strict-origin-when-cross-origin\" allowfullscreen><\/iframe><\/p>\n<p>&nbsp;<\/p>\n<p><\/center>&nbsp;<\/p>\n<p>&nbsp;<\/p>\n<p>&nbsp;<\/p>\n<p>&nbsp;<\/p>\n<p>&nbsp;<\/p>\n<p>&nbsp;<\/p>\n<p>&nbsp;<\/p>\n<p>&nbsp;<\/p>\n<p>&nbsp;<\/p>\n<p>&nbsp;<\/p>\n<p>&nbsp;<\/p>\n<p>&nbsp;<\/p>\n<p>&nbsp;<\/p>\n<p>&nbsp;<\/p>\n<p>&nbsp;<\/p>\n<p>&nbsp;<\/p>\n<p>&nbsp;<\/p>\n<p>&nbsp;<\/p>\n<p>&nbsp;<\/p>\n<div class=\"content_wrapper_shortcode animate_div type2\"><div>\n<h2 class=\"big\" style=\"text-align: center;\">HERUNTERLADEN<\/h2>\n<div class=\"attachments_wrap \"><ul class=\"attachments\">\n<li class=\"attachment application pdf has-download\"><a download href=\"https:\/\/fasada.eu\/wp-content\/uploads\/2021\/07\/gealan-smoovio-4-s-d_4_301.pdf\"><span class=\"attachment_ico\"><\/span><span class=\"title\">Brosch\u00fcre HS GEALAN-SMOOVIO<\/span><span class=\"extension\">3 MB<\/span><span class=\"size\">pdf<\/span><span class=\"download\"><span class=\"button blue\">Download file<\/span><\/span><\/a><\/li>\n<li class=\"attachment application pdf has-download\"><a download href=\"https:\/\/fasada.eu\/wp-content\/uploads\/2021\/07\/bro_201_de_v2-kunststoff_563.pdf\"><span class=\"attachment_ico\"><\/span><span class=\"title\">Brosch\u00fcre ROTO Patio-Inowa (1)<\/span><span class=\"extension\">9 MB<\/span><span class=\"size\">pdf<\/span><span class=\"download\"><span class=\"button blue\">Download file<\/span><\/span><\/a><\/li>\n<li class=\"attachment application pdf has-download\"><a download href=\"https:\/\/fasada.eu\/wp-content\/uploads\/2021\/07\/roto-patio-inowa-bro_292_de_v0_294.pdf\"><span class=\"attachment_ico\"><\/span><span class=\"title\">Brosch\u00fcre ROTO Patio-Inowa (2)<\/span><span class=\"extension\">13 MB<\/span><span class=\"size\">pdf<\/span><span class=\"download\"><span class=\"button blue\">Download file<\/span><\/span><\/a><\/li>\n<li class=\"attachment application pdf has-download\"><a download href=\"https:\/\/fasada.eu\/wp-content\/uploads\/2021\/07\/roto-patio-inowa-bro_310_de_v0_863.pdf\"><span class=\"attachment_ico\"><\/span><span class=\"title\">Brosch\u00fcre ROTO Patio-Inowa (3)<\/span><span class=\"extension\">3 MB<\/span><span class=\"size\">pdf<\/span><span class=\"download\"><span class=\"button blue\">Download file<\/span><\/span><\/a><\/li>\n<li class=\"attachment application pdf has-download\"><a download href=\"https:\/\/fasada.eu\/wp-content\/uploads\/2021\/07\/roto-patio-inowa-_-schiebefenster-in-schulen_954.pdf\"><span class=\"attachment_ico\"><\/span><span class=\"title\">Perfekt f\u00fcr Schiebefenster in Schulen<\/span><span class=\"extension\">2 MB<\/span><span class=\"size\">pdf<\/span><span class=\"download\"><span class=\"button blue\">Download file<\/span><\/span><\/a><\/li>\n<\/ul><\/div>\n<\/div><\/div>\n<p>&nbsp;<\/p>\n<p>&nbsp;<\/p>\n<p>&nbsp;<\/p>\n<p>&nbsp;<\/p>\n<section class=\"include_footer_type type_1\">\n    <h2 class=\"section_title\">Kontaktieren Sie uns<\/h2>\n    <div>\n        <div>\n            <div>\n                <img src=\"https:\/\/fasada.eu\/wp-content\/themes\/wi\/images\/sygnet.png\" style=\"width: 48px; height: 60px;\" alt=\"logo\">\n                <span>WARSZAWA<\/span>\n                Al. Krakowska 173,<br>\n\t\t\t\t<a href=\"tel:+4228685288\">tel.\/fax 22 868 52 88<\/a><br>\n\t\t\t\t<a href=\"mailto:warszawa@fasada.eu\">warszawa@fasada.eu<\/a>\n            <\/div>\n        <\/div>\n        <div>\n            <div>\n                <img src=\"https:\/\/fasada.eu\/wp-content\/themes\/wi\/images\/sygnet.png\" style=\"width: 48px; height: 60px;\" alt=\"logo\">\n                <span>BYDGOSZCZ<\/span>\n                ul. Kaszubska 17E,<br>\n\t\t\t\t<a href=\"tel:+48523224011\">tel.\/fax 52 322 40 11<\/a><br>\n                <a href=\"mailto:bydgoszcz@fasada.eu\">bydgoszcz@fasada.eu<\/a>\n            <\/div>\n        <\/div>\n        <div>\n            <div>\n                <img src=\"https:\/\/fasada.eu\/wp-content\/themes\/wi\/images\/sygnet.png\" style=\"width: 48px; height: 60px;\" alt=\"logo\">\n                <span>S\u0141UPSK<\/span>\n                ul. Ba\u0142tycka 10,<br>\n\t\t\t\t<a href=\"tel:+48598411001\">tel.\/fax 59 841 10 01<\/a><br>\n\t\t\t\t<!--<a href=\"tel:+48597273450\">tel. mob +48 597 273 450<\/a><br> -->\n\t\t\t\t<a href=\"mailto:fasada@fasada.eu\">fasada@fasada.eu<\/a>\n            <\/div>\n        <\/div>\n        <div class=\"flex_div\">\n            <div>\n                <div>\n                    <a class=\"button blue\" href=\"https:\/\/fasada.eu\/de\/kontakt\/\">senden Sie eine Anfrage<\/a>\n                <\/div>\n            <\/div>\n        <\/div>\n    <\/div>\n<\/section>\n","protected":false},"excerpt":{"rendered":"<p>SCHAU DAS VIDEO &nbsp; &nbsp; &nbsp; &nbsp; &nbsp; &nbsp; &nbsp; &nbsp; &nbsp; &nbsp; &nbsp; &nbsp; &nbsp; &nbsp; &nbsp; &nbsp; &nbsp; &nbsp; &nbsp; &nbsp; &nbsp; &nbsp; &nbsp; &nbsp; &nbsp; &nbsp;<\/p>\n","protected":false},"author":1,"featured_media":3016,"parent":1886,"menu_order":0,"comment_status":"closed","ping_status":"closed","template":"page_full.php","meta":{"inline_featured_image":false,"footnotes":""},"yoast_head":"<!-- This site is optimized with the Yoast SEO plugin v21.3 - https:\/\/yoast.com\/wordpress\/plugins\/seo\/ -->\n<title>Schiebet\u00fcren der neuen Generation (Comfort Slide Inowa) - Fasada<\/title>\n<meta name=\"robots\" content=\"index, follow, max-snippet:-1, max-image-preview:large, max-video-preview:-1\" \/>\n<link rel=\"canonical\" href=\"https:\/\/fasada.eu\/de\/produkte\/terrassentueren\/schiebetueren-der-neuen-generation-smoovio-inowa\/\" \/>\n<meta property=\"og:locale\" content=\"de_DE\" \/>\n<meta property=\"og:type\" content=\"article\" \/>\n<meta property=\"og:title\" content=\"Schiebet\u00fcren der neuen Generation (Comfort Slide Inowa) - Fasada\" \/>\n<meta property=\"og:description\" content=\"SCHAU DAS VIDEO &nbsp; &nbsp; &nbsp; &nbsp; &nbsp; &nbsp; &nbsp; &nbsp; &nbsp; &nbsp; &nbsp; &nbsp; &nbsp; &nbsp; &nbsp; &nbsp; &nbsp; &nbsp; &nbsp; &nbsp; &nbsp; &nbsp; &nbsp; &nbsp; &nbsp; &nbsp;\" \/>\n<meta property=\"og:url\" content=\"https:\/\/fasada.eu\/de\/produkte\/terrassentueren\/schiebetueren-der-neuen-generation-smoovio-inowa\/\" \/>\n<meta property=\"og:site_name\" content=\"Fasada\" \/>\n<meta property=\"article:modified_time\" content=\"2025-03-10T07:27:58+00:00\" \/>\n<meta property=\"og:image\" content=\"https:\/\/fasada.eu\/wp-content\/uploads\/2021\/07\/gealan_2_19_1_587.jpg\" \/>\n\t<meta property=\"og:image:width\" content=\"777\" \/>\n\t<meta property=\"og:image:height\" content=\"700\" \/>\n\t<meta property=\"og:image:type\" content=\"image\/jpeg\" \/>\n<meta name=\"twitter:card\" content=\"summary_large_image\" \/>\n<meta name=\"twitter:label1\" content=\"Gesch\u00e4tzte Lesezeit\" \/>\n\t<meta name=\"twitter:data1\" content=\"2\u00a0Minuten\" \/>\n<script type=\"application\/ld+json\" class=\"yoast-schema-graph\">{\"@context\":\"https:\/\/schema.org\",\"@graph\":[{\"@type\":\"WebPage\",\"@id\":\"https:\/\/fasada.eu\/de\/produkte\/terrassentueren\/schiebetueren-der-neuen-generation-smoovio-inowa\/\",\"url\":\"https:\/\/fasada.eu\/de\/produkte\/terrassentueren\/schiebetueren-der-neuen-generation-smoovio-inowa\/\",\"name\":\"Schiebet\u00fcren der neuen Generation (Comfort Slide Inowa) - Fasada\",\"isPartOf\":{\"@id\":\"https:\/\/fasada.eu\/en\/#website\"},\"datePublished\":\"2021-07-13T06:38:15+00:00\",\"dateModified\":\"2025-03-10T07:27:58+00:00\",\"breadcrumb\":{\"@id\":\"https:\/\/fasada.eu\/de\/produkte\/terrassentueren\/schiebetueren-der-neuen-generation-smoovio-inowa\/#breadcrumb\"},\"inLanguage\":\"de\",\"potentialAction\":[{\"@type\":\"ReadAction\",\"target\":[\"https:\/\/fasada.eu\/de\/produkte\/terrassentueren\/schiebetueren-der-neuen-generation-smoovio-inowa\/\"]}]},{\"@type\":\"BreadcrumbList\",\"@id\":\"https:\/\/fasada.eu\/de\/produkte\/terrassentueren\/schiebetueren-der-neuen-generation-smoovio-inowa\/#breadcrumb\",\"itemListElement\":[{\"@type\":\"ListItem\",\"position\":1,\"name\":\"Home\",\"item\":\"https:\/\/fasada.eu\/de\/\"},{\"@type\":\"ListItem\",\"position\":2,\"name\":\"Produkte\",\"item\":\"https:\/\/fasada.eu\/de\/produkte\/\"},{\"@type\":\"ListItem\",\"position\":3,\"name\":\"TERRASSENT\u00dcREN\",\"item\":\"https:\/\/fasada.eu\/de\/produkte\/terrassentueren\/\"},{\"@type\":\"ListItem\",\"position\":4,\"name\":\"Schiebet\u00fcren der neuen Generation (Comfort Slide Inowa)\"}]},{\"@type\":\"WebSite\",\"@id\":\"https:\/\/fasada.eu\/en\/#website\",\"url\":\"https:\/\/fasada.eu\/en\/\",\"name\":\"Fasada\",\"description\":\"wizytowka Fasada Windows&amp;Doors\",\"potentialAction\":[{\"@type\":\"SearchAction\",\"target\":{\"@type\":\"EntryPoint\",\"urlTemplate\":\"https:\/\/fasada.eu\/en\/?s={search_term_string}\"},\"query-input\":\"required name=search_term_string\"}],\"inLanguage\":\"de\"}]}<\/script>\n<!-- \/ Yoast SEO plugin. -->","yoast_head_json":{"title":"Schiebet\u00fcren der neuen Generation (Comfort Slide Inowa) - Fasada","robots":{"index":"index","follow":"follow","max-snippet":"max-snippet:-1","max-image-preview":"max-image-preview:large","max-video-preview":"max-video-preview:-1"},"canonical":"https:\/\/fasada.eu\/de\/produkte\/terrassentueren\/schiebetueren-der-neuen-generation-smoovio-inowa\/","og_locale":"de_DE","og_type":"article","og_title":"Schiebet\u00fcren der neuen Generation (Comfort Slide Inowa) - Fasada","og_description":"SCHAU DAS VIDEO &nbsp; &nbsp; &nbsp; &nbsp; &nbsp; &nbsp; &nbsp; &nbsp; &nbsp; &nbsp; &nbsp; &nbsp; &nbsp; &nbsp; &nbsp; &nbsp; &nbsp; &nbsp; &nbsp; &nbsp; &nbsp; &nbsp; &nbsp; &nbsp; &nbsp; &nbsp;","og_url":"https:\/\/fasada.eu\/de\/produkte\/terrassentueren\/schiebetueren-der-neuen-generation-smoovio-inowa\/","og_site_name":"Fasada","article_modified_time":"2025-03-10T07:27:58+00:00","og_image":[{"width":777,"height":700,"url":"https:\/\/fasada.eu\/wp-content\/uploads\/2021\/07\/gealan_2_19_1_587.jpg","type":"image\/jpeg"}],"twitter_card":"summary_large_image","twitter_misc":{"Gesch\u00e4tzte Lesezeit":"2\u00a0Minuten"},"schema":{"@context":"https:\/\/schema.org","@graph":[{"@type":"WebPage","@id":"https:\/\/fasada.eu\/de\/produkte\/terrassentueren\/schiebetueren-der-neuen-generation-smoovio-inowa\/","url":"https:\/\/fasada.eu\/de\/produkte\/terrassentueren\/schiebetueren-der-neuen-generation-smoovio-inowa\/","name":"Schiebet\u00fcren der neuen Generation (Comfort Slide Inowa) - Fasada","isPartOf":{"@id":"https:\/\/fasada.eu\/en\/#website"},"datePublished":"2021-07-13T06:38:15+00:00","dateModified":"2025-03-10T07:27:58+00:00","breadcrumb":{"@id":"https:\/\/fasada.eu\/de\/produkte\/terrassentueren\/schiebetueren-der-neuen-generation-smoovio-inowa\/#breadcrumb"},"inLanguage":"de","potentialAction":[{"@type":"ReadAction","target":["https:\/\/fasada.eu\/de\/produkte\/terrassentueren\/schiebetueren-der-neuen-generation-smoovio-inowa\/"]}]},{"@type":"BreadcrumbList","@id":"https:\/\/fasada.eu\/de\/produkte\/terrassentueren\/schiebetueren-der-neuen-generation-smoovio-inowa\/#breadcrumb","itemListElement":[{"@type":"ListItem","position":1,"name":"Home","item":"https:\/\/fasada.eu\/de\/"},{"@type":"ListItem","position":2,"name":"Produkte","item":"https:\/\/fasada.eu\/de\/produkte\/"},{"@type":"ListItem","position":3,"name":"TERRASSENT\u00dcREN","item":"https:\/\/fasada.eu\/de\/produkte\/terrassentueren\/"},{"@type":"ListItem","position":4,"name":"Schiebet\u00fcren der neuen Generation (Comfort Slide Inowa)"}]},{"@type":"WebSite","@id":"https:\/\/fasada.eu\/en\/#website","url":"https:\/\/fasada.eu\/en\/","name":"Fasada","description":"wizytowka Fasada Windows&amp;Doors","potentialAction":[{"@type":"SearchAction","target":{"@type":"EntryPoint","urlTemplate":"https:\/\/fasada.eu\/en\/?s={search_term_string}"},"query-input":"required name=search_term_string"}],"inLanguage":"de"}]}},"_links":{"self":[{"href":"https:\/\/fasada.eu\/de\/wp-json\/wp\/v2\/pages\/3030"}],"collection":[{"href":"https:\/\/fasada.eu\/de\/wp-json\/wp\/v2\/pages"}],"about":[{"href":"https:\/\/fasada.eu\/de\/wp-json\/wp\/v2\/types\/page"}],"author":[{"embeddable":true,"href":"https:\/\/fasada.eu\/de\/wp-json\/wp\/v2\/users\/1"}],"replies":[{"embeddable":true,"href":"https:\/\/fasada.eu\/de\/wp-json\/wp\/v2\/comments?post=3030"}],"version-history":[{"count":16,"href":"https:\/\/fasada.eu\/de\/wp-json\/wp\/v2\/pages\/3030\/revisions"}],"predecessor-version":[{"id":7621,"href":"https:\/\/fasada.eu\/de\/wp-json\/wp\/v2\/pages\/3030\/revisions\/7621"}],"up":[{"embeddable":true,"href":"https:\/\/fasada.eu\/de\/wp-json\/wp\/v2\/pages\/1886"}],"wp:featuredmedia":[{"embeddable":true,"href":"https:\/\/fasada.eu\/de\/wp-json\/wp\/v2\/media\/3016"}],"wp:attachment":[{"href":"https:\/\/fasada.eu\/de\/wp-json\/wp\/v2\/media?parent=3030"}],"curies":[{"name":"wp","href":"https:\/\/api.w.org\/{rel}","templated":true}]}}