{"id":2955,"date":"2021-06-29T13:48:45","date_gmt":"2021-06-29T11:48:45","guid":{"rendered":"https:\/\/fasada.eu\/produkte\/rollaeden\/screen-zip-external-roller-shutter\/"},"modified":"2021-06-29T13:58:57","modified_gmt":"2021-06-29T11:58:57","slug":"aussenrolllaeden-screen-zip","status":"publish","type":"page","link":"https:\/\/fasada.eu\/de\/produkte\/rollaeden\/aussenrolllaeden-screen-zip\/","title":{"rendered":"Au\u00dfenrolll\u00e4den SCREEN ZIP"},"content":{"rendered":"<div class=\"p50_shortcode \" style=\"max-width:100%;\"><div><div>\n<h2>Funktionalit\u00e4t<\/h2>\n<p>Vorbaurolll\u00e4den Screen sind ein modernes Sichtschutzprodukt, das \u00e4hnlich wie klassische Vorbaurolll\u00e4den oder Au\u00dfenjalousien an der Au\u00dfenseite des Fensters montiert wird. Die Screen-Rolll\u00e4den werden vor allem als Schutz und eine Barriere gegen \u00fcberm\u00e4\u00dfige Sonneneinstrahlung, sowie gegen die Aufheizung von Fenstern und Innenr\u00e4umen eingesetzt. Der Einsatz von Screen-Rolll\u00e4den erm\u00f6glicht es, die Sonnenenergie bis zu 95 % zu reflektieren und damit an k\u00fcnstlicher Beleuchtung und Kosten f\u00fcr die K\u00fchlung des Geb\u00e4udes (bis zu 58 %) zu sparen. Bei dieser Art von Sonnenschutzsystemen wird ein ZIP-Rei\u00dfverschluss verwendet, der eine perfekte Spannung des textilen Behangs garantiert \u2013 dadurch ist der Rollladen sehr stabil und windbest\u00e4ndig und sch\u00fctzt vor Insekten im geschlossenen Zustand.<\/p>\n<\/div><\/div><div><div>\n<h2>Warum empfehlenswert?<\/h2>\n<ul>\n<li>Sonnenschutzeigenschaften<\/li>\n<li>Reduziert Klimatisierungs- und Heizkosten<\/li>\n<li>Moderne Optik<\/li>\n<li>Schutz vor Insekten<\/li>\n<li>Schutz gegen starken Wind<\/li>\n<li>Zum Unterputzeinbau des Kastens und der F\u00fchrungsschienen geeignet<\/li>\n<li>Gro\u00dfe Abmessungen mit kleinem Kasten m\u00f6glich<\/li>\n<\/ul>\n<\/div><\/div><\/div>\n<p>&nbsp;<\/p>\n<p>&nbsp;<\/p>\n<p>&nbsp;<\/p>\n<p>&nbsp;<\/p>\n<h2 class=\"big\" style=\"text-align: center;\">BEISPIELE<\/h2>\n<div id=\"gallery-custom_grid-1\" class=\"gallery-custom-inline-25 galleryid-2955\"><div class=\"gallery-row\"><div class=\"gallery-thumbnail size-gallery_box_25\"><a href=\"https:\/\/fasada.eu\/wp-content\/uploads\/2021\/06\/1_127.jpg\" target=\"_blank\" data-gallery=\"gallery-custom_grid-1\" title=\"\"><img src=\"https:\/\/fasada.eu\/wp-content\/uploads\/2021\/06\/1_127-320x320.jpg\" alt=\"1\" \/><\/a><\/div><\/div><div class=\"gallery-row\"><div class=\"gallery-thumbnail size-gallery_box_25\"><a href=\"https:\/\/fasada.eu\/wp-content\/uploads\/2021\/06\/2_805.jpg\" target=\"_blank\" data-gallery=\"gallery-custom_grid-1\" title=\"\"><img src=\"https:\/\/fasada.eu\/wp-content\/uploads\/2021\/06\/2_805-320x320.jpg\" alt=\"Modern house with pool\" \/><\/a><\/div><\/div><div class=\"gallery-row\"><div class=\"gallery-thumbnail size-gallery_box_25\"><a href=\"https:\/\/fasada.eu\/wp-content\/uploads\/2021\/06\/3_952.jpg\" target=\"_blank\" data-gallery=\"gallery-custom_grid-1\" title=\"\"><img src=\"https:\/\/fasada.eu\/wp-content\/uploads\/2021\/06\/3_952-320x320.jpg\" alt=\"3\" \/><\/a><\/div><\/div><div class=\"gallery-row\"><div class=\"gallery-thumbnail size-gallery_box_25\"><a href=\"https:\/\/fasada.eu\/wp-content\/uploads\/2021\/06\/4_569.jpg\" target=\"_blank\" data-gallery=\"gallery-custom_grid-1\" title=\"\"><img src=\"https:\/\/fasada.eu\/wp-content\/uploads\/2021\/06\/4_569-320x320.jpg\" alt=\"4\" \/><\/a><\/div><\/div><div class=\"gallery-row\"><div class=\"gallery-thumbnail size-gallery_box_25\"><a href=\"https:\/\/fasada.eu\/wp-content\/uploads\/2021\/06\/5_603.jpg\" target=\"_blank\" data-gallery=\"gallery-custom_grid-1\" title=\"\"><img src=\"https:\/\/fasada.eu\/wp-content\/uploads\/2021\/06\/5_603-320x320.jpg\" alt=\"Beautiful interior of a modern villa, view from veranda\" \/><\/a><\/div><\/div><div class=\"gallery-row\"><div class=\"gallery-thumbnail size-gallery_box_25\"><a href=\"https:\/\/fasada.eu\/wp-content\/uploads\/2021\/06\/6_887.jpg\" target=\"_blank\" data-gallery=\"gallery-custom_grid-1\" title=\"\"><img src=\"https:\/\/fasada.eu\/wp-content\/uploads\/2021\/06\/6_887-320x320.jpg\" alt=\"6\" \/><\/a><\/div><\/div><\/div>\n<p>&nbsp;<\/p>\n<p>&nbsp;<\/p>\n<p>&nbsp;<\/p>\n<p>&nbsp;<\/p>\n<h2 class=\"big\" style=\"text-align: center;\">DOWNLOAD<\/h2>\n<p>&nbsp;<\/p>\n<div class=\"attachments_wrap \"><ul class=\"attachments\">\n<li class=\"attachment application pdf has-download\"><a download href=\"https:\/\/fasada.eu\/wp-content\/uploads\/2021\/06\/katalog-rolet-zewne%cc%a8trznych-screen_113.pdf\"><span class=\"attachment_ico\"><\/span><span class=\"title\">Katalog Au\u00dfenrolll\u00e4den Screen<\/span><span class=\"extension\">10 MB<\/span><span class=\"size\">pdf<\/span><span class=\"download\"><span class=\"button blue\">Download file<\/span><\/span><\/a><\/li>\n<\/ul><\/div>\n","protected":false},"excerpt":{"rendered":"<p>Funktionalit\u00e4t Vorbaurolll\u00e4den Screen sind ein modernes Sichtschutzprodukt, das \u00e4hnlich wie klassische Vorbaurolll\u00e4den oder Au\u00dfenjalousien an der Au\u00dfenseite des Fensters montiert wird. Die Screen-Rolll\u00e4den werden vor allem als Schutz und eine Barriere gegen \u00fcberm\u00e4\u00dfige Sonneneinstrahlung, sowie gegen die Aufheizung von Fenstern und Innenr\u00e4umen eingesetzt. Der Einsatz von Screen-Rolll\u00e4den erm\u00f6glicht es, die Sonnenenergie bis zu 95 %&#8230;<\/p>\n","protected":false},"author":1,"featured_media":0,"parent":1895,"menu_order":0,"comment_status":"closed","ping_status":"closed","template":"","meta":{"inline_featured_image":false,"footnotes":""},"yoast_head":"<!-- This site is optimized with the Yoast SEO plugin v21.3 - https:\/\/yoast.com\/wordpress\/plugins\/seo\/ -->\n<title>Au\u00dfenrolll\u00e4den SCREEN ZIP - Fasada<\/title>\n<meta name=\"robots\" content=\"index, follow, max-snippet:-1, max-image-preview:large, max-video-preview:-1\" \/>\n<link rel=\"canonical\" href=\"https:\/\/fasada.eu\/de\/produkte\/rollaeden\/aussenrolllaeden-screen-zip\/\" \/>\n<meta property=\"og:locale\" content=\"de_DE\" \/>\n<meta property=\"og:type\" content=\"article\" \/>\n<meta property=\"og:title\" content=\"Au\u00dfenrolll\u00e4den SCREEN ZIP - Fasada\" \/>\n<meta property=\"og:description\" content=\"Funktionalit\u00e4t Vorbaurolll\u00e4den Screen sind ein modernes Sichtschutzprodukt, das \u00e4hnlich wie klassische Vorbaurolll\u00e4den oder Au\u00dfenjalousien an der Au\u00dfenseite des Fensters montiert wird. Die Screen-Rolll\u00e4den werden vor allem als Schutz und eine Barriere gegen \u00fcberm\u00e4\u00dfige Sonneneinstrahlung, sowie gegen die Aufheizung von Fenstern und Innenr\u00e4umen eingesetzt. Der Einsatz von Screen-Rolll\u00e4den erm\u00f6glicht es, die Sonnenenergie bis zu 95 %...\" \/>\n<meta property=\"og:url\" content=\"https:\/\/fasada.eu\/de\/produkte\/rollaeden\/aussenrolllaeden-screen-zip\/\" \/>\n<meta property=\"og:site_name\" content=\"Fasada\" \/>\n<meta property=\"article:modified_time\" content=\"2021-06-29T11:58:57+00:00\" \/>\n<meta property=\"og:image\" content=\"https:\/\/fasada.eu\/wp-content\/uploads\/2021\/06\/1_127-320x320.jpg\" \/>\n<meta name=\"twitter:card\" content=\"summary_large_image\" \/>\n<meta name=\"twitter:label1\" content=\"Gesch\u00e4tzte Lesezeit\" \/>\n\t<meta name=\"twitter:data1\" content=\"1\u00a0Minute\" \/>\n<script type=\"application\/ld+json\" class=\"yoast-schema-graph\">{\"@context\":\"https:\/\/schema.org\",\"@graph\":[{\"@type\":\"WebPage\",\"@id\":\"https:\/\/fasada.eu\/de\/produkte\/rollaeden\/aussenrolllaeden-screen-zip\/\",\"url\":\"https:\/\/fasada.eu\/de\/produkte\/rollaeden\/aussenrolllaeden-screen-zip\/\",\"name\":\"Au\u00dfenrolll\u00e4den SCREEN ZIP - Fasada\",\"isPartOf\":{\"@id\":\"https:\/\/fasada.eu\/en\/#website\"},\"datePublished\":\"2021-06-29T11:48:45+00:00\",\"dateModified\":\"2021-06-29T11:58:57+00:00\",\"breadcrumb\":{\"@id\":\"https:\/\/fasada.eu\/de\/produkte\/rollaeden\/aussenrolllaeden-screen-zip\/#breadcrumb\"},\"inLanguage\":\"de\",\"potentialAction\":[{\"@type\":\"ReadAction\",\"target\":[\"https:\/\/fasada.eu\/de\/produkte\/rollaeden\/aussenrolllaeden-screen-zip\/\"]}]},{\"@type\":\"BreadcrumbList\",\"@id\":\"https:\/\/fasada.eu\/de\/produkte\/rollaeden\/aussenrolllaeden-screen-zip\/#breadcrumb\",\"itemListElement\":[{\"@type\":\"ListItem\",\"position\":1,\"name\":\"Home\",\"item\":\"https:\/\/fasada.eu\/de\/\"},{\"@type\":\"ListItem\",\"position\":2,\"name\":\"Produkte\",\"item\":\"https:\/\/fasada.eu\/de\/produkte\/\"},{\"@type\":\"ListItem\",\"position\":3,\"name\":\"ROLL\u00c4DEN\",\"item\":\"https:\/\/fasada.eu\/de\/produkte\/rollaeden\/\"},{\"@type\":\"ListItem\",\"position\":4,\"name\":\"Au\u00dfenrolll\u00e4den SCREEN ZIP\"}]},{\"@type\":\"WebSite\",\"@id\":\"https:\/\/fasada.eu\/en\/#website\",\"url\":\"https:\/\/fasada.eu\/en\/\",\"name\":\"Fasada\",\"description\":\"wizytowka Fasada Windows&amp;Doors\",\"potentialAction\":[{\"@type\":\"SearchAction\",\"target\":{\"@type\":\"EntryPoint\",\"urlTemplate\":\"https:\/\/fasada.eu\/en\/?s={search_term_string}\"},\"query-input\":\"required name=search_term_string\"}],\"inLanguage\":\"de\"}]}<\/script>\n<!-- \/ Yoast SEO plugin. -->","yoast_head_json":{"title":"Au\u00dfenrolll\u00e4den SCREEN ZIP - Fasada","robots":{"index":"index","follow":"follow","max-snippet":"max-snippet:-1","max-image-preview":"max-image-preview:large","max-video-preview":"max-video-preview:-1"},"canonical":"https:\/\/fasada.eu\/de\/produkte\/rollaeden\/aussenrolllaeden-screen-zip\/","og_locale":"de_DE","og_type":"article","og_title":"Au\u00dfenrolll\u00e4den SCREEN ZIP - Fasada","og_description":"Funktionalit\u00e4t Vorbaurolll\u00e4den Screen sind ein modernes Sichtschutzprodukt, das \u00e4hnlich wie klassische Vorbaurolll\u00e4den oder Au\u00dfenjalousien an der Au\u00dfenseite des Fensters montiert wird. Die Screen-Rolll\u00e4den werden vor allem als Schutz und eine Barriere gegen \u00fcberm\u00e4\u00dfige Sonneneinstrahlung, sowie gegen die Aufheizung von Fenstern und Innenr\u00e4umen eingesetzt. Der Einsatz von Screen-Rolll\u00e4den erm\u00f6glicht es, die Sonnenenergie bis zu 95 %...","og_url":"https:\/\/fasada.eu\/de\/produkte\/rollaeden\/aussenrolllaeden-screen-zip\/","og_site_name":"Fasada","article_modified_time":"2021-06-29T11:58:57+00:00","og_image":[{"url":"https:\/\/fasada.eu\/wp-content\/uploads\/2021\/06\/1_127-320x320.jpg"}],"twitter_card":"summary_large_image","twitter_misc":{"Gesch\u00e4tzte Lesezeit":"1\u00a0Minute"},"schema":{"@context":"https:\/\/schema.org","@graph":[{"@type":"WebPage","@id":"https:\/\/fasada.eu\/de\/produkte\/rollaeden\/aussenrolllaeden-screen-zip\/","url":"https:\/\/fasada.eu\/de\/produkte\/rollaeden\/aussenrolllaeden-screen-zip\/","name":"Au\u00dfenrolll\u00e4den SCREEN ZIP - Fasada","isPartOf":{"@id":"https:\/\/fasada.eu\/en\/#website"},"datePublished":"2021-06-29T11:48:45+00:00","dateModified":"2021-06-29T11:58:57+00:00","breadcrumb":{"@id":"https:\/\/fasada.eu\/de\/produkte\/rollaeden\/aussenrolllaeden-screen-zip\/#breadcrumb"},"inLanguage":"de","potentialAction":[{"@type":"ReadAction","target":["https:\/\/fasada.eu\/de\/produkte\/rollaeden\/aussenrolllaeden-screen-zip\/"]}]},{"@type":"BreadcrumbList","@id":"https:\/\/fasada.eu\/de\/produkte\/rollaeden\/aussenrolllaeden-screen-zip\/#breadcrumb","itemListElement":[{"@type":"ListItem","position":1,"name":"Home","item":"https:\/\/fasada.eu\/de\/"},{"@type":"ListItem","position":2,"name":"Produkte","item":"https:\/\/fasada.eu\/de\/produkte\/"},{"@type":"ListItem","position":3,"name":"ROLL\u00c4DEN","item":"https:\/\/fasada.eu\/de\/produkte\/rollaeden\/"},{"@type":"ListItem","position":4,"name":"Au\u00dfenrolll\u00e4den SCREEN ZIP"}]},{"@type":"WebSite","@id":"https:\/\/fasada.eu\/en\/#website","url":"https:\/\/fasada.eu\/en\/","name":"Fasada","description":"wizytowka Fasada Windows&amp;Doors","potentialAction":[{"@type":"SearchAction","target":{"@type":"EntryPoint","urlTemplate":"https:\/\/fasada.eu\/en\/?s={search_term_string}"},"query-input":"required name=search_term_string"}],"inLanguage":"de"}]}},"_links":{"self":[{"href":"https:\/\/fasada.eu\/de\/wp-json\/wp\/v2\/pages\/2955"}],"collection":[{"href":"https:\/\/fasada.eu\/de\/wp-json\/wp\/v2\/pages"}],"about":[{"href":"https:\/\/fasada.eu\/de\/wp-json\/wp\/v2\/types\/page"}],"author":[{"embeddable":true,"href":"https:\/\/fasada.eu\/de\/wp-json\/wp\/v2\/users\/1"}],"replies":[{"embeddable":true,"href":"https:\/\/fasada.eu\/de\/wp-json\/wp\/v2\/comments?post=2955"}],"version-history":[{"count":2,"href":"https:\/\/fasada.eu\/de\/wp-json\/wp\/v2\/pages\/2955\/revisions"}],"predecessor-version":[{"id":2958,"href":"https:\/\/fasada.eu\/de\/wp-json\/wp\/v2\/pages\/2955\/revisions\/2958"}],"up":[{"embeddable":true,"href":"https:\/\/fasada.eu\/de\/wp-json\/wp\/v2\/pages\/1895"}],"wp:attachment":[{"href":"https:\/\/fasada.eu\/de\/wp-json\/wp\/v2\/media?parent=2955"}],"curies":[{"name":"wp","href":"https:\/\/api.w.org\/{rel}","templated":true}]}}