{"id":2825,"date":"2021-01-11T13:38:33","date_gmt":"2021-01-11T12:38:33","guid":{"rendered":"https:\/\/fasada.eu\/mosikitonetz\/centor-s4\/"},"modified":"2021-01-11T14:03:36","modified_gmt":"2021-01-11T13:03:36","slug":"centor-s4","status":"publish","type":"page","link":"https:\/\/fasada.eu\/de\/mosikitonetz\/centor-s4\/","title":{"rendered":"CENTOR S4"},"content":{"rendered":"<div class=\"content_wrapper_shortcode animate_div type2\"><div>\n<div class=\"p50_shortcode \" style=\"max-width:100%;\"><div><div>\n<h2>FUNKTIONALIT\u00c4T<\/h2>\n<p>Der Insekten- und Sonnenschutz ist an allen Seiten vollst\u00e4ndig im Rahmen befestigt f\u00fcr volle Kontrolle \u00fcber Insekten, Sonnenlicht und Privatsph\u00e4re. Die einzigartige Lastausgleichstechnologie von Centor erm\u00f6glicht es, dass der Insekten- und Sonnenschutz sanft \u00fcber die gesamte T\u00fcr\u00f6ffnung gleitet und m\u00fchelos an jeder gew\u00fcnschten Position anh\u00e4lt. Bei Nichtgebrauch l\u00e4sst sich der Insekten- und Sonnenschutz unauff\u00e4llig im Rahmen verstecken, so dass die Sicht nach drau\u00dfen ungest\u00f6rt bleibt und die Stoffe gleichzeitig vor Besch\u00e4digung, Staub und Schmutz gesch\u00fctzt sind. Dies ist f\u00fcr ein saisonal genutztes Produkt besonders wichtig.<\/p>\n<\/div><\/div><div><div>\n<h2>WARUM LOHNT ES SICH?<\/h2>\n<ul>\n<li>F\u00fcr neue oder bestehende T\u00fcren und Fenster geeignet.<\/li>\n<li>L\u00e4sst sich aus jeder H\u00f6he mit nur einer Hand bedienen, so dass auch die j\u00fcngsten Familienmitglieder den Insektenschutz bedienen k\u00f6nnen.<\/li>\n<li>Die luxuri\u00f6sen Sonnenschutzstoffe sind lichtfilternd oder verdunkelnd in einer Auswahl an modernen Mustern und einer Vielzahl an Farben erh\u00e4ltlich \u2013 passend f\u00fcr jedes Zuhause.<\/li>\n<li>Der strapazierf\u00e4hige Aluminiumrahmen kann vollst\u00e4ndig personalisiert in jeder Farbe lackiert werden.<\/li>\n<li>Kann innen oder au\u00dfen montiert werden \u2013 bei extern installierten Systemen werden in der Schwelle Ablaufl\u00f6cher angebracht.<\/li>\n<li>Inkl. 5-Jahres-Garantie.<\/li>\n<\/ul>\n<\/div><\/div><\/div>\n<\/div><\/div>\n<div class=\"content_wrapper_shortcode animate_div \"><div>\n<h2 class=\"big\" style=\"text-align: center;\">BEISPIELE<\/h2>\n<h2><\/h2>\n<div id=\"gallery-custom_grid-1\" class=\"gallery-custom-inline-25  center galleryid-2825\"><div class=\"gallery-row\"><div class=\"gallery-thumbnail size-gallery_box_25\"><a href=\"https:\/\/fasada.eu\/wp-content\/uploads\/2021\/01\/s4-1_130.jpg\" target=\"_blank\" data-gallery=\"gallery-custom_grid-1\" title=\"\"><img src=\"https:\/\/fasada.eu\/wp-content\/uploads\/2021\/01\/s4-1_130-320x320.jpg\" alt=\"S4-1\" \/><\/a><\/div><\/div><div class=\"gallery-row\"><div class=\"gallery-thumbnail size-gallery_box_25\"><a href=\"https:\/\/fasada.eu\/wp-content\/uploads\/2021\/01\/s4-3_682.jpg\" target=\"_blank\" data-gallery=\"gallery-custom_grid-1\" title=\"\"><img src=\"https:\/\/fasada.eu\/wp-content\/uploads\/2021\/01\/s4-3_682-320x280.jpg\" alt=\"S4-3\" \/><\/a><\/div><\/div><div class=\"gallery-row\"><div class=\"gallery-thumbnail size-gallery_box_25\"><a href=\"https:\/\/fasada.eu\/wp-content\/uploads\/2021\/01\/s4-4_574.jpg\" target=\"_blank\" data-gallery=\"gallery-custom_grid-1\" title=\"\"><img src=\"https:\/\/fasada.eu\/wp-content\/uploads\/2021\/01\/s4-4_574.jpg\" alt=\"S4-4\" \/><\/a><\/div><\/div><div class=\"gallery-row\"><div class=\"gallery-thumbnail size-gallery_box_25\"><a href=\"https:\/\/fasada.eu\/wp-content\/uploads\/2021\/01\/s4-5_834.jpg\" target=\"_blank\" data-gallery=\"gallery-custom_grid-1\" title=\"\"><img src=\"https:\/\/fasada.eu\/wp-content\/uploads\/2021\/01\/s4-5_834.jpg\" alt=\"S4-5\" \/><\/a><\/div><\/div><div class=\"gallery-row\"><div class=\"gallery-thumbnail size-gallery_box_25\"><a href=\"https:\/\/fasada.eu\/wp-content\/uploads\/2021\/01\/s4-2_898.jpg\" target=\"_blank\" data-gallery=\"gallery-custom_grid-1\" title=\"\"><img src=\"https:\/\/fasada.eu\/wp-content\/uploads\/2021\/01\/s4-2_898-320x320.jpg\" alt=\"S4-2\" \/><\/a><\/div><\/div><div class=\"gallery-row\"><div class=\"gallery-thumbnail size-gallery_box_25\"><a href=\"https:\/\/fasada.eu\/wp-content\/uploads\/2021\/01\/s4-6_497.jpg\" target=\"_blank\" data-gallery=\"gallery-custom_grid-1\" title=\"\"><img src=\"https:\/\/fasada.eu\/wp-content\/uploads\/2021\/01\/s4-6_497-320x320.jpg\" alt=\"S4-6\" \/><\/a><\/div><\/div><\/div>\n<h2 class=\"big\" style=\"text-align: center;\">DATEIEN ZUM HERUNTERLADEN<\/h2>\n<div class=\"attachments_wrap \"><ul class=\"attachments\">\n<li class=\"attachment application pdf has-download\"><a download href=\"https:\/\/fasada.eu\/wp-content\/uploads\/2021\/01\/de_s4-broschure_291.pdf\"><span class=\"attachment_ico\"><\/span><span class=\"title\">DE_S4 Brosch\u00fcre<\/span><span class=\"extension\">2 MB<\/span><span class=\"size\">pdf<\/span><span class=\"download\"><span class=\"button blue\">Download file<\/span><\/span><\/a><\/li>\n<li class=\"attachment application pdf has-download\"><a download href=\"https:\/\/fasada.eu\/wp-content\/uploads\/2021\/01\/s4-doppelsystem-produktdetail_362.pdf\"><span class=\"attachment_ico\"><\/span><span class=\"title\">S4 - Doppelsystem - Produktdetail<\/span><span class=\"extension\">77 KB<\/span><span class=\"size\">pdf<\/span><span class=\"download\"><span class=\"button blue\">Download file<\/span><\/span><\/a><\/li>\n<li class=\"attachment application pdf has-download\"><a download href=\"https:\/\/fasada.eu\/wp-content\/uploads\/2021\/01\/s4-einfachsystem-produktdetail_498.pdf\"><span class=\"attachment_ico\"><\/span><span class=\"title\">S4 - Einfachsystem - Produktdetail<\/span><span class=\"extension\">74 KB<\/span><span class=\"size\">pdf<\/span><span class=\"download\"><span class=\"button blue\">Download file<\/span><\/span><\/a><\/li>\n<li class=\"attachment application pdf has-download\"><a download href=\"https:\/\/fasada.eu\/wp-content\/uploads\/2021\/01\/s4-installationsanleitung_404.pdf\"><span class=\"attachment_ico\"><\/span><span class=\"title\">S4 - Installationsanleitung<\/span><span class=\"extension\">2 MB<\/span><span class=\"size\">pdf<\/span><span class=\"download\"><span class=\"button blue\">Download file<\/span><\/span><\/a><\/li>\n<li class=\"attachment application pdf has-download\"><a download href=\"https:\/\/fasada.eu\/wp-content\/uploads\/2021\/01\/s4-offene-ecke-produktdetail_401.pdf\"><span class=\"attachment_ico\"><\/span><span class=\"title\">S4 - Offene Ecke - Produktdetail<\/span><span class=\"extension\">68 KB<\/span><span class=\"size\">pdf<\/span><span class=\"download\"><span class=\"button blue\">Download file<\/span><\/span><\/a><\/li>\n<li class=\"attachment application pdf has-download\"><a download href=\"https:\/\/fasada.eu\/wp-content\/uploads\/2021\/01\/s4-rahmengrosen_111.pdf\"><span class=\"attachment_ico\"><\/span><span class=\"title\">S4 - Rahmengr\u00f6\u00dfen<\/span><span class=\"extension\">48 KB<\/span><span class=\"size\">pdf<\/span><span class=\"download\"><span class=\"button blue\">Download file<\/span><\/span><\/a><\/li>\n<\/ul><\/div>\n<\/div><\/div>\n<section class=\"include_footer_type type_1\">\n    <h2 class=\"section_title\">Kontaktieren Sie uns<\/h2>\n    <div>\n        <div>\n            <div>\n                <img src=\"https:\/\/fasada.eu\/wp-content\/themes\/wi\/images\/sygnet.png\" style=\"width: 48px; height: 60px;\" alt=\"logo\">\n                <span>WARSZAWA<\/span>\n                Al. Krakowska 173,<br>\n\t\t\t\t<a href=\"tel:+4228685288\">tel.\/fax 22 868 52 88<\/a><br>\n\t\t\t\t<a href=\"mailto:warszawa@fasada.eu\">warszawa@fasada.eu<\/a>\n            <\/div>\n        <\/div>\n        <div>\n            <div>\n                <img src=\"https:\/\/fasada.eu\/wp-content\/themes\/wi\/images\/sygnet.png\" style=\"width: 48px; height: 60px;\" alt=\"logo\">\n                <span>BYDGOSZCZ<\/span>\n                ul. Kaszubska 17E,<br>\n\t\t\t\t<a href=\"tel:+48523224011\">tel.\/fax 52 322 40 11<\/a><br>\n                <a href=\"mailto:bydgoszcz@fasada.eu\">bydgoszcz@fasada.eu<\/a>\n            <\/div>\n        <\/div>\n        <div>\n            <div>\n                <img src=\"https:\/\/fasada.eu\/wp-content\/themes\/wi\/images\/sygnet.png\" style=\"width: 48px; height: 60px;\" alt=\"logo\">\n                <span>S\u0141UPSK<\/span>\n                ul. Ba\u0142tycka 10,<br>\n\t\t\t\t<a href=\"tel:+48598411001\">tel.\/fax 59 841 10 01<\/a><br>\n\t\t\t\t<!--<a href=\"tel:+48597273450\">tel. mob +48 597 273 450<\/a><br> -->\n\t\t\t\t<a href=\"mailto:fasada@fasada.eu\">fasada@fasada.eu<\/a>\n            <\/div>\n        <\/div>\n        <div class=\"flex_div\">\n            <div>\n                <div>\n                    <a class=\"button blue\" href=\"https:\/\/fasada.eu\/de\/kontakt\/\">senden Sie eine Anfrage<\/a>\n                <\/div>\n            <\/div>\n        <\/div>\n    <\/div>\n<\/section>\n<p>&nbsp;<\/p>\n","protected":false},"excerpt":{"rendered":"<p>&nbsp;<\/p>\n","protected":false},"author":1,"featured_media":2800,"parent":2644,"menu_order":3,"comment_status":"closed","ping_status":"closed","template":"page_full.php","meta":{"inline_featured_image":false,"footnotes":""},"yoast_head":"<!-- This site is optimized with the Yoast SEO plugin v21.3 - https:\/\/yoast.com\/wordpress\/plugins\/seo\/ -->\n<title>CENTOR S4 - Fasada<\/title>\n<meta name=\"robots\" content=\"index, follow, max-snippet:-1, max-image-preview:large, max-video-preview:-1\" \/>\n<link rel=\"canonical\" href=\"https:\/\/fasada.eu\/de\/mosikitonetz\/centor-s4\/\" \/>\n<meta property=\"og:locale\" content=\"de_DE\" \/>\n<meta property=\"og:type\" content=\"article\" \/>\n<meta property=\"og:title\" content=\"CENTOR S4 - Fasada\" \/>\n<meta property=\"og:description\" content=\"&nbsp;\" \/>\n<meta property=\"og:url\" content=\"https:\/\/fasada.eu\/de\/mosikitonetz\/centor-s4\/\" \/>\n<meta property=\"og:site_name\" content=\"Fasada\" \/>\n<meta property=\"article:modified_time\" content=\"2021-01-11T13:03:36+00:00\" \/>\n<meta property=\"og:image\" content=\"https:\/\/fasada.eu\/wp-content\/uploads\/2021\/01\/s4-4_574.jpg\" \/>\n\t<meta property=\"og:image:width\" content=\"261\" \/>\n\t<meta property=\"og:image:height\" content=\"278\" \/>\n\t<meta property=\"og:image:type\" content=\"image\/jpeg\" \/>\n<meta name=\"twitter:card\" content=\"summary_large_image\" \/>\n<meta name=\"twitter:label1\" content=\"Gesch\u00e4tzte Lesezeit\" \/>\n\t<meta name=\"twitter:data1\" content=\"1\u00a0Minute\" \/>\n<script type=\"application\/ld+json\" class=\"yoast-schema-graph\">{\"@context\":\"https:\/\/schema.org\",\"@graph\":[{\"@type\":\"WebPage\",\"@id\":\"https:\/\/fasada.eu\/de\/mosikitonetz\/centor-s4\/\",\"url\":\"https:\/\/fasada.eu\/de\/mosikitonetz\/centor-s4\/\",\"name\":\"CENTOR S4 - Fasada\",\"isPartOf\":{\"@id\":\"https:\/\/fasada.eu\/en\/#website\"},\"datePublished\":\"2021-01-11T12:38:33+00:00\",\"dateModified\":\"2021-01-11T13:03:36+00:00\",\"breadcrumb\":{\"@id\":\"https:\/\/fasada.eu\/de\/mosikitonetz\/centor-s4\/#breadcrumb\"},\"inLanguage\":\"de\",\"potentialAction\":[{\"@type\":\"ReadAction\",\"target\":[\"https:\/\/fasada.eu\/de\/mosikitonetz\/centor-s4\/\"]}]},{\"@type\":\"BreadcrumbList\",\"@id\":\"https:\/\/fasada.eu\/de\/mosikitonetz\/centor-s4\/#breadcrumb\",\"itemListElement\":[{\"@type\":\"ListItem\",\"position\":1,\"name\":\"Home\",\"item\":\"https:\/\/fasada.eu\/de\/\"},{\"@type\":\"ListItem\",\"position\":2,\"name\":\"MOSIKITONETZ\",\"item\":\"https:\/\/fasada.eu\/de\/mosikitonetz\/\"},{\"@type\":\"ListItem\",\"position\":3,\"name\":\"CENTOR S4\"}]},{\"@type\":\"WebSite\",\"@id\":\"https:\/\/fasada.eu\/en\/#website\",\"url\":\"https:\/\/fasada.eu\/en\/\",\"name\":\"Fasada\",\"description\":\"wizytowka Fasada Windows&amp;Doors\",\"potentialAction\":[{\"@type\":\"SearchAction\",\"target\":{\"@type\":\"EntryPoint\",\"urlTemplate\":\"https:\/\/fasada.eu\/en\/?s={search_term_string}\"},\"query-input\":\"required name=search_term_string\"}],\"inLanguage\":\"de\"}]}<\/script>\n<!-- \/ Yoast SEO plugin. -->","yoast_head_json":{"title":"CENTOR S4 - Fasada","robots":{"index":"index","follow":"follow","max-snippet":"max-snippet:-1","max-image-preview":"max-image-preview:large","max-video-preview":"max-video-preview:-1"},"canonical":"https:\/\/fasada.eu\/de\/mosikitonetz\/centor-s4\/","og_locale":"de_DE","og_type":"article","og_title":"CENTOR S4 - Fasada","og_description":"&nbsp;","og_url":"https:\/\/fasada.eu\/de\/mosikitonetz\/centor-s4\/","og_site_name":"Fasada","article_modified_time":"2021-01-11T13:03:36+00:00","og_image":[{"width":261,"height":278,"url":"https:\/\/fasada.eu\/wp-content\/uploads\/2021\/01\/s4-4_574.jpg","type":"image\/jpeg"}],"twitter_card":"summary_large_image","twitter_misc":{"Gesch\u00e4tzte Lesezeit":"1\u00a0Minute"},"schema":{"@context":"https:\/\/schema.org","@graph":[{"@type":"WebPage","@id":"https:\/\/fasada.eu\/de\/mosikitonetz\/centor-s4\/","url":"https:\/\/fasada.eu\/de\/mosikitonetz\/centor-s4\/","name":"CENTOR S4 - Fasada","isPartOf":{"@id":"https:\/\/fasada.eu\/en\/#website"},"datePublished":"2021-01-11T12:38:33+00:00","dateModified":"2021-01-11T13:03:36+00:00","breadcrumb":{"@id":"https:\/\/fasada.eu\/de\/mosikitonetz\/centor-s4\/#breadcrumb"},"inLanguage":"de","potentialAction":[{"@type":"ReadAction","target":["https:\/\/fasada.eu\/de\/mosikitonetz\/centor-s4\/"]}]},{"@type":"BreadcrumbList","@id":"https:\/\/fasada.eu\/de\/mosikitonetz\/centor-s4\/#breadcrumb","itemListElement":[{"@type":"ListItem","position":1,"name":"Home","item":"https:\/\/fasada.eu\/de\/"},{"@type":"ListItem","position":2,"name":"MOSIKITONETZ","item":"https:\/\/fasada.eu\/de\/mosikitonetz\/"},{"@type":"ListItem","position":3,"name":"CENTOR S4"}]},{"@type":"WebSite","@id":"https:\/\/fasada.eu\/en\/#website","url":"https:\/\/fasada.eu\/en\/","name":"Fasada","description":"wizytowka Fasada Windows&amp;Doors","potentialAction":[{"@type":"SearchAction","target":{"@type":"EntryPoint","urlTemplate":"https:\/\/fasada.eu\/en\/?s={search_term_string}"},"query-input":"required name=search_term_string"}],"inLanguage":"de"}]}},"_links":{"self":[{"href":"https:\/\/fasada.eu\/de\/wp-json\/wp\/v2\/pages\/2825"}],"collection":[{"href":"https:\/\/fasada.eu\/de\/wp-json\/wp\/v2\/pages"}],"about":[{"href":"https:\/\/fasada.eu\/de\/wp-json\/wp\/v2\/types\/page"}],"author":[{"embeddable":true,"href":"https:\/\/fasada.eu\/de\/wp-json\/wp\/v2\/users\/1"}],"replies":[{"embeddable":true,"href":"https:\/\/fasada.eu\/de\/wp-json\/wp\/v2\/comments?post=2825"}],"version-history":[{"count":2,"href":"https:\/\/fasada.eu\/de\/wp-json\/wp\/v2\/pages\/2825\/revisions"}],"predecessor-version":[{"id":2833,"href":"https:\/\/fasada.eu\/de\/wp-json\/wp\/v2\/pages\/2825\/revisions\/2833"}],"up":[{"embeddable":true,"href":"https:\/\/fasada.eu\/de\/wp-json\/wp\/v2\/pages\/2644"}],"wp:featuredmedia":[{"embeddable":true,"href":"https:\/\/fasada.eu\/de\/wp-json\/wp\/v2\/media\/2800"}],"wp:attachment":[{"href":"https:\/\/fasada.eu\/de\/wp-json\/wp\/v2\/media?parent=2825"}],"curies":[{"name":"wp","href":"https:\/\/api.w.org\/{rel}","templated":true}]}}