{"id":2782,"date":"2021-01-11T12:50:10","date_gmt":"2021-01-11T11:50:10","guid":{"rendered":"https:\/\/fasada.eu\/produkte\/rollaeden\/zaluzje-fasadowe-solidbox-podtynkowe\/"},"modified":"2021-01-11T13:32:28","modified_gmt":"2021-01-11T12:32:28","slug":"raffstore-solidbox-unterputz","status":"publish","type":"page","link":"https:\/\/fasada.eu\/de\/produkte\/rollaeden\/raffstore-solidbox-unterputz\/","title":{"rendered":"Raffstore SOLIDBOX (Unterputz)"},"content":{"rendered":"<div class=\"content_wrapper_shortcode animate_div type2\"><div>\n<div class=\"p50_shortcode \" style=\"max-width:100%;\"><div><div>\n<h2>FUNKTIONALIT\u00c4T<\/h2>\n<p>Au\u00dfenjalousien erm\u00f6glichen einen modernen und eleganten Sonnenschutz, den Sie optimal an die Architektur Ihres Geb\u00e4udes anpassen k\u00f6nnen. Da Sie den Neigungswinkel der Lamellen individuell je nach Sonnenlichteinfall steuern k\u00f6nnen, regeln Sie nicht nur die Helligkeit in Ihren R\u00e4umen, sondern auch die Temperatur. Zudem reduzieren Au\u00dfenjalousien auch die L\u00e4rmbelastung, wenn Sie beispielsweise an einer stark befahrenen Stra\u00dfe wohnen.<br \/>\nDas Hauptmerkmal der Jalousie des SOLIDBOX-Systems ist ihre Konstruktion, die einen freien Einbau des Boxes und der F\u00fchrungen unter der Au\u00dfenschicht der Geb\u00e4udeisolierung. Das im Licht des Glases sichtbare Element sind nur bewegliche Lamellen, die sich beim Hochziehen unter der Geb\u00e4udefassade &#8222;verstecken&#8220;.<br \/>\n<\/div><\/div><div><div>\n<h2>WARUM LOHNT ES SICH?<\/h2>\n<ul>\n<li>\u00c4u\u00dfere Verdunkelung von Fenster\u00f6ffnungen und Glasfassaden<\/li>\n<li>Stufenlose Steuerung der Jalousie (\u00d6ffnen und Schlie\u00dfen) im Bereich von 90\u00b0 und 180\u00b0 mit der M\u00f6glichkeit der bequemen Anpassung des ins Innere der R\u00e4ume eindringenden Lichts<\/li>\n<li>Senkung des Schallpegels<\/li>\n<li>Leichte und einfache Aluminiumkonstruktion<\/li>\n<li>Einfache Montage<\/li>\n<li>M\u00f6glichkeit der Zusammenarbeit mit einem System der Wetterautomatik<\/li>\n<li>Die M\u00f6glichkeit der freien Installation der Box und F\u00fchrungen unter der Au\u00dfenschicht der Geb\u00e4udeisolierung<\/li>\n<li>36 Monate Garantie<\/li>\n<\/ul>\n<\/div><\/div><\/div>\n<\/div><\/div>\n<div class=\"content_wrapper_shortcode animate_div \"><div>\n<h2 class=\"big\" style=\"text-align: center;\">BEISPIELE<\/h2>\n<h2><\/h2>\n<div id=\"gallery-custom_grid-1\" class=\"gallery-custom-inline-25  center galleryid-2782\"><div class=\"gallery-row\"><div class=\"gallery-thumbnail size-gallery_box_25\"><a href=\"https:\/\/fasada.eu\/wp-content\/uploads\/2021\/01\/solidbox-z90_604.png\" target=\"_blank\" data-gallery=\"gallery-custom_grid-1\" title=\"\"><img src=\"https:\/\/fasada.eu\/wp-content\/uploads\/2021\/01\/solidbox-z90_604-320x320.png\" alt=\"Solidbox - Z90\" \/><\/a><\/div><\/div><div class=\"gallery-row\"><div class=\"gallery-thumbnail size-gallery_box_25\"><a href=\"https:\/\/fasada.eu\/wp-content\/uploads\/2021\/01\/solidbox-c80_884.png\" target=\"_blank\" data-gallery=\"gallery-custom_grid-1\" title=\"\"><img src=\"https:\/\/fasada.eu\/wp-content\/uploads\/2021\/01\/solidbox-c80_884-320x320.png\" alt=\"Solidbox - C80\" \/><\/a><\/div><\/div><div class=\"gallery-row\"><div class=\"gallery-thumbnail size-gallery_box_25\"><a href=\"https:\/\/fasada.eu\/wp-content\/uploads\/2021\/01\/zaluzja-fasadowa-solidbox_1_166.jpg\" target=\"_blank\" data-gallery=\"gallery-custom_grid-1\" title=\"\"><img src=\"https:\/\/fasada.eu\/wp-content\/uploads\/2021\/01\/zaluzja-fasadowa-solidbox_1_166-320x320.jpg\" alt=\"\u017baluzja fasadowa SOLIDBOX_1\" \/><\/a><\/div><\/div><div class=\"gallery-row\"><div class=\"gallery-thumbnail size-gallery_box_25\"><a href=\"https:\/\/fasada.eu\/wp-content\/uploads\/2021\/01\/zaluzja-fasadowa-solidbox_2_494.jpg\" target=\"_blank\" data-gallery=\"gallery-custom_grid-1\" title=\"\"><img src=\"https:\/\/fasada.eu\/wp-content\/uploads\/2021\/01\/zaluzja-fasadowa-solidbox_2_494-320x320.jpg\" alt=\"\u017baluzja fasadowa SOLIDBOX_2\" \/><\/a><\/div><\/div><\/div>\n<h2 class=\"big\" style=\"text-align: center;\">DATEIEN ZUM HERUNTERLADEN<\/h2>\n<div class=\"attachments_wrap \"><ul class=\"attachments\">\n<li class=\"attachment application pdf has-download\"><a download href=\"https:\/\/fasada.eu\/wp-content\/uploads\/2021\/01\/solidbox-systemlosungen-katalog-de_918.pdf\"><span class=\"attachment_ico\"><\/span><span class=\"title\">SOLIDBOX Systeml\u00f6sungen<\/span><span class=\"extension\">12 MB<\/span><span class=\"size\">pdf<\/span><span class=\"download\"><span class=\"button blue\">Download file<\/span><\/span><\/a><\/li>\n<\/ul><\/div>\n<\/div><\/div>\n<section class=\"include_footer_type type_1\">\n    <h2 class=\"section_title\">Kontaktieren Sie uns<\/h2>\n    <div>\n        <div>\n            <div>\n                <img src=\"https:\/\/fasada.eu\/wp-content\/themes\/wi\/images\/sygnet.png\" style=\"width: 48px; height: 60px;\" alt=\"logo\">\n                <span>WARSZAWA<\/span>\n                Al. Krakowska 173,<br>\n\t\t\t\t<a href=\"tel:+4228685288\">tel.\/fax 22 868 52 88<\/a><br>\n\t\t\t\t<a href=\"mailto:warszawa@fasada.eu\">warszawa@fasada.eu<\/a>\n            <\/div>\n        <\/div>\n        <div>\n            <div>\n                <img src=\"https:\/\/fasada.eu\/wp-content\/themes\/wi\/images\/sygnet.png\" style=\"width: 48px; height: 60px;\" alt=\"logo\">\n                <span>BYDGOSZCZ<\/span>\n                ul. Kaszubska 17E,<br>\n\t\t\t\t<a href=\"tel:+48523224011\">tel.\/fax 52 322 40 11<\/a><br>\n                <a href=\"mailto:bydgoszcz@fasada.eu\">bydgoszcz@fasada.eu<\/a>\n            <\/div>\n        <\/div>\n        <div>\n            <div>\n                <img src=\"https:\/\/fasada.eu\/wp-content\/themes\/wi\/images\/sygnet.png\" style=\"width: 48px; height: 60px;\" alt=\"logo\">\n                <span>S\u0141UPSK<\/span>\n                ul. Ba\u0142tycka 10,<br>\n\t\t\t\t<a href=\"tel:+48598411001\">tel.\/fax 59 841 10 01<\/a><br>\n\t\t\t\t<!--<a href=\"tel:+48597273450\">tel. mob +48 597 273 450<\/a><br> -->\n\t\t\t\t<a href=\"mailto:fasada@fasada.eu\">fasada@fasada.eu<\/a>\n            <\/div>\n        <\/div>\n        <div class=\"flex_div\">\n            <div>\n                <div>\n                    <a class=\"button blue\" href=\"https:\/\/fasada.eu\/de\/kontakt\/\">senden Sie eine Anfrage<\/a>\n                <\/div>\n            <\/div>\n        <\/div>\n    <\/div>\n<\/section>\n<p>&nbsp;<\/p>\n","protected":false},"excerpt":{"rendered":"<p>&nbsp;<\/p>\n","protected":false},"author":1,"featured_media":2757,"parent":1895,"menu_order":4,"comment_status":"closed","ping_status":"closed","template":"page_full.php","meta":{"inline_featured_image":false,"footnotes":""},"yoast_head":"<!-- This site is optimized with the Yoast SEO plugin v21.3 - https:\/\/yoast.com\/wordpress\/plugins\/seo\/ -->\n<title>Raffstore SOLIDBOX (Unterputz) - Fasada<\/title>\n<meta name=\"robots\" content=\"index, follow, max-snippet:-1, max-image-preview:large, max-video-preview:-1\" \/>\n<link rel=\"canonical\" href=\"https:\/\/fasada.eu\/de\/produkte\/rollaeden\/raffstore-solidbox-unterputz\/\" \/>\n<meta property=\"og:locale\" content=\"de_DE\" \/>\n<meta property=\"og:type\" content=\"article\" \/>\n<meta property=\"og:title\" content=\"Raffstore SOLIDBOX (Unterputz) - Fasada\" \/>\n<meta property=\"og:description\" content=\"&nbsp;\" \/>\n<meta property=\"og:url\" content=\"https:\/\/fasada.eu\/de\/produkte\/rollaeden\/raffstore-solidbox-unterputz\/\" \/>\n<meta property=\"og:site_name\" content=\"Fasada\" \/>\n<meta property=\"article:modified_time\" content=\"2021-01-11T12:32:28+00:00\" \/>\n<meta property=\"og:image\" content=\"https:\/\/fasada.eu\/wp-content\/uploads\/2021\/01\/solidbox-c80_884-948x1024.png\" \/>\n\t<meta property=\"og:image:width\" content=\"948\" \/>\n\t<meta property=\"og:image:height\" content=\"1024\" \/>\n\t<meta property=\"og:image:type\" content=\"image\/png\" \/>\n<meta name=\"twitter:card\" content=\"summary_large_image\" \/>\n<meta name=\"twitter:label1\" content=\"Gesch\u00e4tzte Lesezeit\" \/>\n\t<meta name=\"twitter:data1\" content=\"1\u00a0Minute\" \/>\n<script type=\"application\/ld+json\" class=\"yoast-schema-graph\">{\"@context\":\"https:\/\/schema.org\",\"@graph\":[{\"@type\":\"WebPage\",\"@id\":\"https:\/\/fasada.eu\/de\/produkte\/rollaeden\/raffstore-solidbox-unterputz\/\",\"url\":\"https:\/\/fasada.eu\/de\/produkte\/rollaeden\/raffstore-solidbox-unterputz\/\",\"name\":\"Raffstore SOLIDBOX (Unterputz) - Fasada\",\"isPartOf\":{\"@id\":\"https:\/\/fasada.eu\/en\/#website\"},\"datePublished\":\"2021-01-11T11:50:10+00:00\",\"dateModified\":\"2021-01-11T12:32:28+00:00\",\"breadcrumb\":{\"@id\":\"https:\/\/fasada.eu\/de\/produkte\/rollaeden\/raffstore-solidbox-unterputz\/#breadcrumb\"},\"inLanguage\":\"de\",\"potentialAction\":[{\"@type\":\"ReadAction\",\"target\":[\"https:\/\/fasada.eu\/de\/produkte\/rollaeden\/raffstore-solidbox-unterputz\/\"]}]},{\"@type\":\"BreadcrumbList\",\"@id\":\"https:\/\/fasada.eu\/de\/produkte\/rollaeden\/raffstore-solidbox-unterputz\/#breadcrumb\",\"itemListElement\":[{\"@type\":\"ListItem\",\"position\":1,\"name\":\"Home\",\"item\":\"https:\/\/fasada.eu\/de\/\"},{\"@type\":\"ListItem\",\"position\":2,\"name\":\"Produkte\",\"item\":\"https:\/\/fasada.eu\/de\/produkte\/\"},{\"@type\":\"ListItem\",\"position\":3,\"name\":\"ROLL\u00c4DEN\",\"item\":\"https:\/\/fasada.eu\/de\/produkte\/rollaeden\/\"},{\"@type\":\"ListItem\",\"position\":4,\"name\":\"Raffstore SOLIDBOX (Unterputz)\"}]},{\"@type\":\"WebSite\",\"@id\":\"https:\/\/fasada.eu\/en\/#website\",\"url\":\"https:\/\/fasada.eu\/en\/\",\"name\":\"Fasada\",\"description\":\"wizytowka Fasada Windows&amp;Doors\",\"potentialAction\":[{\"@type\":\"SearchAction\",\"target\":{\"@type\":\"EntryPoint\",\"urlTemplate\":\"https:\/\/fasada.eu\/en\/?s={search_term_string}\"},\"query-input\":\"required name=search_term_string\"}],\"inLanguage\":\"de\"}]}<\/script>\n<!-- \/ Yoast SEO plugin. -->","yoast_head_json":{"title":"Raffstore SOLIDBOX (Unterputz) - Fasada","robots":{"index":"index","follow":"follow","max-snippet":"max-snippet:-1","max-image-preview":"max-image-preview:large","max-video-preview":"max-video-preview:-1"},"canonical":"https:\/\/fasada.eu\/de\/produkte\/rollaeden\/raffstore-solidbox-unterputz\/","og_locale":"de_DE","og_type":"article","og_title":"Raffstore SOLIDBOX (Unterputz) - Fasada","og_description":"&nbsp;","og_url":"https:\/\/fasada.eu\/de\/produkte\/rollaeden\/raffstore-solidbox-unterputz\/","og_site_name":"Fasada","article_modified_time":"2021-01-11T12:32:28+00:00","og_image":[{"width":948,"height":1024,"url":"https:\/\/fasada.eu\/wp-content\/uploads\/2021\/01\/solidbox-c80_884-948x1024.png","type":"image\/png"}],"twitter_card":"summary_large_image","twitter_misc":{"Gesch\u00e4tzte Lesezeit":"1\u00a0Minute"},"schema":{"@context":"https:\/\/schema.org","@graph":[{"@type":"WebPage","@id":"https:\/\/fasada.eu\/de\/produkte\/rollaeden\/raffstore-solidbox-unterputz\/","url":"https:\/\/fasada.eu\/de\/produkte\/rollaeden\/raffstore-solidbox-unterputz\/","name":"Raffstore SOLIDBOX (Unterputz) - Fasada","isPartOf":{"@id":"https:\/\/fasada.eu\/en\/#website"},"datePublished":"2021-01-11T11:50:10+00:00","dateModified":"2021-01-11T12:32:28+00:00","breadcrumb":{"@id":"https:\/\/fasada.eu\/de\/produkte\/rollaeden\/raffstore-solidbox-unterputz\/#breadcrumb"},"inLanguage":"de","potentialAction":[{"@type":"ReadAction","target":["https:\/\/fasada.eu\/de\/produkte\/rollaeden\/raffstore-solidbox-unterputz\/"]}]},{"@type":"BreadcrumbList","@id":"https:\/\/fasada.eu\/de\/produkte\/rollaeden\/raffstore-solidbox-unterputz\/#breadcrumb","itemListElement":[{"@type":"ListItem","position":1,"name":"Home","item":"https:\/\/fasada.eu\/de\/"},{"@type":"ListItem","position":2,"name":"Produkte","item":"https:\/\/fasada.eu\/de\/produkte\/"},{"@type":"ListItem","position":3,"name":"ROLL\u00c4DEN","item":"https:\/\/fasada.eu\/de\/produkte\/rollaeden\/"},{"@type":"ListItem","position":4,"name":"Raffstore SOLIDBOX (Unterputz)"}]},{"@type":"WebSite","@id":"https:\/\/fasada.eu\/en\/#website","url":"https:\/\/fasada.eu\/en\/","name":"Fasada","description":"wizytowka Fasada Windows&amp;Doors","potentialAction":[{"@type":"SearchAction","target":{"@type":"EntryPoint","urlTemplate":"https:\/\/fasada.eu\/en\/?s={search_term_string}"},"query-input":"required name=search_term_string"}],"inLanguage":"de"}]}},"_links":{"self":[{"href":"https:\/\/fasada.eu\/de\/wp-json\/wp\/v2\/pages\/2782"}],"collection":[{"href":"https:\/\/fasada.eu\/de\/wp-json\/wp\/v2\/pages"}],"about":[{"href":"https:\/\/fasada.eu\/de\/wp-json\/wp\/v2\/types\/page"}],"author":[{"embeddable":true,"href":"https:\/\/fasada.eu\/de\/wp-json\/wp\/v2\/users\/1"}],"replies":[{"embeddable":true,"href":"https:\/\/fasada.eu\/de\/wp-json\/wp\/v2\/comments?post=2782"}],"version-history":[{"count":3,"href":"https:\/\/fasada.eu\/de\/wp-json\/wp\/v2\/pages\/2782\/revisions"}],"predecessor-version":[{"id":2792,"href":"https:\/\/fasada.eu\/de\/wp-json\/wp\/v2\/pages\/2782\/revisions\/2792"}],"up":[{"embeddable":true,"href":"https:\/\/fasada.eu\/de\/wp-json\/wp\/v2\/pages\/1895"}],"wp:featuredmedia":[{"embeddable":true,"href":"https:\/\/fasada.eu\/de\/wp-json\/wp\/v2\/media\/2757"}],"wp:attachment":[{"href":"https:\/\/fasada.eu\/de\/wp-json\/wp\/v2\/media?parent=2782"}],"curies":[{"name":"wp","href":"https:\/\/api.w.org\/{rel}","templated":true}]}}