{"id":1949,"date":"2017-12-05T13:40:38","date_gmt":"2017-12-05T12:40:38","guid":{"rendered":"http:\/\/fasada.eu\/?page_id=1949"},"modified":"2025-03-12T09:24:14","modified_gmt":"2025-03-12T08:24:14","slug":"kontakt","status":"publish","type":"page","link":"https:\/\/fasada.eu\/de\/kontakt\/","title":{"rendered":"Kontakt"},"content":{"rendered":"<section class=\"include_footer_type type_4\">\n    <h2 class=\"section_title\">Kontaktieren Sie uns<\/h2>\n    <div>\n        <div>\n            <div>\n                <img src=\"https:\/\/fasada.eu\/wp-content\/themes\/wi\/images\/logo_footer.png\" style=\"width: 48px; height: 60px;\" alt=\"logo\">\n                <span>WARSZAWA<\/span>\n                02-180 Warszawa,<br>\n                Al. Krakowska 173,<br>\n\t\t\t\t<a href=\"tel:+48598411001\">tel. 59 841 10 01<\/a><br>\n\t\t\t\t<a href=\"mailto:warszawa@fasada.eu\">warszawa@fasada.eu<\/a><br><br><div class=\"hours\" style=\"display: none;\">\n                Montag-Freitag: 8:00 - 18:00<br>\n                Samstag: 10:00 - 14:00<\/div>\n            <\/div>\n        <\/div>\n        <div>\n            <div>\n                <img src=\"https:\/\/fasada.eu\/wp-content\/themes\/wi\/images\/logo_footer.png\" style=\"width: 48px; height: 60px;\" alt=\"logo\">\n                <span>BYDGOSZCZ<\/span>\n                85-048 Bydgoszcz,<br>\n                ul. Kaszubska 17E,<br>\n\t\t\t\t<a href=\"tel:+48598411001\">tel. 59 841 10 01<\/a><br>\n                <a href=\"mailto:bydgoszcz@fasada.eu\">bydgoszcz@fasada.eu<\/a><br><br><div class=\"hours\" style=\"display: none;\">\n                Montag-Freitag: 8:00 - 18:00<br>\n                Samstag: 10:00 - 14:00<\/div>\n            <\/div>\n        <\/div>\n        <div>\n            <div>\n                <img src=\"https:\/\/fasada.eu\/wp-content\/themes\/wi\/images\/logo_footer.png\" style=\"width: 48px; height: 60px;\" alt=\"logo\">\n                <span>S\u0141UPSK (Zentral)<\/span>\n                76-200 S\u0142upsk,<br>\n                ul. Ba\u0142tycka 10,<br>\n\t\t\t\t<a href=\"tel:+48598411001\">tel. 59 841 10 01<\/a><br>\n\t\t\t\t<!-- <a href=\"tel:+48597273450\">tel. mob +48 597 273 450<\/a><br> -->\n\t\t\t\t<a href=\"mailto:slupsk@fasada.eu\">slupsk@fasada.eu<\/a><br><br>\n\t\t\t\tVertrieb<br>\n\t\t\t\tUnd<br>\n\t\t\t\tProduktionsst\u00e4tte f\u00fcr<br> Holzfenster und t\u00fcren                <br><br><div class=\"hours\" style=\"display: none;\">\n                Montag-Freitag: 8:00 - 18:00<br>\n                Samstag: 10:00 - 14:00<\/div>\n            <\/div>\n        <\/div>\n        <div>\n            <div>\n                <img src=\"https:\/\/fasada.eu\/wp-content\/themes\/wi\/images\/logo_footer.png\" style=\"width: 48px; height: 60px;\" alt=\"logo\">\n                <span>S\u0141UPSK - G\u0141OBINO<\/span>\n                76-200 G\u0142obino,<br>\n                ul. Przemys\u0142owa 6<br>\n\t\t\t\t<a href=\"tel:+48598411001\">tel. 59 841 10 01<\/a><br>\n\t\t\t\t<a href=\"mailto:fasada@fasada.eu\">fasada@fasada.eu<\/a><br><br>\n                Produktionsanlage f\u00fcr <br>PVC, ALU und Rollladenfenster und t\u00fcren                <br><div class=\"hours\" style=\"display: none;\">\n                Montag-Freitag: 8:00 - 18:00<br>\n                Samstag: 10:00 - 14:00<\/div>\n            <\/div>\n        <\/div>\n    <\/div>\n<\/section>\n<div class=\"content_wrapper_shortcode  type2\"><div>\n<div class=\"p50_shortcode \" style=\"max-width:100%;\"><div><div>\n<h2>Angebotsanfrage<\/h2>\n\n<div class=\"wpcf7 no-js\" id=\"wpcf7-f7653-o1\" lang=\"pl-PL\" dir=\"ltr\">\n<div class=\"screen-reader-response\"><p role=\"status\" aria-live=\"polite\" aria-atomic=\"true\"><\/p> <ul><\/ul><\/div>\n<form action=\"\/de\/wp-json\/wp\/v2\/pages\/1949#wpcf7-f7653-o1\" method=\"post\" class=\"wpcf7-form init\" aria-label=\"Formularz kontaktowy\" enctype=\"multipart\/form-data\" novalidate=\"novalidate\" data-status=\"init\">\n<div style=\"display: none;\">\n<input type=\"hidden\" name=\"_wpcf7\" value=\"7653\" \/>\n<input type=\"hidden\" name=\"_wpcf7_version\" value=\"5.8.1\" \/>\n<input type=\"hidden\" name=\"_wpcf7_locale\" value=\"pl_PL\" \/>\n<input type=\"hidden\" name=\"_wpcf7_unit_tag\" value=\"wpcf7-f7653-o1\" \/>\n<input type=\"hidden\" name=\"_wpcf7_container_post\" value=\"0\" \/>\n<input type=\"hidden\" name=\"_wpcf7_posted_data_hash\" value=\"\" \/>\n<input type=\"hidden\" name=\"_wpcf7_recaptcha_response\" value=\"\" \/>\n<\/div>\n<div class=\"form_wrapper\">\n<span><label>Vor- und Nachname<span><span class=\"wpcf7-form-control-wrap\" data-name=\"your-name\"><input size=\"40\" class=\"wpcf7-form-control wpcf7-text wpcf7-validates-as-required\" aria-required=\"true\" aria-invalid=\"false\" value=\"\" type=\"text\" name=\"your-name\" \/><\/span><\/span><\/label><\/span>\n<span><label>Firma<span><span class=\"wpcf7-form-control-wrap\" data-name=\"firma\"><input size=\"40\" class=\"wpcf7-form-control wpcf7-text\" aria-invalid=\"false\" value=\"\" type=\"text\" name=\"firma\" \/><\/span><\/span><\/label><\/span>\n<span><label>Telefon<span><span class=\"wpcf7-form-control-wrap\" data-name=\"telefon\"><input size=\"40\" class=\"wpcf7-form-control wpcf7-tel wpcf7-text wpcf7-validates-as-tel\" aria-invalid=\"false\" value=\"\" type=\"tel\" name=\"telefon\" \/><\/span><\/span><\/label><\/span>\n<span><label>Firmen-E-Mail-Adresse<span><span class=\"wpcf7-form-control-wrap\" data-name=\"your-email\"><input size=\"40\" class=\"wpcf7-form-control wpcf7-email wpcf7-validates-as-required wpcf7-text wpcf7-validates-as-email\" aria-required=\"true\" aria-invalid=\"false\" value=\"\" type=\"email\" name=\"your-email\" \/><\/span><\/span><\/label><\/span>\n<span><label>Nachricht<span><span class=\"wpcf7-form-control-wrap\" data-name=\"your-message\"><textarea cols=\"40\" rows=\"10\" class=\"wpcf7-form-control wpcf7-textarea text_form\" aria-invalid=\"false\" name=\"your-message\"><\/textarea><\/span> <\/span><\/label><\/span>\n<span><label>Beilage<span><span class=\"wpcf7-form-control-wrap\" data-name=\"file-843\"><input size=\"40\" class=\"wpcf7-form-control wpcf7-file\" accept=\"audio\/*,video\/*,image\/*\" aria-invalid=\"false\" type=\"file\" name=\"file-843\" \/><\/span><\/span><\/label><\/span><\/div>\n<div class=\"p50_shortcode flex kontakt_form\" style=\"max-width:100%;\"><div><div><div class=\"div_left\"><\/div><\/div><\/div><div><div>\n<div class=\"div_right\"><input class=\"wpcf7-form-control wpcf7-submit has-spinner\" type=\"submit\" value=\"sende eine Nachricht\" \/><\/div><\/div><\/div><\/div>\n<div class=\"screen-reader-response\">\n<div role=\"status\"><\/div>\n<\/div><div class=\"wpcf7-response-output\" aria-hidden=\"true\"><\/div>\n<\/form>\n<\/div>\n\n<\/div><\/div><div><div>\n<h2>Zweigkarte<\/h2>\n<div id='poi-map-category' data-zoom='6' data-url='http:\/\/fasada.eu\/wp-content\/uploads\/2017\/10\/marker_994.png' data-bw='0' data-latFld='52.173931692568' data-lngFld='18.8525390625'><div id='poi-map-single-category-show'><\/div><ul id='list_post' class='hide'><li data-title='BYDGOSZCZ' data-icon='' data-url='https:\/\/fasada.eu\/de\/punkt\/bydgoszcz\/ 'data-szer='53.1350723' data-dlug='18.0050059'data-woj='Array' data-tel='' data-mail='' data-catid=''><h3>BYDGOSZCZ<\/h3><div><\/div><\/li><li data-title='S\u0141UPSK' data-icon='' data-url='https:\/\/fasada.eu\/de\/punkt\/slupsk\/ 'data-szer='54.479987' data-dlug='17.025674'data-woj='Array' data-tel='' data-mail='' data-catid=''><h3>S\u0141UPSK<\/h3><div><\/div><\/li><li data-title='S\u0141UPSK &#8211; G\u0141OBINO' data-icon='' data-url='https:\/\/fasada.eu\/de\/punkt\/slupsk-globino\/ 'data-szer='54.44988749146728' data-dlug='17.08271026611328'data-woj='Array' data-tel='' data-mail='' data-catid=''><h3>S\u0141UPSK &#8211; G\u0141OBINO<\/h3><div><\/div><\/li><li data-title='WARSZAWA' data-icon='' data-url='https:\/\/fasada.eu\/de\/punkt\/test\/ 'data-szer='52.183791' data-dlug='20.95137299999999'data-woj='Array' data-tel='' data-mail='' data-catid=''><h3>WARSZAWA<\/h3><div><\/div><\/li><\/ul><\/div>\n<\/div><\/div><\/div>\n<\/div><\/div>\n","protected":false},"excerpt":{"rendered":"","protected":false},"author":1,"featured_media":0,"parent":0,"menu_order":6,"comment_status":"closed","ping_status":"closed","template":"page_contact.php","meta":{"inline_featured_image":false,"footnotes":""},"yoast_head":"<!-- This site is optimized with the Yoast SEO plugin v21.3 - https:\/\/yoast.com\/wordpress\/plugins\/seo\/ -->\n<title>Kontakt - Fasada<\/title>\n<meta name=\"robots\" content=\"index, follow, max-snippet:-1, max-image-preview:large, max-video-preview:-1\" \/>\n<link rel=\"canonical\" href=\"https:\/\/fasada.eu\/de\/kontakt\/\" \/>\n<meta property=\"og:locale\" content=\"de_DE\" \/>\n<meta property=\"og:type\" content=\"article\" \/>\n<meta property=\"og:title\" content=\"Kontakt - Fasada\" \/>\n<meta property=\"og:url\" content=\"https:\/\/fasada.eu\/de\/kontakt\/\" \/>\n<meta property=\"og:site_name\" content=\"Fasada\" \/>\n<meta property=\"article:modified_time\" content=\"2025-03-12T08:24:14+00:00\" \/>\n<meta name=\"twitter:card\" content=\"summary_large_image\" \/>\n<meta name=\"twitter:label1\" content=\"Gesch\u00e4tzte Lesezeit\" \/>\n\t<meta name=\"twitter:data1\" content=\"1\u00a0Minute\" \/>\n<script type=\"application\/ld+json\" class=\"yoast-schema-graph\">{\"@context\":\"https:\/\/schema.org\",\"@graph\":[{\"@type\":\"WebPage\",\"@id\":\"https:\/\/fasada.eu\/de\/kontakt\/\",\"url\":\"https:\/\/fasada.eu\/de\/kontakt\/\",\"name\":\"Kontakt - Fasada\",\"isPartOf\":{\"@id\":\"https:\/\/fasada.eu\/en\/#website\"},\"datePublished\":\"2017-12-05T12:40:38+00:00\",\"dateModified\":\"2025-03-12T08:24:14+00:00\",\"breadcrumb\":{\"@id\":\"https:\/\/fasada.eu\/de\/kontakt\/#breadcrumb\"},\"inLanguage\":\"de\",\"potentialAction\":[{\"@type\":\"ReadAction\",\"target\":[\"https:\/\/fasada.eu\/de\/kontakt\/\"]}]},{\"@type\":\"BreadcrumbList\",\"@id\":\"https:\/\/fasada.eu\/de\/kontakt\/#breadcrumb\",\"itemListElement\":[{\"@type\":\"ListItem\",\"position\":1,\"name\":\"Home\",\"item\":\"https:\/\/fasada.eu\/de\/\"},{\"@type\":\"ListItem\",\"position\":2,\"name\":\"Kontakt\"}]},{\"@type\":\"WebSite\",\"@id\":\"https:\/\/fasada.eu\/en\/#website\",\"url\":\"https:\/\/fasada.eu\/en\/\",\"name\":\"Fasada\",\"description\":\"wizytowka Fasada Windows&amp;Doors\",\"potentialAction\":[{\"@type\":\"SearchAction\",\"target\":{\"@type\":\"EntryPoint\",\"urlTemplate\":\"https:\/\/fasada.eu\/en\/?s={search_term_string}\"},\"query-input\":\"required name=search_term_string\"}],\"inLanguage\":\"de\"}]}<\/script>\n<!-- \/ Yoast SEO plugin. -->","yoast_head_json":{"title":"Kontakt - Fasada","robots":{"index":"index","follow":"follow","max-snippet":"max-snippet:-1","max-image-preview":"max-image-preview:large","max-video-preview":"max-video-preview:-1"},"canonical":"https:\/\/fasada.eu\/de\/kontakt\/","og_locale":"de_DE","og_type":"article","og_title":"Kontakt - Fasada","og_url":"https:\/\/fasada.eu\/de\/kontakt\/","og_site_name":"Fasada","article_modified_time":"2025-03-12T08:24:14+00:00","twitter_card":"summary_large_image","twitter_misc":{"Gesch\u00e4tzte Lesezeit":"1\u00a0Minute"},"schema":{"@context":"https:\/\/schema.org","@graph":[{"@type":"WebPage","@id":"https:\/\/fasada.eu\/de\/kontakt\/","url":"https:\/\/fasada.eu\/de\/kontakt\/","name":"Kontakt - Fasada","isPartOf":{"@id":"https:\/\/fasada.eu\/en\/#website"},"datePublished":"2017-12-05T12:40:38+00:00","dateModified":"2025-03-12T08:24:14+00:00","breadcrumb":{"@id":"https:\/\/fasada.eu\/de\/kontakt\/#breadcrumb"},"inLanguage":"de","potentialAction":[{"@type":"ReadAction","target":["https:\/\/fasada.eu\/de\/kontakt\/"]}]},{"@type":"BreadcrumbList","@id":"https:\/\/fasada.eu\/de\/kontakt\/#breadcrumb","itemListElement":[{"@type":"ListItem","position":1,"name":"Home","item":"https:\/\/fasada.eu\/de\/"},{"@type":"ListItem","position":2,"name":"Kontakt"}]},{"@type":"WebSite","@id":"https:\/\/fasada.eu\/en\/#website","url":"https:\/\/fasada.eu\/en\/","name":"Fasada","description":"wizytowka Fasada Windows&amp;Doors","potentialAction":[{"@type":"SearchAction","target":{"@type":"EntryPoint","urlTemplate":"https:\/\/fasada.eu\/en\/?s={search_term_string}"},"query-input":"required name=search_term_string"}],"inLanguage":"de"}]}},"_links":{"self":[{"href":"https:\/\/fasada.eu\/de\/wp-json\/wp\/v2\/pages\/1949"}],"collection":[{"href":"https:\/\/fasada.eu\/de\/wp-json\/wp\/v2\/pages"}],"about":[{"href":"https:\/\/fasada.eu\/de\/wp-json\/wp\/v2\/types\/page"}],"author":[{"embeddable":true,"href":"https:\/\/fasada.eu\/de\/wp-json\/wp\/v2\/users\/1"}],"replies":[{"embeddable":true,"href":"https:\/\/fasada.eu\/de\/wp-json\/wp\/v2\/comments?post=1949"}],"version-history":[{"count":5,"href":"https:\/\/fasada.eu\/de\/wp-json\/wp\/v2\/pages\/1949\/revisions"}],"predecessor-version":[{"id":7655,"href":"https:\/\/fasada.eu\/de\/wp-json\/wp\/v2\/pages\/1949\/revisions\/7655"}],"wp:attachment":[{"href":"https:\/\/fasada.eu\/de\/wp-json\/wp\/v2\/media?parent=1949"}],"curies":[{"name":"wp","href":"https:\/\/api.w.org\/{rel}","templated":true}]}}