{"id":1932,"date":"2017-12-05T12:54:06","date_gmt":"2017-12-05T11:54:06","guid":{"rendered":"http:\/\/fasada.eu\/?page_id=1932"},"modified":"2017-12-13T10:05:36","modified_gmt":"2017-12-13T09:05:36","slug":"modernes-bauen","status":"publish","type":"page","link":"https:\/\/fasada.eu\/de\/zentrum-des-wissens\/modernes-bauen\/","title":{"rendered":"Modernes Bauen"},"content":{"rendered":"<div class='big_image_wrapper ' style='background-image: url(http:\/\/fasada.eu\/wp-content\/uploads\/2017\/10\/doors_368.png);'><div><div class='title'>Passivhaus<\/div><div class='content'>Das energiesparende Geb\u00e4ude macht das Geb\u00e4ude zum Standard, den sehr gute Parameter beim W\u00e4rmedurchgangskoeffizienten auszeichnen. Das Geb\u00e4ude nutzt die Sonnenstrahlungsenergie auf passive Art und Weise, wodurch der Einsatz von zus\u00e4tzlichen Installationsl\u00f6sungen nicht notwendig ist.<\/div><\/div><\/div>\n<section class=\"numbers_front div_3\">\n<h2 class=\"section_title\">Passivhaus in Zahlen<\/h2>\n<div>\n<div>\n<div class=\"single-number jqcounter\">0,66<\/div>\n<div class=\"single-number_desc\">das beste Passivhaus, der Uw-Wert f\u00fcr MB-104 Passive<\/div>\n<\/div>\n<div>\n<div class=\"single-number jqcounter\">7<\/div>\n<div class=\"single-number_desc\">Jahre Erfahrung in Passivsystemen<\/div>\n<\/div>\n<div>\n<div class=\"single-number jqcounter\">10<\/div>\n<div class=\"single-number_desc\">Systeme von Fasada gem\u00e4\u00df Kriterien des Passivhauses<\/div>\n<\/div>\n<\/div>\n<\/section>\n<div class=\"content_wrapper_shortcode  type1\"><div>\n<div class=\"p50_shortcode flex\" style=\"max-width:100%;\"><div><div>\n<h2>Passive Fenstervariante<br \/>\n&#8211; was bedeutet das?<\/h2>\n<p>Fenster f\u00fcr das Geb\u00e4ude dieser Art sollten in der Passivvariante geschaffen werden. Dies ist darauf zur\u00fcckzuf\u00fchren, dass der W\u00e4rmedurchgangskoeffizient (Uw) f\u00fcr Fenster niedriger als 0,8 W\/m2K sein sollte. Das Passivfenster sollte die meiste Sonnenenergie in das Geb\u00e4udeinnere \u00fcbertragen. Um den Bed\u00fcrfnissen des Passivbaus gerecht zu werden, bieten wir: Holz-, Holz-Alusysteme iv 92 IV und IV 92 AL, sowie zertifizierte PVC-, Alusysteme GENEO PHZ und MB-104 Passive.<\/p>\n<\/div><\/div><div><div>\n<h2>Passivhaus<br \/>\nWarum es sich lohnt?<\/h2>\n<p>Ideale W\u00e4rmed\u00e4mmwerte des Passivhauses \u00fcben einen realen Einfluss auf die Verminderung des Energieverbrauchs aus, und somit auf die Senkung der Stromverbrauchsrechnungen. Dies ist durch den Einsatz solcher Konstruktionselemente m\u00f6glich, die die h\u00f6chsten Isolierungsstandards in ihrer Klasse haben- Fenster, T\u00fcren, Tore. Diese Elemente sind f\u00fcr die Geb\u00e4udeisolierung ausschlaggebend: durch diese geht n\u00e4mlich die meiste W\u00e4rme verloren.<br \/>\n<\/div><\/div><\/div>\n<\/div><\/div>\n<div class=\"big_div_50  \" style='background-image: url(http:\/\/fasada.eu\/wp-content\/uploads\/2017\/10\/img_2_346.jpg);'><div><div><div>\n<a class=\"button blue\" href=\"http:\/\/fasada.eu\/de\/product\/mb-104-passive\/\">MB-104 Passive<\/a> <a class=\"button blue\" href=\"http:\/\/fasada.eu\/de\/product\/mb-86\/\">MB-86<\/a> <a class=\"button blue\" href=\"http:\/\/fasada.eu\/de\/product\/iv-84-in-standard\/\">IV 84 IN<\/a> <a class=\"button blue\" href=\"http:\/\/fasada.eu\/de\/product\/iv-96-al-contour\/\">IV 96 AL<\/a> <a class=\"button blue\" href=\"http:\/\/fasada.eu\/de\/product\/iv-84-al-standard\/\">IV 84 AL<\/a> <a class=\"button blue\" href=\"http:\/\/fasada.eu\/de\/product\/iv-92-mit-hartschaum\/\">IV 92<\/a> <a class=\"button blue\" href=\"http:\/\/fasada.eu\/de\/product\/gealan-kubus\/\">GEALAN KUBUS<\/a> <a class=\"button blue\" href=\"http:\/\/fasada.eu\/de\/product\/geneo-rehau\/\">GENEO REHAU<\/a> <a class=\"button blue\" href=\"http:\/\/fasada.eu\/de\/product\/s9000\/\">S9000<\/a> <a class=\"button blue\" href=\"http:\/\/fasada.eu\/de\/product\/s7000-iq-plus\/\">S7000 IQ Plus<\/a><\/p>\n<\/div><\/div><div><div>\n<h2>Systeme f\u00fcr Passivhaus<\/h2>\n<p>In unserem Angebot finden Sie eine gro\u00dfe Auswahl an Systemen f\u00fcr Passivhaus. Sie erf\u00fcllen strenge Anforderungen des Passivhaus-Instituts Darmstadt sowie des Instituts f\u00fcr Fenstertechnik Rosenheim, die f\u00fcr die Normbestimmung des Passivbauens zust\u00e4ndig sind. Erfahren Sie mehr.<\/div><\/div><\/div><\/div>\n<div class='big_image_wrapper ' style='background-image: url(http:\/\/fasada.eu\/wp-content\/uploads\/2017\/10\/doors_368.png);'><div><div class='title'>Das smarte Haus<\/div><div class='content'>Das Geb\u00e4ude im technologisch hoch fortgeschrittenen Ger\u00e4tesystem unterschiedlicher Bestimmung. Das intelliente Haus ist mit Sensoren und Detektoren ausgestattet. Dieses Haus reagiert auf die \u00c4nderungen innerhalb und au\u00dferhalb des Geb\u00e4udes, steuert u.a. Heizung, Beleuchtung oder L\u00fcftung.<\/div><\/div><\/div>\n<section class=\"numbers_front div_3\">\n<h2 class=\"section_title\">Smarte Haus in Zahlen<\/h2>\n<div>\n<div>\n<div class=\"single-number jqcounter\">12<\/div>\n<div class=\"single-number_desc\">smarte L\u00f6sungen im Angebot<\/div>\n<\/div>\n<div>\n<div class=\"single-number jqcounter\">8<\/div>\n<div class=\"single-number_desc\">Jahre Erfahrung im Einbau der Automatik<\/div>\n<\/div>\n<div>\n<div class=\"single-number jqcounter\">12100<\/div>\n<div class=\"single-number_desc\">mm Breite der von uns hergestellten Terrassent\u00fcren mit Fernbedienung<\/div>\n<\/div>\n<\/div>\n<\/section>\n<div class=\"content_wrapper_shortcode  type1\"><div>\n<div class=\"p50_shortcode flex_title\" style=\"max-width:100%;\"><div><div>\n<h2>Modernes Konzept f\u00fcr Anspruchsvolle<\/h2>\n<p>Eine Reihe innovativer L\u00f6sungen, die das intelligente Haus erm\u00f6glicht, verbessert die M\u00f6glichkeiten des Geb\u00e4udes selbst, sowie erh\u00f6ht seinen Nutzungskomfort. Das intelligente Haus tr\u00e4gt zur Optimierung des Energieverbrauchs bedeutend bei. Neben dem Passivhaus entwickelt sich dieses Baukonzept am schnellsten.<br \/>\n<\/div><\/div><div><div>\n<h2>Zeitgem\u00e4\u00dfe Definition der Fenster und T\u00fcren<\/h2>\n<p>Um den Marktbed\u00fcrfnissen gerecht zu werden, wird unser Angebot an smarten L\u00f6sungen immer breiter. Die von uns angebotenen Finderabdruckleseger\u00e4te, automatischen Fensterschlie\u03b2er, (AEROCONTROL-System) sch\u00fctzen das Geb\u00e4ude wirksam. Beleuchtete Handl\u00e4ufe, Zeitsteuerung, Fernbedienung der \u00d6ffnung von Fenstern oder T\u00fcren \u00fcber Smartphone sind nur einige von uns angebotene smarte Accessoires.<br \/>\n<\/div><\/div><\/div>\n<\/div><\/div>\n<section class=\"include_footer_type type_1\">\n    <h2 class=\"section_title\">Kontaktieren Sie uns<\/h2>\n    <div>\n        <div>\n            <div>\n                <img src=\"https:\/\/fasada.eu\/wp-content\/themes\/wi\/images\/sygnet.png\" style=\"width: 48px; height: 60px;\" alt=\"logo\">\n                <span>WARSZAWA<\/span>\n                Al. Krakowska 173,<br>\n\t\t\t\t<a href=\"tel:+4228685288\">tel.\/fax 22 868 52 88<\/a><br>\n\t\t\t\t<a href=\"mailto:warszawa@fasada.eu\">warszawa@fasada.eu<\/a>\n            <\/div>\n        <\/div>\n        <div>\n            <div>\n                <img src=\"https:\/\/fasada.eu\/wp-content\/themes\/wi\/images\/sygnet.png\" style=\"width: 48px; height: 60px;\" alt=\"logo\">\n                <span>BYDGOSZCZ<\/span>\n                ul. Kaszubska 17E,<br>\n\t\t\t\t<a href=\"tel:+48523224011\">tel.\/fax 52 322 40 11<\/a><br>\n                <a href=\"mailto:bydgoszcz@fasada.eu\">bydgoszcz@fasada.eu<\/a>\n            <\/div>\n        <\/div>\n        <div>\n            <div>\n                <img src=\"https:\/\/fasada.eu\/wp-content\/themes\/wi\/images\/sygnet.png\" style=\"width: 48px; height: 60px;\" alt=\"logo\">\n                <span>S\u0141UPSK<\/span>\n                ul. Ba\u0142tycka 10,<br>\n\t\t\t\t<a href=\"tel:+48598411001\">tel.\/fax 59 841 10 01<\/a><br>\n\t\t\t\t<!--<a href=\"tel:+48597273450\">tel. mob +48 597 273 450<\/a><br> -->\n\t\t\t\t<a href=\"mailto:fasada@fasada.eu\">fasada@fasada.eu<\/a>\n            <\/div>\n        <\/div>\n        <div class=\"flex_div\">\n            <div>\n                <div>\n                    <a class=\"button blue\" href=\"https:\/\/fasada.eu\/de\/kontakt\/\">senden Sie eine Anfrage<\/a>\n                <\/div>\n            <\/div>\n        <\/div>\n    <\/div>\n<\/section>\n","protected":false},"excerpt":{"rendered":"<p>Passivhaus in Zahlen 0,66 das beste Passivhaus, der Uw-Wert f\u00fcr MB-104 Passive 7 Jahre Erfahrung in Passivsystemen 10 Systeme von Fasada gem\u00e4\u00df Kriterien des Passivhauses Smarte Haus in Zahlen 12 smarte L\u00f6sungen im Angebot 8 Jahre Erfahrung im Einbau der Automatik 12100 mm Breite der von uns hergestellten Terrassent\u00fcren mit Fernbedienung<\/p>\n","protected":false},"author":1,"featured_media":0,"parent":1930,"menu_order":1,"comment_status":"closed","ping_status":"closed","template":"page_full.php","meta":{"inline_featured_image":false,"footnotes":""},"yoast_head":"<!-- This site is optimized with the Yoast SEO plugin v21.3 - https:\/\/yoast.com\/wordpress\/plugins\/seo\/ -->\n<title>Modernes Bauen - Fasada<\/title>\n<meta name=\"robots\" content=\"index, follow, max-snippet:-1, max-image-preview:large, max-video-preview:-1\" \/>\n<link rel=\"canonical\" href=\"https:\/\/fasada.eu\/de\/zentrum-des-wissens\/modernes-bauen\/\" \/>\n<meta property=\"og:locale\" content=\"de_DE\" \/>\n<meta property=\"og:type\" content=\"article\" \/>\n<meta property=\"og:title\" content=\"Modernes Bauen - Fasada\" \/>\n<meta property=\"og:description\" content=\"Passivhaus in Zahlen 0,66 das beste Passivhaus, der Uw-Wert f\u00fcr MB-104 Passive 7 Jahre Erfahrung in Passivsystemen 10 Systeme von Fasada gem\u00e4\u00df Kriterien des Passivhauses Smarte Haus in Zahlen 12 smarte L\u00f6sungen im Angebot 8 Jahre Erfahrung im Einbau der Automatik 12100 mm Breite der von uns hergestellten Terrassent\u00fcren mit Fernbedienung\" \/>\n<meta property=\"og:url\" content=\"https:\/\/fasada.eu\/de\/zentrum-des-wissens\/modernes-bauen\/\" \/>\n<meta property=\"og:site_name\" content=\"Fasada\" \/>\n<meta property=\"article:modified_time\" content=\"2017-12-13T09:05:36+00:00\" \/>\n<meta name=\"twitter:card\" content=\"summary_large_image\" \/>\n<meta name=\"twitter:label1\" content=\"Gesch\u00e4tzte Lesezeit\" \/>\n\t<meta name=\"twitter:data1\" content=\"3\u00a0Minuten\" \/>\n<script type=\"application\/ld+json\" class=\"yoast-schema-graph\">{\"@context\":\"https:\/\/schema.org\",\"@graph\":[{\"@type\":\"WebPage\",\"@id\":\"https:\/\/fasada.eu\/de\/zentrum-des-wissens\/modernes-bauen\/\",\"url\":\"https:\/\/fasada.eu\/de\/zentrum-des-wissens\/modernes-bauen\/\",\"name\":\"Modernes Bauen - Fasada\",\"isPartOf\":{\"@id\":\"https:\/\/fasada.eu\/en\/#website\"},\"datePublished\":\"2017-12-05T11:54:06+00:00\",\"dateModified\":\"2017-12-13T09:05:36+00:00\",\"breadcrumb\":{\"@id\":\"https:\/\/fasada.eu\/de\/zentrum-des-wissens\/modernes-bauen\/#breadcrumb\"},\"inLanguage\":\"de\",\"potentialAction\":[{\"@type\":\"ReadAction\",\"target\":[\"https:\/\/fasada.eu\/de\/zentrum-des-wissens\/modernes-bauen\/\"]}]},{\"@type\":\"BreadcrumbList\",\"@id\":\"https:\/\/fasada.eu\/de\/zentrum-des-wissens\/modernes-bauen\/#breadcrumb\",\"itemListElement\":[{\"@type\":\"ListItem\",\"position\":1,\"name\":\"Home\",\"item\":\"https:\/\/fasada.eu\/de\/\"},{\"@type\":\"ListItem\",\"position\":2,\"name\":\"ZENTRUM DES WISSENS\",\"item\":\"https:\/\/fasada.eu\/de\/zentrum-des-wissens\/\"},{\"@type\":\"ListItem\",\"position\":3,\"name\":\"Modernes Bauen\"}]},{\"@type\":\"WebSite\",\"@id\":\"https:\/\/fasada.eu\/en\/#website\",\"url\":\"https:\/\/fasada.eu\/en\/\",\"name\":\"Fasada\",\"description\":\"wizytowka Fasada Windows&amp;Doors\",\"potentialAction\":[{\"@type\":\"SearchAction\",\"target\":{\"@type\":\"EntryPoint\",\"urlTemplate\":\"https:\/\/fasada.eu\/en\/?s={search_term_string}\"},\"query-input\":\"required name=search_term_string\"}],\"inLanguage\":\"de\"}]}<\/script>\n<!-- \/ Yoast SEO plugin. -->","yoast_head_json":{"title":"Modernes Bauen - Fasada","robots":{"index":"index","follow":"follow","max-snippet":"max-snippet:-1","max-image-preview":"max-image-preview:large","max-video-preview":"max-video-preview:-1"},"canonical":"https:\/\/fasada.eu\/de\/zentrum-des-wissens\/modernes-bauen\/","og_locale":"de_DE","og_type":"article","og_title":"Modernes Bauen - Fasada","og_description":"Passivhaus in Zahlen 0,66 das beste Passivhaus, der Uw-Wert f\u00fcr MB-104 Passive 7 Jahre Erfahrung in Passivsystemen 10 Systeme von Fasada gem\u00e4\u00df Kriterien des Passivhauses Smarte Haus in Zahlen 12 smarte L\u00f6sungen im Angebot 8 Jahre Erfahrung im Einbau der Automatik 12100 mm Breite der von uns hergestellten Terrassent\u00fcren mit Fernbedienung","og_url":"https:\/\/fasada.eu\/de\/zentrum-des-wissens\/modernes-bauen\/","og_site_name":"Fasada","article_modified_time":"2017-12-13T09:05:36+00:00","twitter_card":"summary_large_image","twitter_misc":{"Gesch\u00e4tzte Lesezeit":"3\u00a0Minuten"},"schema":{"@context":"https:\/\/schema.org","@graph":[{"@type":"WebPage","@id":"https:\/\/fasada.eu\/de\/zentrum-des-wissens\/modernes-bauen\/","url":"https:\/\/fasada.eu\/de\/zentrum-des-wissens\/modernes-bauen\/","name":"Modernes Bauen - Fasada","isPartOf":{"@id":"https:\/\/fasada.eu\/en\/#website"},"datePublished":"2017-12-05T11:54:06+00:00","dateModified":"2017-12-13T09:05:36+00:00","breadcrumb":{"@id":"https:\/\/fasada.eu\/de\/zentrum-des-wissens\/modernes-bauen\/#breadcrumb"},"inLanguage":"de","potentialAction":[{"@type":"ReadAction","target":["https:\/\/fasada.eu\/de\/zentrum-des-wissens\/modernes-bauen\/"]}]},{"@type":"BreadcrumbList","@id":"https:\/\/fasada.eu\/de\/zentrum-des-wissens\/modernes-bauen\/#breadcrumb","itemListElement":[{"@type":"ListItem","position":1,"name":"Home","item":"https:\/\/fasada.eu\/de\/"},{"@type":"ListItem","position":2,"name":"ZENTRUM DES WISSENS","item":"https:\/\/fasada.eu\/de\/zentrum-des-wissens\/"},{"@type":"ListItem","position":3,"name":"Modernes Bauen"}]},{"@type":"WebSite","@id":"https:\/\/fasada.eu\/en\/#website","url":"https:\/\/fasada.eu\/en\/","name":"Fasada","description":"wizytowka Fasada Windows&amp;Doors","potentialAction":[{"@type":"SearchAction","target":{"@type":"EntryPoint","urlTemplate":"https:\/\/fasada.eu\/en\/?s={search_term_string}"},"query-input":"required name=search_term_string"}],"inLanguage":"de"}]}},"_links":{"self":[{"href":"https:\/\/fasada.eu\/de\/wp-json\/wp\/v2\/pages\/1932"}],"collection":[{"href":"https:\/\/fasada.eu\/de\/wp-json\/wp\/v2\/pages"}],"about":[{"href":"https:\/\/fasada.eu\/de\/wp-json\/wp\/v2\/types\/page"}],"author":[{"embeddable":true,"href":"https:\/\/fasada.eu\/de\/wp-json\/wp\/v2\/users\/1"}],"replies":[{"embeddable":true,"href":"https:\/\/fasada.eu\/de\/wp-json\/wp\/v2\/comments?post=1932"}],"version-history":[{"count":6,"href":"https:\/\/fasada.eu\/de\/wp-json\/wp\/v2\/pages\/1932\/revisions"}],"predecessor-version":[{"id":2248,"href":"https:\/\/fasada.eu\/de\/wp-json\/wp\/v2\/pages\/1932\/revisions\/2248"}],"up":[{"embeddable":true,"href":"https:\/\/fasada.eu\/de\/wp-json\/wp\/v2\/pages\/1930"}],"wp:attachment":[{"href":"https:\/\/fasada.eu\/de\/wp-json\/wp\/v2\/media?parent=1932"}],"curies":[{"name":"wp","href":"https:\/\/api.w.org\/{rel}","templated":true}]}}