{"id":1927,"date":"2017-12-05T12:39:07","date_gmt":"2017-12-05T11:39:07","guid":{"rendered":"http:\/\/fasada.eu\/?page_id=1927"},"modified":"2017-12-05T12:40:11","modified_gmt":"2017-12-05T11:40:11","slug":"aluminiumaufsaetze","status":"publish","type":"page","link":"https:\/\/fasada.eu\/de\/produkte\/zubehoer\/aluminiumaufsaetze\/","title":{"rendered":"Aluminiumaufs\u00e4tze"},"content":{"rendered":"<div class=\"p50_shortcode \" style=\"max-width:100%;\"><div><div>\n<h2>Schl\u00fcssel zur<br \/>\nSicherung Ihrer Fenster und T\u00fcren<\/h2>\n<p>Aluminiumaufs\u00e4tze verleihen den Fenstern und T\u00fcren eine moderne Optik au\u00dferhalb des Geb\u00e4udes unter gleichzeitiger Einhaltung ihrer nat\u00fcrlichen \u00c4sthetik im Innenraum.<br \/>\nDie von uns in Fenstern und T\u00fcren aus Holz und PVC eingesetzten Aufs\u00e4tze bilden einen wirksamen Schutz ihrer Au\u00dfenseite vor ung\u00fcnstigen Witterungsverh\u00e4ltnissen.<\/p>\n<\/div><\/div><div><div>\n<h2>Aluminiumaufs\u00e4tze<br \/>\n&#8211; Warum es <br \/> sich lohnt?<\/h2>\n<ul>\n<li>reiche Farb- und Strukturpalette,<\/li>\n<li>voller Schutz vor wechselhaften Witterungsverh\u00e4ltnissen,<\/li>\n<li>zertifizierter Schallschutz f\u00fcr Fenster bis 47 dB,*<\/li>\n<li>designorientiertes Integral-System mit verstecktem Fl\u00fcgel*.<\/li>\n<\/ul>\n<p>* gilt f\u00fcr ausgew\u00e4hlte Modelle<\/p>\n<\/div><\/div><\/div>\n<div id=\"gallery-custom_grid-1\" class=\"gallery-custom-inline-30   galleryid-1927\"><div class=\"gallery-row\"><div class=\"gallery-thumbnail size-gallery_box_30\"><a href=\"https:\/\/fasada.eu\/wp-content\/uploads\/2017\/10\/nakladki_alu_3_598.jpg\" target=\"_blank\" data-gallery=\"gallery-custom_grid-1\" title=\"\"><img src=\"https:\/\/fasada.eu\/wp-content\/uploads\/2017\/10\/nakladki_alu_3_598-425x425.jpg\" alt=\"nakladki_alu_3\" \/><\/a><\/div><\/div><div class=\"gallery-row\"><div class=\"gallery-thumbnail size-gallery_box_30\"><a href=\"https:\/\/fasada.eu\/wp-content\/uploads\/2017\/10\/nakladki_alu_2_322.jpg\" target=\"_blank\" data-gallery=\"gallery-custom_grid-1\" title=\"\"><img src=\"https:\/\/fasada.eu\/wp-content\/uploads\/2017\/10\/nakladki_alu_2_322-425x425.jpg\" alt=\"nak\u0142adki_alu_2\" \/><\/a><\/div><\/div><div class=\"gallery-row\"><div class=\"gallery-thumbnail size-gallery_box_30\"><a href=\"https:\/\/fasada.eu\/wp-content\/uploads\/2017\/10\/dodatki-nakladki-mira_843.jpg\" target=\"_blank\" data-gallery=\"gallery-custom_grid-1\" title=\"\"><img src=\"https:\/\/fasada.eu\/wp-content\/uploads\/2017\/10\/dodatki-nakladki-mira_843.jpg\" alt=\"dodatki-nakladki-mira\" \/><\/a><\/div><\/div><\/div>\n","protected":false},"excerpt":{"rendered":"<p>Schl\u00fcssel zur Sicherung Ihrer Fenster und T\u00fcren Aluminiumaufs\u00e4tze verleihen den Fenstern und T\u00fcren eine moderne Optik au\u00dferhalb des Geb\u00e4udes unter gleichzeitiger Einhaltung ihrer nat\u00fcrlichen \u00c4sthetik im Innenraum. Die von uns in Fenstern und T\u00fcren aus Holz und PVC eingesetzten Aufs\u00e4tze bilden einen wirksamen Schutz ihrer Au\u00dfenseite vor ung\u00fcnstigen Witterungsverh\u00e4ltnissen. Aluminiumaufs\u00e4tze &#8211; Warum es sich lohnt?&#8230;<\/p>\n","protected":false},"author":1,"featured_media":699,"parent":1904,"menu_order":8,"comment_status":"closed","ping_status":"closed","template":"","meta":{"inline_featured_image":false,"footnotes":""},"yoast_head":"<!-- This site is optimized with the Yoast SEO plugin v21.3 - https:\/\/yoast.com\/wordpress\/plugins\/seo\/ -->\n<title>Aluminiumaufs\u00e4tze - Fasada<\/title>\n<meta name=\"robots\" content=\"index, follow, max-snippet:-1, max-image-preview:large, max-video-preview:-1\" \/>\n<link rel=\"canonical\" href=\"https:\/\/fasada.eu\/de\/produkte\/zubehoer\/aluminiumaufsaetze\/\" \/>\n<meta property=\"og:locale\" content=\"de_DE\" \/>\n<meta property=\"og:type\" content=\"article\" \/>\n<meta property=\"og:title\" content=\"Aluminiumaufs\u00e4tze - Fasada\" \/>\n<meta property=\"og:description\" content=\"Schl\u00fcssel zur Sicherung Ihrer Fenster und T\u00fcren Aluminiumaufs\u00e4tze verleihen den Fenstern und T\u00fcren eine moderne Optik au\u00dferhalb des Geb\u00e4udes unter gleichzeitiger Einhaltung ihrer nat\u00fcrlichen \u00c4sthetik im Innenraum. Die von uns in Fenstern und T\u00fcren aus Holz und PVC eingesetzten Aufs\u00e4tze bilden einen wirksamen Schutz ihrer Au\u00dfenseite vor ung\u00fcnstigen Witterungsverh\u00e4ltnissen. Aluminiumaufs\u00e4tze &#8211; Warum es sich lohnt?...\" \/>\n<meta property=\"og:url\" content=\"https:\/\/fasada.eu\/de\/produkte\/zubehoer\/aluminiumaufsaetze\/\" \/>\n<meta property=\"og:site_name\" content=\"Fasada\" \/>\n<meta property=\"article:modified_time\" content=\"2017-12-05T11:40:11+00:00\" \/>\n<meta property=\"og:image\" content=\"https:\/\/fasada.eu\/wp-content\/uploads\/2017\/10\/dodatki_nakladki-aluminiowe_319.jpg\" \/>\n\t<meta property=\"og:image:width\" content=\"380\" \/>\n\t<meta property=\"og:image:height\" content=\"380\" \/>\n\t<meta property=\"og:image:type\" content=\"image\/jpeg\" \/>\n<meta name=\"twitter:card\" content=\"summary_large_image\" \/>\n<meta name=\"twitter:label1\" content=\"Gesch\u00e4tzte Lesezeit\" \/>\n\t<meta name=\"twitter:data1\" content=\"1\u00a0Minute\" \/>\n<script type=\"application\/ld+json\" class=\"yoast-schema-graph\">{\"@context\":\"https:\/\/schema.org\",\"@graph\":[{\"@type\":\"WebPage\",\"@id\":\"https:\/\/fasada.eu\/de\/produkte\/zubehoer\/aluminiumaufsaetze\/\",\"url\":\"https:\/\/fasada.eu\/de\/produkte\/zubehoer\/aluminiumaufsaetze\/\",\"name\":\"Aluminiumaufs\u00e4tze - Fasada\",\"isPartOf\":{\"@id\":\"https:\/\/fasada.eu\/en\/#website\"},\"datePublished\":\"2017-12-05T11:39:07+00:00\",\"dateModified\":\"2017-12-05T11:40:11+00:00\",\"breadcrumb\":{\"@id\":\"https:\/\/fasada.eu\/de\/produkte\/zubehoer\/aluminiumaufsaetze\/#breadcrumb\"},\"inLanguage\":\"de\",\"potentialAction\":[{\"@type\":\"ReadAction\",\"target\":[\"https:\/\/fasada.eu\/de\/produkte\/zubehoer\/aluminiumaufsaetze\/\"]}]},{\"@type\":\"BreadcrumbList\",\"@id\":\"https:\/\/fasada.eu\/de\/produkte\/zubehoer\/aluminiumaufsaetze\/#breadcrumb\",\"itemListElement\":[{\"@type\":\"ListItem\",\"position\":1,\"name\":\"Home\",\"item\":\"https:\/\/fasada.eu\/de\/\"},{\"@type\":\"ListItem\",\"position\":2,\"name\":\"Produkte\",\"item\":\"https:\/\/fasada.eu\/de\/produkte\/\"},{\"@type\":\"ListItem\",\"position\":3,\"name\":\"ZUBEH\u00d6R\",\"item\":\"https:\/\/fasada.eu\/de\/produkte\/zubehoer\/\"},{\"@type\":\"ListItem\",\"position\":4,\"name\":\"Aluminiumaufs\u00e4tze\"}]},{\"@type\":\"WebSite\",\"@id\":\"https:\/\/fasada.eu\/en\/#website\",\"url\":\"https:\/\/fasada.eu\/en\/\",\"name\":\"Fasada\",\"description\":\"wizytowka Fasada Windows&amp;Doors\",\"potentialAction\":[{\"@type\":\"SearchAction\",\"target\":{\"@type\":\"EntryPoint\",\"urlTemplate\":\"https:\/\/fasada.eu\/en\/?s={search_term_string}\"},\"query-input\":\"required name=search_term_string\"}],\"inLanguage\":\"de\"}]}<\/script>\n<!-- \/ Yoast SEO plugin. -->","yoast_head_json":{"title":"Aluminiumaufs\u00e4tze - Fasada","robots":{"index":"index","follow":"follow","max-snippet":"max-snippet:-1","max-image-preview":"max-image-preview:large","max-video-preview":"max-video-preview:-1"},"canonical":"https:\/\/fasada.eu\/de\/produkte\/zubehoer\/aluminiumaufsaetze\/","og_locale":"de_DE","og_type":"article","og_title":"Aluminiumaufs\u00e4tze - Fasada","og_description":"Schl\u00fcssel zur Sicherung Ihrer Fenster und T\u00fcren Aluminiumaufs\u00e4tze verleihen den Fenstern und T\u00fcren eine moderne Optik au\u00dferhalb des Geb\u00e4udes unter gleichzeitiger Einhaltung ihrer nat\u00fcrlichen \u00c4sthetik im Innenraum. Die von uns in Fenstern und T\u00fcren aus Holz und PVC eingesetzten Aufs\u00e4tze bilden einen wirksamen Schutz ihrer Au\u00dfenseite vor ung\u00fcnstigen Witterungsverh\u00e4ltnissen. Aluminiumaufs\u00e4tze &#8211; Warum es sich lohnt?...","og_url":"https:\/\/fasada.eu\/de\/produkte\/zubehoer\/aluminiumaufsaetze\/","og_site_name":"Fasada","article_modified_time":"2017-12-05T11:40:11+00:00","og_image":[{"width":380,"height":380,"url":"https:\/\/fasada.eu\/wp-content\/uploads\/2017\/10\/dodatki_nakladki-aluminiowe_319.jpg","type":"image\/jpeg"}],"twitter_card":"summary_large_image","twitter_misc":{"Gesch\u00e4tzte Lesezeit":"1\u00a0Minute"},"schema":{"@context":"https:\/\/schema.org","@graph":[{"@type":"WebPage","@id":"https:\/\/fasada.eu\/de\/produkte\/zubehoer\/aluminiumaufsaetze\/","url":"https:\/\/fasada.eu\/de\/produkte\/zubehoer\/aluminiumaufsaetze\/","name":"Aluminiumaufs\u00e4tze - Fasada","isPartOf":{"@id":"https:\/\/fasada.eu\/en\/#website"},"datePublished":"2017-12-05T11:39:07+00:00","dateModified":"2017-12-05T11:40:11+00:00","breadcrumb":{"@id":"https:\/\/fasada.eu\/de\/produkte\/zubehoer\/aluminiumaufsaetze\/#breadcrumb"},"inLanguage":"de","potentialAction":[{"@type":"ReadAction","target":["https:\/\/fasada.eu\/de\/produkte\/zubehoer\/aluminiumaufsaetze\/"]}]},{"@type":"BreadcrumbList","@id":"https:\/\/fasada.eu\/de\/produkte\/zubehoer\/aluminiumaufsaetze\/#breadcrumb","itemListElement":[{"@type":"ListItem","position":1,"name":"Home","item":"https:\/\/fasada.eu\/de\/"},{"@type":"ListItem","position":2,"name":"Produkte","item":"https:\/\/fasada.eu\/de\/produkte\/"},{"@type":"ListItem","position":3,"name":"ZUBEH\u00d6R","item":"https:\/\/fasada.eu\/de\/produkte\/zubehoer\/"},{"@type":"ListItem","position":4,"name":"Aluminiumaufs\u00e4tze"}]},{"@type":"WebSite","@id":"https:\/\/fasada.eu\/en\/#website","url":"https:\/\/fasada.eu\/en\/","name":"Fasada","description":"wizytowka Fasada Windows&amp;Doors","potentialAction":[{"@type":"SearchAction","target":{"@type":"EntryPoint","urlTemplate":"https:\/\/fasada.eu\/en\/?s={search_term_string}"},"query-input":"required name=search_term_string"}],"inLanguage":"de"}]}},"_links":{"self":[{"href":"https:\/\/fasada.eu\/de\/wp-json\/wp\/v2\/pages\/1927"}],"collection":[{"href":"https:\/\/fasada.eu\/de\/wp-json\/wp\/v2\/pages"}],"about":[{"href":"https:\/\/fasada.eu\/de\/wp-json\/wp\/v2\/types\/page"}],"author":[{"embeddable":true,"href":"https:\/\/fasada.eu\/de\/wp-json\/wp\/v2\/users\/1"}],"replies":[{"embeddable":true,"href":"https:\/\/fasada.eu\/de\/wp-json\/wp\/v2\/comments?post=1927"}],"version-history":[{"count":2,"href":"https:\/\/fasada.eu\/de\/wp-json\/wp\/v2\/pages\/1927\/revisions"}],"predecessor-version":[{"id":1929,"href":"https:\/\/fasada.eu\/de\/wp-json\/wp\/v2\/pages\/1927\/revisions\/1929"}],"up":[{"embeddable":true,"href":"https:\/\/fasada.eu\/de\/wp-json\/wp\/v2\/pages\/1904"}],"wp:featuredmedia":[{"embeddable":true,"href":"https:\/\/fasada.eu\/de\/wp-json\/wp\/v2\/media\/699"}],"wp:attachment":[{"href":"https:\/\/fasada.eu\/de\/wp-json\/wp\/v2\/media?parent=1927"}],"curies":[{"name":"wp","href":"https:\/\/api.w.org\/{rel}","templated":true}]}}