{"id":1925,"date":"2017-12-05T12:36:05","date_gmt":"2017-12-05T11:36:05","guid":{"rendered":"http:\/\/fasada.eu\/?page_id=1925"},"modified":"2021-12-15T08:58:24","modified_gmt":"2021-12-15T07:58:24","slug":"beschlaege","status":"publish","type":"page","link":"https:\/\/fasada.eu\/de\/produkte\/zubehoer\/beschlaege\/","title":{"rendered":"Beschl\u00e4ge"},"content":{"rendered":"<h2 class=\"big\" style=\"text-align: center;\">Beschl\u00e4ge SIEGENIA TITAN AF<\/h2>\n<div class=\"p50_shortcode \" style=\"max-width:100%;\"><div><div>\n<h2>Funktionalit\u00e4t steckt in Details<\/h2>\n<p>Der Einsatz von entsprechenden Zubeh\u00f6rteilen f\u00fcr Beschl\u00e4ge ist f\u00fcr die Verbesserung der Funktionalit\u00e4t, \u00c4sthetik sowie den Komfort der Fenster- und T\u00fcren-Nutzung ausschlaggebend. Die Blockade der Griffdrehung, Fl\u00fcgelheber, Selbstschlie\u03b2er, Fensterriegel sind nur ein Teil der von uns angebotenen und zum Einbau m\u00f6glichen Zubeh\u00f6rteile.<\/p>\n<\/div><\/div><div><div>\n<h2>F\u00fcr einen besseren Schutz Ihres Hauses<\/h2>\n<p>Beschl\u00e4ge erm\u00f6glichen einen besseren Bedienkomfort von Fenstern und T\u00fcren. Sie bilden auch einen optimalen Schutz vor Einbrechern. Mit der Auswahl des entsprechenden Beschlags k\u00f6nnen Sie die gew\u00fcnschte Art des Einbruchschutzes erreichen, von Widerstandsklasse RC1 bis RC4.<\/p>\n<\/div><\/div><\/div>\n<div id=\"gallery-custom_grid-1\" class=\"gallery-custom-inline-25 galleryid-1925\"><div class=\"gallery-row\"><div class=\"gallery-thumbnail size-gallery_box_25\"><a href=\"https:\/\/fasada.eu\/wp-content\/uploads\/2017\/10\/okucia_1_135.jpg\" target=\"_blank\" data-gallery=\"gallery-custom_grid-1\" title=\"\"><img src=\"https:\/\/fasada.eu\/wp-content\/uploads\/2017\/10\/okucia_1_135-320x320.jpg\" alt=\"okucia_1\" \/><\/a><\/div><\/div><div class=\"gallery-row\"><div class=\"gallery-thumbnail size-gallery_box_25\"><a href=\"https:\/\/fasada.eu\/wp-content\/uploads\/2017\/10\/okucia_2_806.jpg\" target=\"_blank\" data-gallery=\"gallery-custom_grid-1\" title=\"\"><img src=\"https:\/\/fasada.eu\/wp-content\/uploads\/2017\/10\/okucia_2_806-320x320.jpg\" alt=\"okucia_2\" \/><\/a><\/div><\/div><div class=\"gallery-row\"><div class=\"gallery-thumbnail size-gallery_box_25\"><a href=\"https:\/\/fasada.eu\/wp-content\/uploads\/2017\/10\/okucia_3_818.jpg\" target=\"_blank\" data-gallery=\"gallery-custom_grid-1\" title=\"\"><img src=\"https:\/\/fasada.eu\/wp-content\/uploads\/2017\/10\/okucia_3_818-320x320.jpg\" alt=\"okucia_3\" \/><\/a><\/div><\/div><div class=\"gallery-row\"><div class=\"gallery-thumbnail size-gallery_box_25\"><a href=\"https:\/\/fasada.eu\/wp-content\/uploads\/2017\/10\/okucia_4_470.jpg\" target=\"_blank\" data-gallery=\"gallery-custom_grid-1\" title=\"\"><img src=\"https:\/\/fasada.eu\/wp-content\/uploads\/2017\/10\/okucia_4_470-320x320.jpg\" alt=\"okucia_4\" \/><\/a><\/div><\/div><\/div>\n<h2 class=\"big\" style=\"text-align: center;\">Beschl\u00e4ge ROTO NX<\/h2>\n<div class=\"p50_shortcode flex\" style=\"max-width:100%;\"><div><div>\n<div class=\"faq_wrapper\"><div class=\"title_faq\"><span class=\"more_link_faq\"><\/span><span class=\"title\">Wirtschaftlichkeit<\/span><\/div><div class=\"faq_content\">\n<p><iframe loading=\"lazy\" title=\"FASADA - Beschl\u00e4ge Roto NX\" width=\"500\" height=\"281\" src=\"https:\/\/www.youtube.com\/embed\/g7M9bqLZrnk?feature=oembed\" frameborder=\"0\" allow=\"accelerometer; autoplay; clipboard-write; encrypted-media; gyroscope; picture-in-picture\" allowfullscreen><\/iframe><\/p>\n<\/div><\/div>\n<\/div><\/div><div><div>\n<div class=\"faq_wrapper\"><div class=\"title_faq\"><span class=\"more_link_faq\"><\/span><span class=\"title\">Sicherheit<\/span><\/div><div class=\"faq_content\">\n<p><iframe loading=\"lazy\" title=\"FASADA - Beschl\u00e4ge Roto NX und Sicherheit\" width=\"500\" height=\"281\" src=\"https:\/\/www.youtube.com\/embed\/aPdia2CntzE?feature=oembed\" frameborder=\"0\" allow=\"accelerometer; autoplay; clipboard-write; encrypted-media; gyroscope; picture-in-picture\" allowfullscreen><\/iframe><\/p>\n<\/div><\/div>\n<\/div><\/div><\/div>\n<div class=\"p50_shortcode flex\" style=\"max-width:100%;\"><div><div>\n<div class=\"faq_wrapper\"><div class=\"title_faq\"><span class=\"more_link_faq\"><\/span><span class=\"title\">Komfort<\/span><\/div><div class=\"faq_content\">\n<p><iframe loading=\"lazy\" title=\"FASADA - Beschl\u00e4ge Roto NX und komfort\" width=\"500\" height=\"281\" src=\"https:\/\/www.youtube.com\/embed\/q2B884C-vKk?feature=oembed\" frameborder=\"0\" allow=\"accelerometer; autoplay; clipboard-write; encrypted-media; gyroscope; picture-in-picture\" allowfullscreen><\/iframe><\/p>\n<\/div><\/div>\n<\/div><\/div><div><div>\n<div class=\"faq_wrapper\"><div class=\"title_faq\"><span class=\"more_link_faq\"><\/span><span class=\"title\">Design<\/span><\/div><div class=\"faq_content\">\n<p><iframe loading=\"lazy\" title=\"FASADA - Beschl\u00e4ge Roto NX und design\" width=\"500\" height=\"281\" src=\"https:\/\/www.youtube.com\/embed\/tORO50bxz8M?feature=oembed\" frameborder=\"0\" allow=\"accelerometer; autoplay; clipboard-write; encrypted-media; gyroscope; picture-in-picture\" allowfullscreen><\/iframe><\/p>\n<\/div><\/div>\n<\/div><\/div><\/div>\n","protected":false},"excerpt":{"rendered":"<p>Beschl\u00e4ge SIEGENIA TITAN AF Funktionalit\u00e4t steckt in Details Der Einsatz von entsprechenden Zubeh\u00f6rteilen f\u00fcr Beschl\u00e4ge ist f\u00fcr die Verbesserung der Funktionalit\u00e4t, \u00c4sthetik sowie den Komfort der Fenster- und T\u00fcren-Nutzung ausschlaggebend. Die Blockade der Griffdrehung, Fl\u00fcgelheber, Selbstschlie\u03b2er, Fensterriegel sind nur ein Teil der von uns angebotenen und zum Einbau m\u00f6glichen Zubeh\u00f6rteile. F\u00fcr einen besseren Schutz Ihres&#8230;<\/p>\n","protected":false},"author":1,"featured_media":702,"parent":1904,"menu_order":7,"comment_status":"closed","ping_status":"closed","template":"","meta":{"inline_featured_image":false,"footnotes":""},"yoast_head":"<!-- This site is optimized with the Yoast SEO plugin v21.3 - https:\/\/yoast.com\/wordpress\/plugins\/seo\/ -->\n<title>Beschl\u00e4ge - Fasada<\/title>\n<meta name=\"robots\" content=\"index, follow, max-snippet:-1, max-image-preview:large, max-video-preview:-1\" \/>\n<link rel=\"canonical\" href=\"https:\/\/fasada.eu\/de\/produkte\/zubehoer\/beschlaege\/\" \/>\n<meta property=\"og:locale\" content=\"de_DE\" \/>\n<meta property=\"og:type\" content=\"article\" \/>\n<meta property=\"og:title\" content=\"Beschl\u00e4ge - Fasada\" \/>\n<meta property=\"og:description\" content=\"Beschl\u00e4ge SIEGENIA TITAN AF Funktionalit\u00e4t steckt in Details Der Einsatz von entsprechenden Zubeh\u00f6rteilen f\u00fcr Beschl\u00e4ge ist f\u00fcr die Verbesserung der Funktionalit\u00e4t, \u00c4sthetik sowie den Komfort der Fenster- und T\u00fcren-Nutzung ausschlaggebend. Die Blockade der Griffdrehung, Fl\u00fcgelheber, Selbstschlie\u03b2er, Fensterriegel sind nur ein Teil der von uns angebotenen und zum Einbau m\u00f6glichen Zubeh\u00f6rteile. F\u00fcr einen besseren Schutz Ihres...\" \/>\n<meta property=\"og:url\" content=\"https:\/\/fasada.eu\/de\/produkte\/zubehoer\/beschlaege\/\" \/>\n<meta property=\"og:site_name\" content=\"Fasada\" \/>\n<meta property=\"article:modified_time\" content=\"2021-12-15T07:58:24+00:00\" \/>\n<meta property=\"og:image\" content=\"https:\/\/fasada.eu\/wp-content\/uploads\/2017\/10\/dodatki_okucia_412.jpg\" \/>\n\t<meta property=\"og:image:width\" content=\"380\" \/>\n\t<meta property=\"og:image:height\" content=\"380\" \/>\n\t<meta property=\"og:image:type\" content=\"image\/jpeg\" \/>\n<meta name=\"twitter:card\" content=\"summary_large_image\" \/>\n<meta name=\"twitter:label1\" content=\"Gesch\u00e4tzte Lesezeit\" \/>\n\t<meta name=\"twitter:data1\" content=\"1\u00a0Minute\" \/>\n<script type=\"application\/ld+json\" class=\"yoast-schema-graph\">{\"@context\":\"https:\/\/schema.org\",\"@graph\":[{\"@type\":\"WebPage\",\"@id\":\"https:\/\/fasada.eu\/de\/produkte\/zubehoer\/beschlaege\/\",\"url\":\"https:\/\/fasada.eu\/de\/produkte\/zubehoer\/beschlaege\/\",\"name\":\"Beschl\u00e4ge - Fasada\",\"isPartOf\":{\"@id\":\"https:\/\/fasada.eu\/en\/#website\"},\"datePublished\":\"2017-12-05T11:36:05+00:00\",\"dateModified\":\"2021-12-15T07:58:24+00:00\",\"breadcrumb\":{\"@id\":\"https:\/\/fasada.eu\/de\/produkte\/zubehoer\/beschlaege\/#breadcrumb\"},\"inLanguage\":\"de\",\"potentialAction\":[{\"@type\":\"ReadAction\",\"target\":[\"https:\/\/fasada.eu\/de\/produkte\/zubehoer\/beschlaege\/\"]}]},{\"@type\":\"BreadcrumbList\",\"@id\":\"https:\/\/fasada.eu\/de\/produkte\/zubehoer\/beschlaege\/#breadcrumb\",\"itemListElement\":[{\"@type\":\"ListItem\",\"position\":1,\"name\":\"Home\",\"item\":\"https:\/\/fasada.eu\/de\/\"},{\"@type\":\"ListItem\",\"position\":2,\"name\":\"Produkte\",\"item\":\"https:\/\/fasada.eu\/de\/produkte\/\"},{\"@type\":\"ListItem\",\"position\":3,\"name\":\"ZUBEH\u00d6R\",\"item\":\"https:\/\/fasada.eu\/de\/produkte\/zubehoer\/\"},{\"@type\":\"ListItem\",\"position\":4,\"name\":\"Beschl\u00e4ge\"}]},{\"@type\":\"WebSite\",\"@id\":\"https:\/\/fasada.eu\/en\/#website\",\"url\":\"https:\/\/fasada.eu\/en\/\",\"name\":\"Fasada\",\"description\":\"wizytowka Fasada Windows&amp;Doors\",\"potentialAction\":[{\"@type\":\"SearchAction\",\"target\":{\"@type\":\"EntryPoint\",\"urlTemplate\":\"https:\/\/fasada.eu\/en\/?s={search_term_string}\"},\"query-input\":\"required name=search_term_string\"}],\"inLanguage\":\"de\"}]}<\/script>\n<!-- \/ Yoast SEO plugin. -->","yoast_head_json":{"title":"Beschl\u00e4ge - Fasada","robots":{"index":"index","follow":"follow","max-snippet":"max-snippet:-1","max-image-preview":"max-image-preview:large","max-video-preview":"max-video-preview:-1"},"canonical":"https:\/\/fasada.eu\/de\/produkte\/zubehoer\/beschlaege\/","og_locale":"de_DE","og_type":"article","og_title":"Beschl\u00e4ge - Fasada","og_description":"Beschl\u00e4ge SIEGENIA TITAN AF Funktionalit\u00e4t steckt in Details Der Einsatz von entsprechenden Zubeh\u00f6rteilen f\u00fcr Beschl\u00e4ge ist f\u00fcr die Verbesserung der Funktionalit\u00e4t, \u00c4sthetik sowie den Komfort der Fenster- und T\u00fcren-Nutzung ausschlaggebend. Die Blockade der Griffdrehung, Fl\u00fcgelheber, Selbstschlie\u03b2er, Fensterriegel sind nur ein Teil der von uns angebotenen und zum Einbau m\u00f6glichen Zubeh\u00f6rteile. F\u00fcr einen besseren Schutz Ihres...","og_url":"https:\/\/fasada.eu\/de\/produkte\/zubehoer\/beschlaege\/","og_site_name":"Fasada","article_modified_time":"2021-12-15T07:58:24+00:00","og_image":[{"width":380,"height":380,"url":"https:\/\/fasada.eu\/wp-content\/uploads\/2017\/10\/dodatki_okucia_412.jpg","type":"image\/jpeg"}],"twitter_card":"summary_large_image","twitter_misc":{"Gesch\u00e4tzte Lesezeit":"1\u00a0Minute"},"schema":{"@context":"https:\/\/schema.org","@graph":[{"@type":"WebPage","@id":"https:\/\/fasada.eu\/de\/produkte\/zubehoer\/beschlaege\/","url":"https:\/\/fasada.eu\/de\/produkte\/zubehoer\/beschlaege\/","name":"Beschl\u00e4ge - Fasada","isPartOf":{"@id":"https:\/\/fasada.eu\/en\/#website"},"datePublished":"2017-12-05T11:36:05+00:00","dateModified":"2021-12-15T07:58:24+00:00","breadcrumb":{"@id":"https:\/\/fasada.eu\/de\/produkte\/zubehoer\/beschlaege\/#breadcrumb"},"inLanguage":"de","potentialAction":[{"@type":"ReadAction","target":["https:\/\/fasada.eu\/de\/produkte\/zubehoer\/beschlaege\/"]}]},{"@type":"BreadcrumbList","@id":"https:\/\/fasada.eu\/de\/produkte\/zubehoer\/beschlaege\/#breadcrumb","itemListElement":[{"@type":"ListItem","position":1,"name":"Home","item":"https:\/\/fasada.eu\/de\/"},{"@type":"ListItem","position":2,"name":"Produkte","item":"https:\/\/fasada.eu\/de\/produkte\/"},{"@type":"ListItem","position":3,"name":"ZUBEH\u00d6R","item":"https:\/\/fasada.eu\/de\/produkte\/zubehoer\/"},{"@type":"ListItem","position":4,"name":"Beschl\u00e4ge"}]},{"@type":"WebSite","@id":"https:\/\/fasada.eu\/en\/#website","url":"https:\/\/fasada.eu\/en\/","name":"Fasada","description":"wizytowka Fasada Windows&amp;Doors","potentialAction":[{"@type":"SearchAction","target":{"@type":"EntryPoint","urlTemplate":"https:\/\/fasada.eu\/en\/?s={search_term_string}"},"query-input":"required name=search_term_string"}],"inLanguage":"de"}]}},"_links":{"self":[{"href":"https:\/\/fasada.eu\/de\/wp-json\/wp\/v2\/pages\/1925"}],"collection":[{"href":"https:\/\/fasada.eu\/de\/wp-json\/wp\/v2\/pages"}],"about":[{"href":"https:\/\/fasada.eu\/de\/wp-json\/wp\/v2\/types\/page"}],"author":[{"embeddable":true,"href":"https:\/\/fasada.eu\/de\/wp-json\/wp\/v2\/users\/1"}],"replies":[{"embeddable":true,"href":"https:\/\/fasada.eu\/de\/wp-json\/wp\/v2\/comments?post=1925"}],"version-history":[{"count":4,"href":"https:\/\/fasada.eu\/de\/wp-json\/wp\/v2\/pages\/1925\/revisions"}],"predecessor-version":[{"id":3180,"href":"https:\/\/fasada.eu\/de\/wp-json\/wp\/v2\/pages\/1925\/revisions\/3180"}],"up":[{"embeddable":true,"href":"https:\/\/fasada.eu\/de\/wp-json\/wp\/v2\/pages\/1904"}],"wp:featuredmedia":[{"embeddable":true,"href":"https:\/\/fasada.eu\/de\/wp-json\/wp\/v2\/media\/702"}],"wp:attachment":[{"href":"https:\/\/fasada.eu\/de\/wp-json\/wp\/v2\/media?parent=1925"}],"curies":[{"name":"wp","href":"https:\/\/api.w.org\/{rel}","templated":true}]}}