{"id":1920,"date":"2017-12-05T12:29:28","date_gmt":"2017-12-05T11:29:28","guid":{"rendered":"http:\/\/fasada.eu\/?page_id=1920"},"modified":"2017-12-05T12:29:49","modified_gmt":"2017-12-05T11:29:49","slug":"moskitonetze","status":"publish","type":"page","link":"https:\/\/fasada.eu\/de\/produkte\/zubehoer\/moskitonetze\/","title":{"rendered":"Moskitonetze"},"content":{"rendered":"<div class=\"p50_shortcode \" style=\"max-width:100%;\"><div><div>\n<h2>Wirkamer <br \/> Insektenschutz<\/h2>\n<p>Wie kann man das Hausinnere vor unerw\u00fcnschten Insekten wirksam sichern? Optimale und bequeme L\u00f6sung sind Moskitonetze, die sowohl an Fenstern als auch T\u00fcren eingebaut werden. Mit Moskitonetzen k\u00f6nnen Sie im Sommer die R\u00e4ume frei l\u00fcften, und nachts wiederum einen ruhigen Schlaf genie\u00dfen.<\/p>\n<\/div><\/div><div><div>\n<h2>Leichte Pflege und Farbenvielfalt<\/h2>\n<p>Im Angebot haben wir Moskitonetze mit breiter Anwendung, u.a.: Faltenmoskitonetze, Moskitonetzrollos und Moskitonetzrahmen. Angepasst an die \u00d6ffnung, sorgen sie f\u00fcr eine ruhige Erholung im eigenen Zuhause, wodurch sie ihre Funktion optimal erf\u00fcllen. Moskitonetze sind in vielf\u00e4ltigen Farben erh\u00e4ltlich. Somit wird ein attraktiver optischer Effekt erzielt und die Fertigung aus dem hochwertigen Material gew\u00e4hrleistet die jahrelange Best\u00e4ndigkeit sowie einfache Pflege.<\/p>\n<\/div><\/div><\/div>\n<div id=\"gallery-custom_grid-1\" class=\"gallery-custom-inline-30   galleryid-1920\"><div class=\"gallery-row\"><div class=\"gallery-thumbnail size-gallery_box_30\"><a href=\"https:\/\/fasada.eu\/wp-content\/uploads\/2017\/10\/moskitiery_1_908.jpg\" target=\"_blank\" data-gallery=\"gallery-custom_grid-1\" title=\"\"><img src=\"https:\/\/fasada.eu\/wp-content\/uploads\/2017\/10\/moskitiery_1_908-425x425.jpg\" alt=\"Moskitiery_1\" \/><\/a><\/div><\/div><div class=\"gallery-row\"><div class=\"gallery-thumbnail size-gallery_box_30\"><a href=\"https:\/\/fasada.eu\/wp-content\/uploads\/2017\/10\/moskitiery_2_739.jpg\" target=\"_blank\" data-gallery=\"gallery-custom_grid-1\" title=\"\"><img src=\"https:\/\/fasada.eu\/wp-content\/uploads\/2017\/10\/moskitiery_2_739-425x425.jpg\" alt=\"Moskitiery_2\" \/><\/a><\/div><\/div><div class=\"gallery-row\"><div class=\"gallery-thumbnail size-gallery_box_30\"><a href=\"https:\/\/fasada.eu\/wp-content\/uploads\/2017\/10\/moskitiery_3_180.jpg\" target=\"_blank\" data-gallery=\"gallery-custom_grid-1\" title=\"\"><img src=\"https:\/\/fasada.eu\/wp-content\/uploads\/2017\/10\/moskitiery_3_180-425x425.jpg\" alt=\"Moskitiery_3\" \/><\/a><\/div><\/div><\/div>\n<p>&nbsp;<\/p>\n","protected":false},"excerpt":{"rendered":"<p>Wirkamer Insektenschutz Wie kann man das Hausinnere vor unerw\u00fcnschten Insekten wirksam sichern? Optimale und bequeme L\u00f6sung sind Moskitonetze, die sowohl an Fenstern als auch T\u00fcren eingebaut werden. Mit Moskitonetzen k\u00f6nnen Sie im Sommer die R\u00e4ume frei l\u00fcften, und nachts wiederum einen ruhigen Schlaf genie\u00dfen. Leichte Pflege und Farbenvielfalt Im Angebot haben wir Moskitonetze mit breiter&#8230;<\/p>\n","protected":false},"author":1,"featured_media":698,"parent":1904,"menu_order":5,"comment_status":"closed","ping_status":"closed","template":"","meta":{"inline_featured_image":false,"footnotes":""},"yoast_head":"<!-- This site is optimized with the Yoast SEO plugin v21.3 - https:\/\/yoast.com\/wordpress\/plugins\/seo\/ -->\n<title>Moskitonetze - Fasada<\/title>\n<meta name=\"robots\" content=\"index, follow, max-snippet:-1, max-image-preview:large, max-video-preview:-1\" \/>\n<link rel=\"canonical\" href=\"https:\/\/fasada.eu\/de\/produkte\/zubehoer\/moskitonetze\/\" \/>\n<meta property=\"og:locale\" content=\"de_DE\" \/>\n<meta property=\"og:type\" content=\"article\" \/>\n<meta property=\"og:title\" content=\"Moskitonetze - Fasada\" \/>\n<meta property=\"og:description\" content=\"Wirkamer Insektenschutz Wie kann man das Hausinnere vor unerw\u00fcnschten Insekten wirksam sichern? Optimale und bequeme L\u00f6sung sind Moskitonetze, die sowohl an Fenstern als auch T\u00fcren eingebaut werden. Mit Moskitonetzen k\u00f6nnen Sie im Sommer die R\u00e4ume frei l\u00fcften, und nachts wiederum einen ruhigen Schlaf genie\u00dfen. Leichte Pflege und Farbenvielfalt Im Angebot haben wir Moskitonetze mit breiter...\" \/>\n<meta property=\"og:url\" content=\"https:\/\/fasada.eu\/de\/produkte\/zubehoer\/moskitonetze\/\" \/>\n<meta property=\"og:site_name\" content=\"Fasada\" \/>\n<meta property=\"article:modified_time\" content=\"2017-12-05T11:29:49+00:00\" \/>\n<meta property=\"og:image\" content=\"https:\/\/fasada.eu\/wp-content\/uploads\/2017\/10\/dodatki_moskitiery_202.jpg\" \/>\n\t<meta property=\"og:image:width\" content=\"380\" \/>\n\t<meta property=\"og:image:height\" content=\"380\" \/>\n\t<meta property=\"og:image:type\" content=\"image\/jpeg\" \/>\n<meta name=\"twitter:card\" content=\"summary_large_image\" \/>\n<meta name=\"twitter:label1\" content=\"Gesch\u00e4tzte Lesezeit\" \/>\n\t<meta name=\"twitter:data1\" content=\"1\u00a0Minute\" \/>\n<script type=\"application\/ld+json\" class=\"yoast-schema-graph\">{\"@context\":\"https:\/\/schema.org\",\"@graph\":[{\"@type\":\"WebPage\",\"@id\":\"https:\/\/fasada.eu\/de\/produkte\/zubehoer\/moskitonetze\/\",\"url\":\"https:\/\/fasada.eu\/de\/produkte\/zubehoer\/moskitonetze\/\",\"name\":\"Moskitonetze - Fasada\",\"isPartOf\":{\"@id\":\"https:\/\/fasada.eu\/en\/#website\"},\"datePublished\":\"2017-12-05T11:29:28+00:00\",\"dateModified\":\"2017-12-05T11:29:49+00:00\",\"breadcrumb\":{\"@id\":\"https:\/\/fasada.eu\/de\/produkte\/zubehoer\/moskitonetze\/#breadcrumb\"},\"inLanguage\":\"de\",\"potentialAction\":[{\"@type\":\"ReadAction\",\"target\":[\"https:\/\/fasada.eu\/de\/produkte\/zubehoer\/moskitonetze\/\"]}]},{\"@type\":\"BreadcrumbList\",\"@id\":\"https:\/\/fasada.eu\/de\/produkte\/zubehoer\/moskitonetze\/#breadcrumb\",\"itemListElement\":[{\"@type\":\"ListItem\",\"position\":1,\"name\":\"Home\",\"item\":\"https:\/\/fasada.eu\/de\/\"},{\"@type\":\"ListItem\",\"position\":2,\"name\":\"Produkte\",\"item\":\"https:\/\/fasada.eu\/de\/produkte\/\"},{\"@type\":\"ListItem\",\"position\":3,\"name\":\"ZUBEH\u00d6R\",\"item\":\"https:\/\/fasada.eu\/de\/produkte\/zubehoer\/\"},{\"@type\":\"ListItem\",\"position\":4,\"name\":\"Moskitonetze\"}]},{\"@type\":\"WebSite\",\"@id\":\"https:\/\/fasada.eu\/en\/#website\",\"url\":\"https:\/\/fasada.eu\/en\/\",\"name\":\"Fasada\",\"description\":\"wizytowka Fasada Windows&amp;Doors\",\"potentialAction\":[{\"@type\":\"SearchAction\",\"target\":{\"@type\":\"EntryPoint\",\"urlTemplate\":\"https:\/\/fasada.eu\/en\/?s={search_term_string}\"},\"query-input\":\"required name=search_term_string\"}],\"inLanguage\":\"de\"}]}<\/script>\n<!-- \/ Yoast SEO plugin. -->","yoast_head_json":{"title":"Moskitonetze - Fasada","robots":{"index":"index","follow":"follow","max-snippet":"max-snippet:-1","max-image-preview":"max-image-preview:large","max-video-preview":"max-video-preview:-1"},"canonical":"https:\/\/fasada.eu\/de\/produkte\/zubehoer\/moskitonetze\/","og_locale":"de_DE","og_type":"article","og_title":"Moskitonetze - Fasada","og_description":"Wirkamer Insektenschutz Wie kann man das Hausinnere vor unerw\u00fcnschten Insekten wirksam sichern? Optimale und bequeme L\u00f6sung sind Moskitonetze, die sowohl an Fenstern als auch T\u00fcren eingebaut werden. Mit Moskitonetzen k\u00f6nnen Sie im Sommer die R\u00e4ume frei l\u00fcften, und nachts wiederum einen ruhigen Schlaf genie\u00dfen. Leichte Pflege und Farbenvielfalt Im Angebot haben wir Moskitonetze mit breiter...","og_url":"https:\/\/fasada.eu\/de\/produkte\/zubehoer\/moskitonetze\/","og_site_name":"Fasada","article_modified_time":"2017-12-05T11:29:49+00:00","og_image":[{"width":380,"height":380,"url":"https:\/\/fasada.eu\/wp-content\/uploads\/2017\/10\/dodatki_moskitiery_202.jpg","type":"image\/jpeg"}],"twitter_card":"summary_large_image","twitter_misc":{"Gesch\u00e4tzte Lesezeit":"1\u00a0Minute"},"schema":{"@context":"https:\/\/schema.org","@graph":[{"@type":"WebPage","@id":"https:\/\/fasada.eu\/de\/produkte\/zubehoer\/moskitonetze\/","url":"https:\/\/fasada.eu\/de\/produkte\/zubehoer\/moskitonetze\/","name":"Moskitonetze - Fasada","isPartOf":{"@id":"https:\/\/fasada.eu\/en\/#website"},"datePublished":"2017-12-05T11:29:28+00:00","dateModified":"2017-12-05T11:29:49+00:00","breadcrumb":{"@id":"https:\/\/fasada.eu\/de\/produkte\/zubehoer\/moskitonetze\/#breadcrumb"},"inLanguage":"de","potentialAction":[{"@type":"ReadAction","target":["https:\/\/fasada.eu\/de\/produkte\/zubehoer\/moskitonetze\/"]}]},{"@type":"BreadcrumbList","@id":"https:\/\/fasada.eu\/de\/produkte\/zubehoer\/moskitonetze\/#breadcrumb","itemListElement":[{"@type":"ListItem","position":1,"name":"Home","item":"https:\/\/fasada.eu\/de\/"},{"@type":"ListItem","position":2,"name":"Produkte","item":"https:\/\/fasada.eu\/de\/produkte\/"},{"@type":"ListItem","position":3,"name":"ZUBEH\u00d6R","item":"https:\/\/fasada.eu\/de\/produkte\/zubehoer\/"},{"@type":"ListItem","position":4,"name":"Moskitonetze"}]},{"@type":"WebSite","@id":"https:\/\/fasada.eu\/en\/#website","url":"https:\/\/fasada.eu\/en\/","name":"Fasada","description":"wizytowka Fasada Windows&amp;Doors","potentialAction":[{"@type":"SearchAction","target":{"@type":"EntryPoint","urlTemplate":"https:\/\/fasada.eu\/en\/?s={search_term_string}"},"query-input":"required name=search_term_string"}],"inLanguage":"de"}]}},"_links":{"self":[{"href":"https:\/\/fasada.eu\/de\/wp-json\/wp\/v2\/pages\/1920"}],"collection":[{"href":"https:\/\/fasada.eu\/de\/wp-json\/wp\/v2\/pages"}],"about":[{"href":"https:\/\/fasada.eu\/de\/wp-json\/wp\/v2\/types\/page"}],"author":[{"embeddable":true,"href":"https:\/\/fasada.eu\/de\/wp-json\/wp\/v2\/users\/1"}],"replies":[{"embeddable":true,"href":"https:\/\/fasada.eu\/de\/wp-json\/wp\/v2\/comments?post=1920"}],"version-history":[{"count":2,"href":"https:\/\/fasada.eu\/de\/wp-json\/wp\/v2\/pages\/1920\/revisions"}],"predecessor-version":[{"id":1922,"href":"https:\/\/fasada.eu\/de\/wp-json\/wp\/v2\/pages\/1920\/revisions\/1922"}],"up":[{"embeddable":true,"href":"https:\/\/fasada.eu\/de\/wp-json\/wp\/v2\/pages\/1904"}],"wp:featuredmedia":[{"embeddable":true,"href":"https:\/\/fasada.eu\/de\/wp-json\/wp\/v2\/media\/698"}],"wp:attachment":[{"href":"https:\/\/fasada.eu\/de\/wp-json\/wp\/v2\/media?parent=1920"}],"curies":[{"name":"wp","href":"https:\/\/api.w.org\/{rel}","templated":true}]}}