{"id":1900,"date":"2017-12-05T11:52:02","date_gmt":"2017-12-05T10:52:02","guid":{"rendered":"http:\/\/fasada.eu\/?page_id=1900"},"modified":"2017-12-06T13:15:27","modified_gmt":"2017-12-06T12:15:27","slug":"aussenrolllaeden","status":"publish","type":"page","link":"https:\/\/fasada.eu\/de\/produkte\/rollaeden\/aussenrolllaeden\/","title":{"rendered":"Au\u00dfenrolll\u00e4den"},"content":{"rendered":"<div class=\"content_wrapper_shortcode animate_div type2\"><div>\n<div class=\"p50_shortcode \" style=\"max-width:100%;\"><div><div>\n<h2>F\u00fcr Ihren maximalen Schutz<\/h2>\n<p>Au\u00dfen-Vorbaurolll\u00e4den sowie Unterputz-Rolll\u00e4den lassen sich jederzeit und auf jeder Bauetappe des Objektes einbauen. Sie verhindern die \u00c4nderung der Energiebilanz des Geb\u00e4udes. Zus\u00e4tzliche W\u00e4rmed\u00e4mmung erm\u00f6glicht die Heizkosten des Geb\u00e4udes im Winter wirksam zu verringern. Im Sommer verhindert sie die \u00dcberhitzung des Raums. Diese Au\u03b2enrolll\u00e4den sind aus hochwertigen Materialien gefertigt, die ihre Best\u00e4ndigkeit f\u00fcr Jahre gew\u00e4hrleisten. Mit einer breiten Palette von Farben und Formen entsteht das Produkt, das den Erwartungen der meist anspruchsvollen Kunden entspricht.<br \/>\n<\/div><\/div><div><div>\n<h2>Warum <br \/> es sich lohnt?<\/h2>\n<ul>\n<li>Einbau der Au\u03b2enrolll\u00e4den an die bestehenden Geb\u00e4ude m\u00f6glich,<\/li>\n<li>zus\u00e4tzliche Schalld\u00e4mmung,<\/li>\n<li>wirksame Einbruchshemmung,<\/li>\n<li>Fenster-\u00d6ffnungs-Sicherung vor Wirkung wechselhafter Witterungsverh\u00e4ltnisse,<\/li>\n<li>Anwendung des integrierten Kartoffelk\u00e4fer-Schutzes m\u00f6glich,<\/li>\n<li>gro\u00dfe Auswahl an Steuerung der Au\u03b2enrolll\u00e4den (Manual und automatisch gesteuerte Systeme).<\/li>\n<\/ul>\n<\/div><\/div><\/div>\n<\/div><\/div>\n<div class=\"content_wrapper_shortcode animate_div \"><div>\n<h2 class=\"big\" style=\"text-align: center;\">Beispiele<\/h2>\n<h2><\/h2>\n<div id=\"gallery-custom_grid-1\" class=\"gallery-custom-inline-25 galleryid-1900\"><div class=\"gallery-row\"><div class=\"gallery-thumbnail size-gallery_box_25\"><a href=\"https:\/\/fasada.eu\/wp-content\/uploads\/2017\/10\/rolety_2_714.jpg\" target=\"_blank\" data-gallery=\"gallery-custom_grid-1\" title=\"\"><img src=\"https:\/\/fasada.eu\/wp-content\/uploads\/2017\/10\/rolety_2_714-320x320.jpg\" alt=\"Rolety_2\" \/><\/a><\/div><\/div><div class=\"gallery-row\"><div class=\"gallery-thumbnail size-gallery_box_25\"><a href=\"https:\/\/fasada.eu\/wp-content\/uploads\/2017\/10\/rolety_3_430.jpg\" target=\"_blank\" data-gallery=\"gallery-custom_grid-1\" title=\"\"><img src=\"https:\/\/fasada.eu\/wp-content\/uploads\/2017\/10\/rolety_3_430-320x320.jpg\" alt=\"Rolety_3\" \/><\/a><\/div><\/div><div class=\"gallery-row\"><div class=\"gallery-thumbnail size-gallery_box_25\"><a href=\"https:\/\/fasada.eu\/wp-content\/uploads\/2017\/10\/rolety_4_930.jpg\" target=\"_blank\" data-gallery=\"gallery-custom_grid-1\" title=\"\"><img src=\"https:\/\/fasada.eu\/wp-content\/uploads\/2017\/10\/rolety_4_930-320x320.jpg\" alt=\"Rolety_4\" \/><\/a><\/div><\/div><div class=\"gallery-row\"><div class=\"gallery-thumbnail size-gallery_box_25\"><a href=\"https:\/\/fasada.eu\/wp-content\/uploads\/2017\/10\/rolety_5_487.jpg\" target=\"_blank\" data-gallery=\"gallery-custom_grid-1\" title=\"\"><img src=\"https:\/\/fasada.eu\/wp-content\/uploads\/2017\/10\/rolety_5_487-320x320.jpg\" alt=\"Rolety_5\" \/><\/a><\/div><\/div><\/div>\n<\/div><\/div>\n<p>&nbsp;<\/p>\n<section class=\"include_footer_type type_1\">\n    <h2 class=\"section_title\">Kontaktieren Sie uns<\/h2>\n    <div>\n        <div>\n            <div>\n                <img src=\"https:\/\/fasada.eu\/wp-content\/themes\/wi\/images\/sygnet.png\" style=\"width: 48px; height: 60px;\" alt=\"logo\">\n                <span>WARSZAWA<\/span>\n                Al. Krakowska 173,<br>\n\t\t\t\t<a href=\"tel:+4228685288\">tel.\/fax 22 868 52 88<\/a><br>\n\t\t\t\t<a href=\"mailto:warszawa@fasada.eu\">warszawa@fasada.eu<\/a>\n            <\/div>\n        <\/div>\n        <div>\n            <div>\n                <img src=\"https:\/\/fasada.eu\/wp-content\/themes\/wi\/images\/sygnet.png\" style=\"width: 48px; height: 60px;\" alt=\"logo\">\n                <span>BYDGOSZCZ<\/span>\n                ul. Kaszubska 17E,<br>\n\t\t\t\t<a href=\"tel:+48523224011\">tel.\/fax 52 322 40 11<\/a><br>\n                <a href=\"mailto:bydgoszcz@fasada.eu\">bydgoszcz@fasada.eu<\/a>\n            <\/div>\n        <\/div>\n        <div>\n            <div>\n                <img src=\"https:\/\/fasada.eu\/wp-content\/themes\/wi\/images\/sygnet.png\" style=\"width: 48px; height: 60px;\" alt=\"logo\">\n                <span>S\u0141UPSK<\/span>\n                ul. Ba\u0142tycka 10,<br>\n\t\t\t\t<a href=\"tel:+48598411001\">tel.\/fax 59 841 10 01<\/a><br>\n\t\t\t\t<!--<a href=\"tel:+48597273450\">tel. mob +48 597 273 450<\/a><br> -->\n\t\t\t\t<a href=\"mailto:fasada@fasada.eu\">fasada@fasada.eu<\/a>\n            <\/div>\n        <\/div>\n        <div class=\"flex_div\">\n            <div>\n                <div>\n                    <a class=\"button blue\" href=\"https:\/\/fasada.eu\/de\/kontakt\/\">senden Sie eine Anfrage<\/a>\n                <\/div>\n            <\/div>\n        <\/div>\n    <\/div>\n<\/section>\n","protected":false},"excerpt":{"rendered":"<p>&nbsp;<\/p>\n","protected":false},"author":1,"featured_media":1000,"parent":1895,"menu_order":2,"comment_status":"closed","ping_status":"closed","template":"page_full.php","meta":{"inline_featured_image":false,"footnotes":""},"yoast_head":"<!-- This site is optimized with the Yoast SEO plugin v21.3 - https:\/\/yoast.com\/wordpress\/plugins\/seo\/ -->\n<title>Au\u00dfenrolll\u00e4den - Fasada<\/title>\n<meta name=\"robots\" content=\"index, follow, max-snippet:-1, max-image-preview:large, max-video-preview:-1\" \/>\n<link rel=\"canonical\" href=\"https:\/\/fasada.eu\/de\/produkte\/rollaeden\/aussenrolllaeden\/\" \/>\n<meta property=\"og:locale\" content=\"de_DE\" \/>\n<meta property=\"og:type\" content=\"article\" \/>\n<meta property=\"og:title\" content=\"Au\u00dfenrolll\u00e4den - Fasada\" \/>\n<meta property=\"og:description\" content=\"&nbsp;\" \/>\n<meta property=\"og:url\" content=\"https:\/\/fasada.eu\/de\/produkte\/rollaeden\/aussenrolllaeden\/\" \/>\n<meta property=\"og:site_name\" content=\"Fasada\" \/>\n<meta property=\"article:modified_time\" content=\"2017-12-06T12:15:27+00:00\" \/>\n<meta property=\"og:image\" content=\"https:\/\/fasada.eu\/wp-content\/uploads\/2017\/10\/rolety-zewnetrzne-ikona_461.jpg\" \/>\n\t<meta property=\"og:image:width\" content=\"600\" \/>\n\t<meta property=\"og:image:height\" content=\"600\" \/>\n\t<meta property=\"og:image:type\" content=\"image\/jpeg\" \/>\n<meta name=\"twitter:card\" content=\"summary_large_image\" \/>\n<meta name=\"twitter:label1\" content=\"Gesch\u00e4tzte Lesezeit\" \/>\n\t<meta name=\"twitter:data1\" content=\"1\u00a0Minute\" \/>\n<script type=\"application\/ld+json\" class=\"yoast-schema-graph\">{\"@context\":\"https:\/\/schema.org\",\"@graph\":[{\"@type\":\"WebPage\",\"@id\":\"https:\/\/fasada.eu\/de\/produkte\/rollaeden\/aussenrolllaeden\/\",\"url\":\"https:\/\/fasada.eu\/de\/produkte\/rollaeden\/aussenrolllaeden\/\",\"name\":\"Au\u00dfenrolll\u00e4den - Fasada\",\"isPartOf\":{\"@id\":\"https:\/\/fasada.eu\/en\/#website\"},\"datePublished\":\"2017-12-05T10:52:02+00:00\",\"dateModified\":\"2017-12-06T12:15:27+00:00\",\"breadcrumb\":{\"@id\":\"https:\/\/fasada.eu\/de\/produkte\/rollaeden\/aussenrolllaeden\/#breadcrumb\"},\"inLanguage\":\"de\",\"potentialAction\":[{\"@type\":\"ReadAction\",\"target\":[\"https:\/\/fasada.eu\/de\/produkte\/rollaeden\/aussenrolllaeden\/\"]}]},{\"@type\":\"BreadcrumbList\",\"@id\":\"https:\/\/fasada.eu\/de\/produkte\/rollaeden\/aussenrolllaeden\/#breadcrumb\",\"itemListElement\":[{\"@type\":\"ListItem\",\"position\":1,\"name\":\"Home\",\"item\":\"https:\/\/fasada.eu\/de\/\"},{\"@type\":\"ListItem\",\"position\":2,\"name\":\"Produkte\",\"item\":\"https:\/\/fasada.eu\/de\/produkte\/\"},{\"@type\":\"ListItem\",\"position\":3,\"name\":\"ROLL\u00c4DEN\",\"item\":\"https:\/\/fasada.eu\/de\/produkte\/rollaeden\/\"},{\"@type\":\"ListItem\",\"position\":4,\"name\":\"Au\u00dfenrolll\u00e4den\"}]},{\"@type\":\"WebSite\",\"@id\":\"https:\/\/fasada.eu\/en\/#website\",\"url\":\"https:\/\/fasada.eu\/en\/\",\"name\":\"Fasada\",\"description\":\"wizytowka Fasada Windows&amp;Doors\",\"potentialAction\":[{\"@type\":\"SearchAction\",\"target\":{\"@type\":\"EntryPoint\",\"urlTemplate\":\"https:\/\/fasada.eu\/en\/?s={search_term_string}\"},\"query-input\":\"required name=search_term_string\"}],\"inLanguage\":\"de\"}]}<\/script>\n<!-- \/ Yoast SEO plugin. -->","yoast_head_json":{"title":"Au\u00dfenrolll\u00e4den - Fasada","robots":{"index":"index","follow":"follow","max-snippet":"max-snippet:-1","max-image-preview":"max-image-preview:large","max-video-preview":"max-video-preview:-1"},"canonical":"https:\/\/fasada.eu\/de\/produkte\/rollaeden\/aussenrolllaeden\/","og_locale":"de_DE","og_type":"article","og_title":"Au\u00dfenrolll\u00e4den - Fasada","og_description":"&nbsp;","og_url":"https:\/\/fasada.eu\/de\/produkte\/rollaeden\/aussenrolllaeden\/","og_site_name":"Fasada","article_modified_time":"2017-12-06T12:15:27+00:00","og_image":[{"width":600,"height":600,"url":"https:\/\/fasada.eu\/wp-content\/uploads\/2017\/10\/rolety-zewnetrzne-ikona_461.jpg","type":"image\/jpeg"}],"twitter_card":"summary_large_image","twitter_misc":{"Gesch\u00e4tzte Lesezeit":"1\u00a0Minute"},"schema":{"@context":"https:\/\/schema.org","@graph":[{"@type":"WebPage","@id":"https:\/\/fasada.eu\/de\/produkte\/rollaeden\/aussenrolllaeden\/","url":"https:\/\/fasada.eu\/de\/produkte\/rollaeden\/aussenrolllaeden\/","name":"Au\u00dfenrolll\u00e4den - Fasada","isPartOf":{"@id":"https:\/\/fasada.eu\/en\/#website"},"datePublished":"2017-12-05T10:52:02+00:00","dateModified":"2017-12-06T12:15:27+00:00","breadcrumb":{"@id":"https:\/\/fasada.eu\/de\/produkte\/rollaeden\/aussenrolllaeden\/#breadcrumb"},"inLanguage":"de","potentialAction":[{"@type":"ReadAction","target":["https:\/\/fasada.eu\/de\/produkte\/rollaeden\/aussenrolllaeden\/"]}]},{"@type":"BreadcrumbList","@id":"https:\/\/fasada.eu\/de\/produkte\/rollaeden\/aussenrolllaeden\/#breadcrumb","itemListElement":[{"@type":"ListItem","position":1,"name":"Home","item":"https:\/\/fasada.eu\/de\/"},{"@type":"ListItem","position":2,"name":"Produkte","item":"https:\/\/fasada.eu\/de\/produkte\/"},{"@type":"ListItem","position":3,"name":"ROLL\u00c4DEN","item":"https:\/\/fasada.eu\/de\/produkte\/rollaeden\/"},{"@type":"ListItem","position":4,"name":"Au\u00dfenrolll\u00e4den"}]},{"@type":"WebSite","@id":"https:\/\/fasada.eu\/en\/#website","url":"https:\/\/fasada.eu\/en\/","name":"Fasada","description":"wizytowka Fasada Windows&amp;Doors","potentialAction":[{"@type":"SearchAction","target":{"@type":"EntryPoint","urlTemplate":"https:\/\/fasada.eu\/en\/?s={search_term_string}"},"query-input":"required name=search_term_string"}],"inLanguage":"de"}]}},"_links":{"self":[{"href":"https:\/\/fasada.eu\/de\/wp-json\/wp\/v2\/pages\/1900"}],"collection":[{"href":"https:\/\/fasada.eu\/de\/wp-json\/wp\/v2\/pages"}],"about":[{"href":"https:\/\/fasada.eu\/de\/wp-json\/wp\/v2\/types\/page"}],"author":[{"embeddable":true,"href":"https:\/\/fasada.eu\/de\/wp-json\/wp\/v2\/users\/1"}],"replies":[{"embeddable":true,"href":"https:\/\/fasada.eu\/de\/wp-json\/wp\/v2\/comments?post=1900"}],"version-history":[{"count":2,"href":"https:\/\/fasada.eu\/de\/wp-json\/wp\/v2\/pages\/1900\/revisions"}],"predecessor-version":[{"id":2104,"href":"https:\/\/fasada.eu\/de\/wp-json\/wp\/v2\/pages\/1900\/revisions\/2104"}],"up":[{"embeddable":true,"href":"https:\/\/fasada.eu\/de\/wp-json\/wp\/v2\/pages\/1895"}],"wp:featuredmedia":[{"embeddable":true,"href":"https:\/\/fasada.eu\/de\/wp-json\/wp\/v2\/media\/1000"}],"wp:attachment":[{"href":"https:\/\/fasada.eu\/de\/wp-json\/wp\/v2\/media?parent=1900"}],"curies":[{"name":"wp","href":"https:\/\/api.w.org\/{rel}","templated":true}]}}