{"id":1897,"date":"2017-12-05T11:45:40","date_gmt":"2017-12-05T10:45:40","guid":{"rendered":"http:\/\/fasada.eu\/?page_id=1897"},"modified":"2017-12-06T13:14:56","modified_gmt":"2017-12-06T12:14:56","slug":"aufsatzrolllaeden","status":"publish","type":"page","link":"https:\/\/fasada.eu\/de\/produkte\/rollaeden\/aufsatzrolllaeden\/","title":{"rendered":"Aufsatzrolll\u00e4den"},"content":{"rendered":"<div class=\"content_wrapper_shortcode animate_div type2\"><div>\n<div class=\"p50_shortcode \" style=\"max-width:100%;\"><div><div>\n<h2>Neue Klasse der Funktionalit\u00e4t<\/h2>\n<p>Die Aufsatzrolll\u00e4den werden beim Geb\u00e4udebaus oder w\u00e4hrend des Austauschs der schon im Objekt vorhandenen Bauelemente montiert. Die Aufsatzrolll\u00e4den k\u00f6nnen an den PVC-, Holz- oder Aluminiumfenstern installiert werden. Das System der Aufsatzrolll\u00e4den erm\u00f6glicht die Montage ohne Bebauung, mit Teilbebauung, sowie Ganzbebauung. Die Rollladenk\u00e4sten sind aus PVC-Elementen gefertigt. Die Erw\u00e4rmung des Kastens von innen erh\u00f6ht den W\u00e4rmeschutz, eine gro\u00dfe Auswahl an Farben erm\u00f6glicht die Rolll\u00e4den an die Geb\u00e4udefassade perfekt anzupassen. Mit zus\u00e4tzlicher W\u00e4rmed\u00e4mmung lassen sich die Heizungskosten im Winter senken, im Sommer wiederum wird der W\u00e4rmekomfort erh\u00f6ht.<br \/>\n<\/div><\/div><div><div>\n<h2>Warum <br \/> es sich lohnt?<\/h2>\n<ul>\n<li>Zugang zum Revisionsdeckel vom Innenraum,<\/li>\n<li>zus\u00e4tzliche Schalld\u00e4mmung, die f\u00fcr Ruhe sorgt,<\/li>\n<li>wirksame Einbruchshemmung,<\/li>\n<li>Sicherung der Fenster-\u00d6ffnungen vor Wirkung wechselhafter Witterungsverh\u00e4ltnisse,<\/li>\n<li>Anwendung des integrierten Kartoffelk\u00e4fer-Schutzes m\u00f6glich,<\/li>\n<li>gro\u00dfe Auswahl an der Steuerung der Rolll\u00e4den (manuell und automatisch gesteuerte Systeme).<\/li>\n<\/ul>\n<\/div><\/div><\/div>\n<\/div><\/div>\n<div class=\"content_wrapper_shortcode animate_div \"><div>\n<h2 class=\"big\" style=\"text-align: center;\">Beispiele<\/h2>\n<h2><\/h2>\n<div id=\"gallery-custom_grid-1\" class=\"gallery-custom-inline-50   galleryid-1897\"><div class=\"gallery-row\"><div class=\"gallery-thumbnail size-gallery_box_50\"><a href=\"https:\/\/fasada.eu\/wp-content\/uploads\/2017\/10\/rolety_6_482.jpg\" target=\"_blank\" data-gallery=\"gallery-custom_grid-1\" title=\"\"><img src=\"https:\/\/fasada.eu\/wp-content\/uploads\/2017\/10\/rolety_6_482-600x600.jpg\" alt=\"Rolety_6\" \/><\/a><\/div><\/div><div class=\"gallery-row\"><div class=\"gallery-thumbnail size-gallery_box_50\"><a href=\"https:\/\/fasada.eu\/wp-content\/uploads\/2017\/10\/rolety_7_575.jpg\" target=\"_blank\" data-gallery=\"gallery-custom_grid-1\" title=\"\"><img src=\"https:\/\/fasada.eu\/wp-content\/uploads\/2017\/10\/rolety_7_575-600x600.jpg\" alt=\"Rolety_7\" \/><\/a><\/div><\/div><\/div>\n<\/div><\/div>\n<p>&nbsp;<\/p>\n<section class=\"include_footer_type type_1\">\n    <h2 class=\"section_title\">Kontaktieren Sie uns<\/h2>\n    <div>\n        <div>\n            <div>\n                <img src=\"https:\/\/fasada.eu\/wp-content\/themes\/wi\/images\/sygnet.png\" style=\"width: 48px; height: 60px;\" alt=\"logo\">\n                <span>WARSZAWA<\/span>\n                Al. Krakowska 173,<br>\n\t\t\t\t<a href=\"tel:+4228685288\">tel.\/fax 22 868 52 88<\/a><br>\n\t\t\t\t<a href=\"mailto:warszawa@fasada.eu\">warszawa@fasada.eu<\/a>\n            <\/div>\n        <\/div>\n        <div>\n            <div>\n                <img src=\"https:\/\/fasada.eu\/wp-content\/themes\/wi\/images\/sygnet.png\" style=\"width: 48px; height: 60px;\" alt=\"logo\">\n                <span>BYDGOSZCZ<\/span>\n                ul. Kaszubska 17E,<br>\n\t\t\t\t<a href=\"tel:+48523224011\">tel.\/fax 52 322 40 11<\/a><br>\n                <a href=\"mailto:bydgoszcz@fasada.eu\">bydgoszcz@fasada.eu<\/a>\n            <\/div>\n        <\/div>\n        <div>\n            <div>\n                <img src=\"https:\/\/fasada.eu\/wp-content\/themes\/wi\/images\/sygnet.png\" style=\"width: 48px; height: 60px;\" alt=\"logo\">\n                <span>S\u0141UPSK<\/span>\n                ul. Ba\u0142tycka 10,<br>\n\t\t\t\t<a href=\"tel:+48598411001\">tel.\/fax 59 841 10 01<\/a><br>\n\t\t\t\t<!--<a href=\"tel:+48597273450\">tel. mob +48 597 273 450<\/a><br> -->\n\t\t\t\t<a href=\"mailto:fasada@fasada.eu\">fasada@fasada.eu<\/a>\n            <\/div>\n        <\/div>\n        <div class=\"flex_div\">\n            <div>\n                <div>\n                    <a class=\"button blue\" href=\"https:\/\/fasada.eu\/de\/kontakt\/\">senden Sie eine Anfrage<\/a>\n                <\/div>\n            <\/div>\n        <\/div>\n    <\/div>\n<\/section>\n","protected":false},"excerpt":{"rendered":"<p>&nbsp;<\/p>\n","protected":false},"author":1,"featured_media":998,"parent":1895,"menu_order":1,"comment_status":"closed","ping_status":"closed","template":"page_full.php","meta":{"inline_featured_image":false,"footnotes":""},"yoast_head":"<!-- This site is optimized with the Yoast SEO plugin v21.3 - https:\/\/yoast.com\/wordpress\/plugins\/seo\/ -->\n<title>Aufsatzrolll\u00e4den - Fasada<\/title>\n<meta name=\"robots\" content=\"index, follow, max-snippet:-1, max-image-preview:large, max-video-preview:-1\" \/>\n<link rel=\"canonical\" href=\"https:\/\/fasada.eu\/de\/produkte\/rollaeden\/aufsatzrolllaeden\/\" \/>\n<meta property=\"og:locale\" content=\"de_DE\" \/>\n<meta property=\"og:type\" content=\"article\" \/>\n<meta property=\"og:title\" content=\"Aufsatzrolll\u00e4den - Fasada\" \/>\n<meta property=\"og:description\" content=\"&nbsp;\" \/>\n<meta property=\"og:url\" content=\"https:\/\/fasada.eu\/de\/produkte\/rollaeden\/aufsatzrolllaeden\/\" \/>\n<meta property=\"og:site_name\" content=\"Fasada\" \/>\n<meta property=\"article:modified_time\" content=\"2017-12-06T12:14:56+00:00\" \/>\n<meta property=\"og:image\" content=\"https:\/\/fasada.eu\/wp-content\/uploads\/2017\/10\/rolety-nadstawne-ikona_543.jpg\" \/>\n\t<meta property=\"og:image:width\" content=\"600\" \/>\n\t<meta property=\"og:image:height\" content=\"600\" \/>\n\t<meta property=\"og:image:type\" content=\"image\/jpeg\" \/>\n<meta name=\"twitter:card\" content=\"summary_large_image\" \/>\n<meta name=\"twitter:label1\" content=\"Gesch\u00e4tzte Lesezeit\" \/>\n\t<meta name=\"twitter:data1\" content=\"1\u00a0Minute\" \/>\n<script type=\"application\/ld+json\" class=\"yoast-schema-graph\">{\"@context\":\"https:\/\/schema.org\",\"@graph\":[{\"@type\":\"WebPage\",\"@id\":\"https:\/\/fasada.eu\/de\/produkte\/rollaeden\/aufsatzrolllaeden\/\",\"url\":\"https:\/\/fasada.eu\/de\/produkte\/rollaeden\/aufsatzrolllaeden\/\",\"name\":\"Aufsatzrolll\u00e4den - Fasada\",\"isPartOf\":{\"@id\":\"https:\/\/fasada.eu\/en\/#website\"},\"datePublished\":\"2017-12-05T10:45:40+00:00\",\"dateModified\":\"2017-12-06T12:14:56+00:00\",\"breadcrumb\":{\"@id\":\"https:\/\/fasada.eu\/de\/produkte\/rollaeden\/aufsatzrolllaeden\/#breadcrumb\"},\"inLanguage\":\"de\",\"potentialAction\":[{\"@type\":\"ReadAction\",\"target\":[\"https:\/\/fasada.eu\/de\/produkte\/rollaeden\/aufsatzrolllaeden\/\"]}]},{\"@type\":\"BreadcrumbList\",\"@id\":\"https:\/\/fasada.eu\/de\/produkte\/rollaeden\/aufsatzrolllaeden\/#breadcrumb\",\"itemListElement\":[{\"@type\":\"ListItem\",\"position\":1,\"name\":\"Home\",\"item\":\"https:\/\/fasada.eu\/de\/\"},{\"@type\":\"ListItem\",\"position\":2,\"name\":\"Produkte\",\"item\":\"https:\/\/fasada.eu\/de\/produkte\/\"},{\"@type\":\"ListItem\",\"position\":3,\"name\":\"ROLL\u00c4DEN\",\"item\":\"https:\/\/fasada.eu\/de\/produkte\/rollaeden\/\"},{\"@type\":\"ListItem\",\"position\":4,\"name\":\"Aufsatzrolll\u00e4den\"}]},{\"@type\":\"WebSite\",\"@id\":\"https:\/\/fasada.eu\/en\/#website\",\"url\":\"https:\/\/fasada.eu\/en\/\",\"name\":\"Fasada\",\"description\":\"wizytowka Fasada Windows&amp;Doors\",\"potentialAction\":[{\"@type\":\"SearchAction\",\"target\":{\"@type\":\"EntryPoint\",\"urlTemplate\":\"https:\/\/fasada.eu\/en\/?s={search_term_string}\"},\"query-input\":\"required name=search_term_string\"}],\"inLanguage\":\"de\"}]}<\/script>\n<!-- \/ Yoast SEO plugin. -->","yoast_head_json":{"title":"Aufsatzrolll\u00e4den - Fasada","robots":{"index":"index","follow":"follow","max-snippet":"max-snippet:-1","max-image-preview":"max-image-preview:large","max-video-preview":"max-video-preview:-1"},"canonical":"https:\/\/fasada.eu\/de\/produkte\/rollaeden\/aufsatzrolllaeden\/","og_locale":"de_DE","og_type":"article","og_title":"Aufsatzrolll\u00e4den - Fasada","og_description":"&nbsp;","og_url":"https:\/\/fasada.eu\/de\/produkte\/rollaeden\/aufsatzrolllaeden\/","og_site_name":"Fasada","article_modified_time":"2017-12-06T12:14:56+00:00","og_image":[{"width":600,"height":600,"url":"https:\/\/fasada.eu\/wp-content\/uploads\/2017\/10\/rolety-nadstawne-ikona_543.jpg","type":"image\/jpeg"}],"twitter_card":"summary_large_image","twitter_misc":{"Gesch\u00e4tzte Lesezeit":"1\u00a0Minute"},"schema":{"@context":"https:\/\/schema.org","@graph":[{"@type":"WebPage","@id":"https:\/\/fasada.eu\/de\/produkte\/rollaeden\/aufsatzrolllaeden\/","url":"https:\/\/fasada.eu\/de\/produkte\/rollaeden\/aufsatzrolllaeden\/","name":"Aufsatzrolll\u00e4den - Fasada","isPartOf":{"@id":"https:\/\/fasada.eu\/en\/#website"},"datePublished":"2017-12-05T10:45:40+00:00","dateModified":"2017-12-06T12:14:56+00:00","breadcrumb":{"@id":"https:\/\/fasada.eu\/de\/produkte\/rollaeden\/aufsatzrolllaeden\/#breadcrumb"},"inLanguage":"de","potentialAction":[{"@type":"ReadAction","target":["https:\/\/fasada.eu\/de\/produkte\/rollaeden\/aufsatzrolllaeden\/"]}]},{"@type":"BreadcrumbList","@id":"https:\/\/fasada.eu\/de\/produkte\/rollaeden\/aufsatzrolllaeden\/#breadcrumb","itemListElement":[{"@type":"ListItem","position":1,"name":"Home","item":"https:\/\/fasada.eu\/de\/"},{"@type":"ListItem","position":2,"name":"Produkte","item":"https:\/\/fasada.eu\/de\/produkte\/"},{"@type":"ListItem","position":3,"name":"ROLL\u00c4DEN","item":"https:\/\/fasada.eu\/de\/produkte\/rollaeden\/"},{"@type":"ListItem","position":4,"name":"Aufsatzrolll\u00e4den"}]},{"@type":"WebSite","@id":"https:\/\/fasada.eu\/en\/#website","url":"https:\/\/fasada.eu\/en\/","name":"Fasada","description":"wizytowka Fasada Windows&amp;Doors","potentialAction":[{"@type":"SearchAction","target":{"@type":"EntryPoint","urlTemplate":"https:\/\/fasada.eu\/en\/?s={search_term_string}"},"query-input":"required name=search_term_string"}],"inLanguage":"de"}]}},"_links":{"self":[{"href":"https:\/\/fasada.eu\/de\/wp-json\/wp\/v2\/pages\/1897"}],"collection":[{"href":"https:\/\/fasada.eu\/de\/wp-json\/wp\/v2\/pages"}],"about":[{"href":"https:\/\/fasada.eu\/de\/wp-json\/wp\/v2\/types\/page"}],"author":[{"embeddable":true,"href":"https:\/\/fasada.eu\/de\/wp-json\/wp\/v2\/users\/1"}],"replies":[{"embeddable":true,"href":"https:\/\/fasada.eu\/de\/wp-json\/wp\/v2\/comments?post=1897"}],"version-history":[{"count":3,"href":"https:\/\/fasada.eu\/de\/wp-json\/wp\/v2\/pages\/1897\/revisions"}],"predecessor-version":[{"id":2103,"href":"https:\/\/fasada.eu\/de\/wp-json\/wp\/v2\/pages\/1897\/revisions\/2103"}],"up":[{"embeddable":true,"href":"https:\/\/fasada.eu\/de\/wp-json\/wp\/v2\/pages\/1895"}],"wp:featuredmedia":[{"embeddable":true,"href":"https:\/\/fasada.eu\/de\/wp-json\/wp\/v2\/media\/998"}],"wp:attachment":[{"href":"https:\/\/fasada.eu\/de\/wp-json\/wp\/v2\/media?parent=1897"}],"curies":[{"name":"wp","href":"https:\/\/api.w.org\/{rel}","templated":true}]}}