{"id":1893,"date":"2017-12-05T11:34:42","date_gmt":"2017-12-05T10:34:42","guid":{"rendered":"http:\/\/fasada.eu\/?page_id=1893"},"modified":"2017-12-06T13:14:02","modified_gmt":"2017-12-06T12:14:02","slug":"parallel-schiebe-kipp-tueren-psk","status":"publish","type":"page","link":"https:\/\/fasada.eu\/de\/produkte\/terrassentueren\/parallel-schiebe-kipp-tueren-psk\/","title":{"rendered":"Parallel-Schiebe-Kipp-T\u00fcren (PSK)"},"content":{"rendered":"<div class='big_image_wrapper ' style='background-image: url(http:\/\/fasada.eu\/wp-content\/uploads\/2017\/10\/top_systemy-tarasowe-pskjpg_426.jpg);'><div><div class='title'>Optimale<br \/>\nRaumausnutzung<\/div><div class='content'>Die Parallel-Schiebe-Kipp-T\u00fcren (PSK) ist eine preisg\u00fcnstigere Alternative f\u00fcr Terrassensysteme Hebe-Schiebe-T\u00fcren (HAST) und Falt-Schiebe-T\u00fcren (FST). Erfahren Sie mehr \u00fcber ihre Vorteile! <\/div><\/div><\/div>\n<div class=\"content_wrapper_shortcode animate_div type2\"><div>\n<div class=\"p50_shortcode \" style=\"max-width:100%;\"><div><div>\n<h2>H\u00f6chste Qualit\u00e4t zum guten Preis<\/h2>\n<p>Die T\u00fcren eignen sich f\u00fcr schmalere Eing\u00e4nge und leichtere Fl\u00fcgel. Dank St\u00fctzfunktion des Schlie\u00dfens erm\u00f6glichen die Kipp-Schiebe-Systeme eine Kipp-und Schiebefunktion von Fl\u00fcgeln bei der Nutzung von einem geringen Kraftaufwand. Glosse Verglasungen lassen die maximale Lichtmenge in das Rauminnere hineinfallen. Die PSK-T\u00fcren sind eine ideale L\u00f6sung f\u00fcr die Eing\u00e4nge auf Balkon, Terrasse, Veranda und Wintergarten.<br \/>\n<\/div><\/div><div><div>\n<h2>Warum<br \/>\nlohnt es sich?<\/h2>\n<p>Parallel-Schiebe-Kipp-T\u00fcren zeichnen folgende Eigenschaften aus:<\/p>\n<ul>\n<li>vollkommene W\u00e4rme- und Schalld\u00e4mmung,<\/li>\n<li>Falzwechsel-Technologie, die Lichtspalt vergr\u00f6\u00dfert,<\/li>\n<li>St\u00fctzfunktion des Schlie\u00dfens, die Bedienkomfort gew\u00e4hrleistet,<\/li>\n<li>verst\u00e4rkte untere Gleitschiene f\u00fcr die bessere Best\u00e4ndigkeit,<\/li>\n<li>Sicherheit bis zur Widerstandsklasse RC2*.<\/li>\n<\/ul>\n<p>*gilt f\u00fcr ausgew\u00e4hlte Modelle<br \/>\n<\/div><\/div><\/div>\n<\/div><\/div>\n<div class=\"content_wrapper_shortcode animate_div \"><div>\n<h2 class=\"big\" style=\"text-align: center;\">Beispiele<\/h2>\n<h2><\/h2>\n<div id=\"gallery-custom_grid-1\" class=\"gallery-custom-inline-30   galleryid-1893\"><div class=\"gallery-row\"><div class=\"gallery-thumbnail size-gallery_box_30\"><a href=\"https:\/\/fasada.eu\/wp-content\/uploads\/2017\/10\/psk-przyklad-01_451.jpg\" target=\"_blank\" data-gallery=\"gallery-custom_grid-1\" title=\"\"><img src=\"https:\/\/fasada.eu\/wp-content\/uploads\/2017\/10\/psk-przyklad-01_451-425x425.jpg\" alt=\"psk-przyklad-01\" \/><\/a><\/div><\/div><div class=\"gallery-row\"><div class=\"gallery-thumbnail size-gallery_box_30\"><a href=\"https:\/\/fasada.eu\/wp-content\/uploads\/2017\/10\/psk-przyklad-02_776.jpeg\" target=\"_blank\" data-gallery=\"gallery-custom_grid-1\" title=\"\"><img src=\"https:\/\/fasada.eu\/wp-content\/uploads\/2017\/10\/psk-przyklad-02_776-425x425.jpeg\" alt=\"psk-przyklad-02\" \/><\/a><\/div><\/div><div class=\"gallery-row\"><div class=\"gallery-thumbnail size-gallery_box_30\"><a href=\"https:\/\/fasada.eu\/wp-content\/uploads\/2017\/10\/psk-przyklad-03_527.jpg\" target=\"_blank\" data-gallery=\"gallery-custom_grid-1\" title=\"\"><img src=\"https:\/\/fasada.eu\/wp-content\/uploads\/2017\/10\/psk-przyklad-03_527-425x425.jpg\" alt=\"psk-przyklad-03\" \/><\/a><\/div><\/div><div class=\"gallery-row\"><div class=\"gallery-thumbnail size-gallery_box_30\"><a href=\"https:\/\/fasada.eu\/wp-content\/uploads\/2017\/10\/psk-przyklad-04_998.jpg\" target=\"_blank\" data-gallery=\"gallery-custom_grid-1\" title=\"\"><img src=\"https:\/\/fasada.eu\/wp-content\/uploads\/2017\/10\/psk-przyklad-04_998-425x425.jpg\" alt=\"psk-przyklad-04\" \/><\/a><\/div><\/div><div class=\"gallery-row\"><div class=\"gallery-thumbnail size-gallery_box_30\"><a href=\"https:\/\/fasada.eu\/wp-content\/uploads\/2017\/10\/psk-przyklad-05_930.jpg\" target=\"_blank\" data-gallery=\"gallery-custom_grid-1\" title=\"\"><img src=\"https:\/\/fasada.eu\/wp-content\/uploads\/2017\/10\/psk-przyklad-05_930-425x425.jpg\" alt=\"psk-przyklad-05\" \/><\/a><\/div><\/div><\/div>\n<\/div><\/div>\n<div class=\"big_div_50 no_row_rewerse r_center \" style='background-image: url(http:\/\/fasada.eu\/wp-content\/uploads\/2017\/10\/dodatki_973.jpg);'><div><div><div>\n<h2>W\u00c4HLEN SIE IHR ZUBEH\u00d6R AUS<\/h2>\n<p>Eine breite Palette von Zubeh\u00f6rteilen in unserem Angebot erh\u00e4ltlich ist eine Chance f\u00fcr eine bessere Funktionalit\u00e4t jedes der Produkte. \u00dcberpr\u00fcfen Sie, was wir Ihnen anbieten k\u00f6nnen.<br \/>\n<\/div><\/div><div><div>\n<a class=\"button blue\" href=\"http:\/\/fasada.eu\/de\/produkte\/zubehoer\/\">Gehe zu den Add-ons<\/a><br \/>\n<\/div><\/div><\/div><\/div>\n<section class=\"include_footer_type type_1\">\n    <h2 class=\"section_title\">Kontaktieren Sie uns<\/h2>\n    <div>\n        <div>\n            <div>\n                <img src=\"https:\/\/fasada.eu\/wp-content\/themes\/wi\/images\/sygnet.png\" style=\"width: 48px; height: 60px;\" alt=\"logo\">\n                <span>WARSZAWA<\/span>\n                Al. Krakowska 173,<br>\n\t\t\t\t<a href=\"tel:+4228685288\">tel.\/fax 22 868 52 88<\/a><br>\n\t\t\t\t<a href=\"mailto:warszawa@fasada.eu\">warszawa@fasada.eu<\/a>\n            <\/div>\n        <\/div>\n        <div>\n            <div>\n                <img src=\"https:\/\/fasada.eu\/wp-content\/themes\/wi\/images\/sygnet.png\" style=\"width: 48px; height: 60px;\" alt=\"logo\">\n                <span>BYDGOSZCZ<\/span>\n                ul. Kaszubska 17E,<br>\n\t\t\t\t<a href=\"tel:+48523224011\">tel.\/fax 52 322 40 11<\/a><br>\n                <a href=\"mailto:bydgoszcz@fasada.eu\">bydgoszcz@fasada.eu<\/a>\n            <\/div>\n        <\/div>\n        <div>\n            <div>\n                <img src=\"https:\/\/fasada.eu\/wp-content\/themes\/wi\/images\/sygnet.png\" style=\"width: 48px; height: 60px;\" alt=\"logo\">\n                <span>S\u0141UPSK<\/span>\n                ul. Ba\u0142tycka 10,<br>\n\t\t\t\t<a href=\"tel:+48598411001\">tel.\/fax 59 841 10 01<\/a><br>\n\t\t\t\t<!--<a href=\"tel:+48597273450\">tel. mob +48 597 273 450<\/a><br> -->\n\t\t\t\t<a href=\"mailto:fasada@fasada.eu\">fasada@fasada.eu<\/a>\n            <\/div>\n        <\/div>\n        <div class=\"flex_div\">\n            <div>\n                <div>\n                    <a class=\"button blue\" href=\"https:\/\/fasada.eu\/de\/kontakt\/\">senden Sie eine Anfrage<\/a>\n                <\/div>\n            <\/div>\n        <\/div>\n    <\/div>\n<\/section>\n","protected":false},"excerpt":{"rendered":"","protected":false},"author":1,"featured_media":934,"parent":1886,"menu_order":20,"comment_status":"closed","ping_status":"closed","template":"page_full.php","meta":{"inline_featured_image":false,"footnotes":""},"yoast_head":"<!-- This site is optimized with the Yoast SEO plugin v21.3 - https:\/\/yoast.com\/wordpress\/plugins\/seo\/ -->\n<title>Parallel-Schiebe-Kipp-T\u00fcren (PSK) - Fasada<\/title>\n<meta name=\"robots\" content=\"index, follow, max-snippet:-1, max-image-preview:large, max-video-preview:-1\" \/>\n<link rel=\"canonical\" href=\"https:\/\/fasada.eu\/de\/produkte\/terrassentueren\/parallel-schiebe-kipp-tueren-psk\/\" \/>\n<meta property=\"og:locale\" content=\"de_DE\" \/>\n<meta property=\"og:type\" content=\"article\" \/>\n<meta property=\"og:title\" content=\"Parallel-Schiebe-Kipp-T\u00fcren (PSK) - Fasada\" \/>\n<meta property=\"og:url\" content=\"https:\/\/fasada.eu\/de\/produkte\/terrassentueren\/parallel-schiebe-kipp-tueren-psk\/\" \/>\n<meta property=\"og:site_name\" content=\"Fasada\" \/>\n<meta property=\"article:modified_time\" content=\"2017-12-06T12:14:02+00:00\" \/>\n<meta property=\"og:image\" content=\"https:\/\/fasada.eu\/wp-content\/uploads\/2017\/10\/psk-ikona_666.jpg\" \/>\n\t<meta property=\"og:image:width\" content=\"600\" \/>\n\t<meta property=\"og:image:height\" content=\"600\" \/>\n\t<meta property=\"og:image:type\" content=\"image\/jpeg\" \/>\n<meta name=\"twitter:card\" content=\"summary_large_image\" \/>\n<meta name=\"twitter:label1\" content=\"Gesch\u00e4tzte Lesezeit\" \/>\n\t<meta name=\"twitter:data1\" content=\"1\u00a0Minute\" \/>\n<script type=\"application\/ld+json\" class=\"yoast-schema-graph\">{\"@context\":\"https:\/\/schema.org\",\"@graph\":[{\"@type\":\"WebPage\",\"@id\":\"https:\/\/fasada.eu\/de\/produkte\/terrassentueren\/parallel-schiebe-kipp-tueren-psk\/\",\"url\":\"https:\/\/fasada.eu\/de\/produkte\/terrassentueren\/parallel-schiebe-kipp-tueren-psk\/\",\"name\":\"Parallel-Schiebe-Kipp-T\u00fcren (PSK) - Fasada\",\"isPartOf\":{\"@id\":\"https:\/\/fasada.eu\/en\/#website\"},\"datePublished\":\"2017-12-05T10:34:42+00:00\",\"dateModified\":\"2017-12-06T12:14:02+00:00\",\"breadcrumb\":{\"@id\":\"https:\/\/fasada.eu\/de\/produkte\/terrassentueren\/parallel-schiebe-kipp-tueren-psk\/#breadcrumb\"},\"inLanguage\":\"de\",\"potentialAction\":[{\"@type\":\"ReadAction\",\"target\":[\"https:\/\/fasada.eu\/de\/produkte\/terrassentueren\/parallel-schiebe-kipp-tueren-psk\/\"]}]},{\"@type\":\"BreadcrumbList\",\"@id\":\"https:\/\/fasada.eu\/de\/produkte\/terrassentueren\/parallel-schiebe-kipp-tueren-psk\/#breadcrumb\",\"itemListElement\":[{\"@type\":\"ListItem\",\"position\":1,\"name\":\"Home\",\"item\":\"https:\/\/fasada.eu\/de\/\"},{\"@type\":\"ListItem\",\"position\":2,\"name\":\"Produkte\",\"item\":\"https:\/\/fasada.eu\/de\/produkte\/\"},{\"@type\":\"ListItem\",\"position\":3,\"name\":\"TERRASSENT\u00dcREN\",\"item\":\"https:\/\/fasada.eu\/de\/produkte\/terrassentueren\/\"},{\"@type\":\"ListItem\",\"position\":4,\"name\":\"Parallel-Schiebe-Kipp-T\u00fcren (PSK)\"}]},{\"@type\":\"WebSite\",\"@id\":\"https:\/\/fasada.eu\/en\/#website\",\"url\":\"https:\/\/fasada.eu\/en\/\",\"name\":\"Fasada\",\"description\":\"wizytowka Fasada Windows&amp;Doors\",\"potentialAction\":[{\"@type\":\"SearchAction\",\"target\":{\"@type\":\"EntryPoint\",\"urlTemplate\":\"https:\/\/fasada.eu\/en\/?s={search_term_string}\"},\"query-input\":\"required name=search_term_string\"}],\"inLanguage\":\"de\"}]}<\/script>\n<!-- \/ Yoast SEO plugin. -->","yoast_head_json":{"title":"Parallel-Schiebe-Kipp-T\u00fcren (PSK) - Fasada","robots":{"index":"index","follow":"follow","max-snippet":"max-snippet:-1","max-image-preview":"max-image-preview:large","max-video-preview":"max-video-preview:-1"},"canonical":"https:\/\/fasada.eu\/de\/produkte\/terrassentueren\/parallel-schiebe-kipp-tueren-psk\/","og_locale":"de_DE","og_type":"article","og_title":"Parallel-Schiebe-Kipp-T\u00fcren (PSK) - Fasada","og_url":"https:\/\/fasada.eu\/de\/produkte\/terrassentueren\/parallel-schiebe-kipp-tueren-psk\/","og_site_name":"Fasada","article_modified_time":"2017-12-06T12:14:02+00:00","og_image":[{"width":600,"height":600,"url":"https:\/\/fasada.eu\/wp-content\/uploads\/2017\/10\/psk-ikona_666.jpg","type":"image\/jpeg"}],"twitter_card":"summary_large_image","twitter_misc":{"Gesch\u00e4tzte Lesezeit":"1\u00a0Minute"},"schema":{"@context":"https:\/\/schema.org","@graph":[{"@type":"WebPage","@id":"https:\/\/fasada.eu\/de\/produkte\/terrassentueren\/parallel-schiebe-kipp-tueren-psk\/","url":"https:\/\/fasada.eu\/de\/produkte\/terrassentueren\/parallel-schiebe-kipp-tueren-psk\/","name":"Parallel-Schiebe-Kipp-T\u00fcren (PSK) - Fasada","isPartOf":{"@id":"https:\/\/fasada.eu\/en\/#website"},"datePublished":"2017-12-05T10:34:42+00:00","dateModified":"2017-12-06T12:14:02+00:00","breadcrumb":{"@id":"https:\/\/fasada.eu\/de\/produkte\/terrassentueren\/parallel-schiebe-kipp-tueren-psk\/#breadcrumb"},"inLanguage":"de","potentialAction":[{"@type":"ReadAction","target":["https:\/\/fasada.eu\/de\/produkte\/terrassentueren\/parallel-schiebe-kipp-tueren-psk\/"]}]},{"@type":"BreadcrumbList","@id":"https:\/\/fasada.eu\/de\/produkte\/terrassentueren\/parallel-schiebe-kipp-tueren-psk\/#breadcrumb","itemListElement":[{"@type":"ListItem","position":1,"name":"Home","item":"https:\/\/fasada.eu\/de\/"},{"@type":"ListItem","position":2,"name":"Produkte","item":"https:\/\/fasada.eu\/de\/produkte\/"},{"@type":"ListItem","position":3,"name":"TERRASSENT\u00dcREN","item":"https:\/\/fasada.eu\/de\/produkte\/terrassentueren\/"},{"@type":"ListItem","position":4,"name":"Parallel-Schiebe-Kipp-T\u00fcren (PSK)"}]},{"@type":"WebSite","@id":"https:\/\/fasada.eu\/en\/#website","url":"https:\/\/fasada.eu\/en\/","name":"Fasada","description":"wizytowka Fasada Windows&amp;Doors","potentialAction":[{"@type":"SearchAction","target":{"@type":"EntryPoint","urlTemplate":"https:\/\/fasada.eu\/en\/?s={search_term_string}"},"query-input":"required name=search_term_string"}],"inLanguage":"de"}]}},"_links":{"self":[{"href":"https:\/\/fasada.eu\/de\/wp-json\/wp\/v2\/pages\/1893"}],"collection":[{"href":"https:\/\/fasada.eu\/de\/wp-json\/wp\/v2\/pages"}],"about":[{"href":"https:\/\/fasada.eu\/de\/wp-json\/wp\/v2\/types\/page"}],"author":[{"embeddable":true,"href":"https:\/\/fasada.eu\/de\/wp-json\/wp\/v2\/users\/1"}],"replies":[{"embeddable":true,"href":"https:\/\/fasada.eu\/de\/wp-json\/wp\/v2\/comments?post=1893"}],"version-history":[{"count":2,"href":"https:\/\/fasada.eu\/de\/wp-json\/wp\/v2\/pages\/1893\/revisions"}],"predecessor-version":[{"id":2102,"href":"https:\/\/fasada.eu\/de\/wp-json\/wp\/v2\/pages\/1893\/revisions\/2102"}],"up":[{"embeddable":true,"href":"https:\/\/fasada.eu\/de\/wp-json\/wp\/v2\/pages\/1886"}],"wp:featuredmedia":[{"embeddable":true,"href":"https:\/\/fasada.eu\/de\/wp-json\/wp\/v2\/media\/934"}],"wp:attachment":[{"href":"https:\/\/fasada.eu\/de\/wp-json\/wp\/v2\/media?parent=1893"}],"curies":[{"name":"wp","href":"https:\/\/api.w.org\/{rel}","templated":true}]}}