{"id":1884,"date":"2017-12-05T11:08:44","date_gmt":"2017-12-05T10:08:44","guid":{"rendered":"http:\/\/fasada.eu\/?page_id=1884"},"modified":"2017-12-06T13:11:07","modified_gmt":"2017-12-06T12:11:07","slug":"renovierungstueren","status":"publish","type":"page","link":"https:\/\/fasada.eu\/de\/produkte\/tueren\/renovierungstueren\/","title":{"rendered":"Renovierungst\u00fcren"},"content":{"rendered":"<div class='big_image_wrapper ' style='background-image: url(http:\/\/fasada.eu\/wp-content\/uploads\/2017\/10\/top_drzwi-renowacyjne_801.jpg);'><div><div class='title'>T\u00fcren mit Seele <\/div><div class='content'>Mit dekorativen Profilen haben Sie die M\u00f6glichkeit, denkmalgesch\u00fctzte T\u00fcren alter H\u00e4user und Mietsh\u00e4user nachzubilden.<br \/>\nDank Sprossenfenster l\u00e4sst sich der erw\u00fcnschte Effekt erzielen. <\/div><\/div><\/div>\n<div class=\"content_wrapper_shortcode animate_div type2\"><div>\n<div class=\"p50_shortcode \" style=\"max-width:100%;\"><div><div>\n<h2>Detailqualit\u00e4t immer an erster Stelle!<\/h2>\n<p>Eine breite Palette an Formen und Innenausstattung, wie etwa: K\u00e4mpfer, Anschl\u00e4ge, K\u00f6pfe, oder F\u00fc\u00dfe \u2013 erm\u00f6glicht, das ans Geb\u00e4ude angepasste Produkt zu schaffen, wie etwa denkmalgesch\u00fctzte sowie historische Geb\u00e4ude. Eine gro\u00dfe Sorgfalt f\u00fcr jedes Detail ist f\u00fcr Renovierungst\u00fcren ausschlaggebend. All das ist dank mehrachsiger CNC-Maschine m\u00f6glich. Machen Sie Ihr Haus au\u00dfergew\u00f6hnlich!<br \/>\n<\/div><\/div><div><div>\n<h2>Warum<br \/>\nes sich lohnt?<\/h2>\n<ul>\n<li>perfekte W\u00e4rme- und Schalld\u00e4mmung,<\/li>\n<li>sehr hoher Sicherheitsgrad,<\/li>\n<li>Ausf\u00fchrung eines individuellen Projektes in unterschiedlichen Abmessungen m\u00f6glich,<\/li>\n<li>gro\u00dfe Auswahl an Mustern und Handl\u00e4ufen,<\/li>\n<li>perfekte W\u00e4rme- und Schalld\u00e4mmung,<\/li>\n<li>Edelstahl mit NO FINGERPRINT-Eigenschaft verbessert die \u00c4sthetik und erleichtert die Wartung und Reinigung,*<\/li>\n<li>Fernbedienung sowie beleuchteter Handlauf verbessern den Nutzungskomfort von T\u00fcren,*<\/li>\n<li>Fingerabdruckleseger\u00e4t sorgt f\u00fcr die h\u00f6chsten Sicherheitsstandards.*<\/li>\n<\/ul>\n<p>*gilt f\u00fcr ausgew\u00e4hlte Modelle<br \/>\n<\/div><\/div><\/div>\n<\/div><\/div>\n<div class=\"content_wrapper_shortcode animate_div \"><div>\n<h2 class=\"big\" style=\"text-align: center;\">Beispiele f\u00fcr die Implementierung<\/h2>\n<h2><\/h2>\n<div id=\"gallery-custom_grid-1\" class=\"gallery-custom-inline-25 galleryid-1884\"><div class=\"gallery-row\"><div class=\"gallery-thumbnail size-gallery_box_25\"><a href=\"https:\/\/fasada.eu\/wp-content\/uploads\/2017\/10\/drzwi-renowacyjne1_497.jpg\" target=\"_blank\" data-gallery=\"gallery-custom_grid-1\" title=\"\"><img src=\"https:\/\/fasada.eu\/wp-content\/uploads\/2017\/10\/drzwi-renowacyjne1_497-320x320.jpg\" alt=\"drzwi-renowacyjne1\" \/><\/a><\/div><\/div><div class=\"gallery-row\"><div class=\"gallery-thumbnail size-gallery_box_25\"><a href=\"https:\/\/fasada.eu\/wp-content\/uploads\/2017\/10\/drzwi-renowacyjne2_972.jpg\" target=\"_blank\" data-gallery=\"gallery-custom_grid-1\" title=\"\"><img src=\"https:\/\/fasada.eu\/wp-content\/uploads\/2017\/10\/drzwi-renowacyjne2_972-320x320.jpg\" alt=\"drzwi-renowacyjne2\" \/><\/a><\/div><\/div><div class=\"gallery-row\"><div class=\"gallery-thumbnail size-gallery_box_25\"><a href=\"https:\/\/fasada.eu\/wp-content\/uploads\/2017\/10\/drzwi-renowacyjne3_242.jpg\" target=\"_blank\" data-gallery=\"gallery-custom_grid-1\" title=\"\"><img src=\"https:\/\/fasada.eu\/wp-content\/uploads\/2017\/10\/drzwi-renowacyjne3_242-320x320.jpg\" alt=\"drzwi-renowacyjne3\" \/><\/a><\/div><\/div><div class=\"gallery-row\"><div class=\"gallery-thumbnail size-gallery_box_25\"><a href=\"https:\/\/fasada.eu\/wp-content\/uploads\/2017\/10\/drzwi-renowacyjne4_262.jpg\" target=\"_blank\" data-gallery=\"gallery-custom_grid-1\" title=\"\"><img src=\"https:\/\/fasada.eu\/wp-content\/uploads\/2017\/10\/drzwi-renowacyjne4_262-320x320.jpg\" alt=\"drzwi-renowacyjne4\" \/><\/a><\/div><\/div><div class=\"gallery-row\"><div class=\"gallery-thumbnail size-gallery_box_25\"><a href=\"https:\/\/fasada.eu\/wp-content\/uploads\/2017\/10\/drzwi-renowacyjne5_683.jpg\" target=\"_blank\" data-gallery=\"gallery-custom_grid-1\" title=\"\"><img src=\"https:\/\/fasada.eu\/wp-content\/uploads\/2017\/10\/drzwi-renowacyjne5_683-320x320.jpg\" alt=\"drzwi-renowacyjne5\" \/><\/a><\/div><\/div><div class=\"gallery-row\"><div class=\"gallery-thumbnail size-gallery_box_25\"><a href=\"https:\/\/fasada.eu\/wp-content\/uploads\/2017\/10\/drzwi-renowacyjne7_627.jpg\" target=\"_blank\" data-gallery=\"gallery-custom_grid-1\" title=\"\"><img src=\"https:\/\/fasada.eu\/wp-content\/uploads\/2017\/10\/drzwi-renowacyjne7_627-320x320.jpg\" alt=\"drzwi-renowacyjne7\" \/><\/a><\/div><\/div><div class=\"gallery-row\"><div class=\"gallery-thumbnail size-gallery_box_25\"><a href=\"https:\/\/fasada.eu\/wp-content\/uploads\/2017\/10\/fotolia_82886505_subscription_monthly_xl_270.jpg\" target=\"_blank\" data-gallery=\"gallery-custom_grid-1\" title=\"\"><img src=\"https:\/\/fasada.eu\/wp-content\/uploads\/2017\/10\/fotolia_82886505_subscription_monthly_xl_270-320x320.jpg\" alt=\"Entrance in classy house\" \/><\/a><\/div><\/div><\/div>\n<\/div><\/div>\n<div class=\"big_div_50 no_row_rewerse r_center \" style='background-image: url(http:\/\/fasada.eu\/wp-content\/uploads\/2017\/10\/dodatki_973.jpg);'><div><div><div>\n<h2>W\u00c4HLEN SIE IHR ZUBEH\u00d6R AUS<\/h2>\n<p>Eine gro\u00dfe Auswahl an Zubeh\u00f6r betont einen hervorragenden Stil und Charakter unserer Produkte. Lassen Sie Ihrer Kreativit\u00e4t freien Lauf und erzeugen Sie ein einzigartiges Projekt!<br \/>\n<\/div><\/div><div><div>\n<a class=\"button blue\" href=\"http:\/\/fasada.eu\/de\/produkte\/zubehoer\/\">Gehe zu den Add-ons<\/a><br \/>\n<\/div><\/div><\/div><\/div>\n<section class=\"include_footer_type type_1\">\n    <h2 class=\"section_title\">Kontaktieren Sie uns<\/h2>\n    <div>\n        <div>\n            <div>\n                <img src=\"https:\/\/fasada.eu\/wp-content\/themes\/wi\/images\/sygnet.png\" style=\"width: 48px; height: 60px;\" alt=\"logo\">\n                <span>WARSZAWA<\/span>\n                Al. Krakowska 173,<br>\n\t\t\t\t<a href=\"tel:+4228685288\">tel.\/fax 22 868 52 88<\/a><br>\n\t\t\t\t<a href=\"mailto:warszawa@fasada.eu\">warszawa@fasada.eu<\/a>\n            <\/div>\n        <\/div>\n        <div>\n            <div>\n                <img src=\"https:\/\/fasada.eu\/wp-content\/themes\/wi\/images\/sygnet.png\" style=\"width: 48px; height: 60px;\" alt=\"logo\">\n                <span>BYDGOSZCZ<\/span>\n                ul. Kaszubska 17E,<br>\n\t\t\t\t<a href=\"tel:+48523224011\">tel.\/fax 52 322 40 11<\/a><br>\n                <a href=\"mailto:bydgoszcz@fasada.eu\">bydgoszcz@fasada.eu<\/a>\n            <\/div>\n        <\/div>\n        <div>\n            <div>\n                <img src=\"https:\/\/fasada.eu\/wp-content\/themes\/wi\/images\/sygnet.png\" style=\"width: 48px; height: 60px;\" alt=\"logo\">\n                <span>S\u0141UPSK<\/span>\n                ul. Ba\u0142tycka 10,<br>\n\t\t\t\t<a href=\"tel:+48598411001\">tel.\/fax 59 841 10 01<\/a><br>\n\t\t\t\t<!--<a href=\"tel:+48597273450\">tel. mob +48 597 273 450<\/a><br> -->\n\t\t\t\t<a href=\"mailto:fasada@fasada.eu\">fasada@fasada.eu<\/a>\n            <\/div>\n        <\/div>\n        <div class=\"flex_div\">\n            <div>\n                <div>\n                    <a class=\"button blue\" href=\"https:\/\/fasada.eu\/de\/kontakt\/\">senden Sie eine Anfrage<\/a>\n                <\/div>\n            <\/div>\n        <\/div>\n    <\/div>\n<\/section>\n","protected":false},"excerpt":{"rendered":"","protected":false},"author":1,"featured_media":895,"parent":1877,"menu_order":10,"comment_status":"closed","ping_status":"closed","template":"page_full.php","meta":{"inline_featured_image":false,"footnotes":""},"yoast_head":"<!-- This site is optimized with the Yoast SEO plugin v21.3 - https:\/\/yoast.com\/wordpress\/plugins\/seo\/ -->\n<title>Renovierungst\u00fcren - Fasada<\/title>\n<meta name=\"robots\" content=\"index, follow, max-snippet:-1, max-image-preview:large, max-video-preview:-1\" \/>\n<link rel=\"canonical\" href=\"https:\/\/fasada.eu\/de\/produkte\/tueren\/renovierungstueren\/\" \/>\n<meta property=\"og:locale\" content=\"de_DE\" \/>\n<meta property=\"og:type\" content=\"article\" \/>\n<meta property=\"og:title\" content=\"Renovierungst\u00fcren - Fasada\" \/>\n<meta property=\"og:url\" content=\"https:\/\/fasada.eu\/de\/produkte\/tueren\/renovierungstueren\/\" \/>\n<meta property=\"og:site_name\" content=\"Fasada\" \/>\n<meta property=\"article:modified_time\" content=\"2017-12-06T12:11:07+00:00\" \/>\n<meta property=\"og:image\" content=\"https:\/\/fasada.eu\/wp-content\/uploads\/2017\/10\/drzwi-renowacyjne-ikona_107.jpg\" \/>\n\t<meta property=\"og:image:width\" content=\"600\" \/>\n\t<meta property=\"og:image:height\" content=\"600\" \/>\n\t<meta property=\"og:image:type\" content=\"image\/jpeg\" \/>\n<meta name=\"twitter:card\" content=\"summary_large_image\" \/>\n<meta name=\"twitter:label1\" content=\"Gesch\u00e4tzte Lesezeit\" \/>\n\t<meta name=\"twitter:data1\" content=\"1\u00a0Minute\" \/>\n<script type=\"application\/ld+json\" class=\"yoast-schema-graph\">{\"@context\":\"https:\/\/schema.org\",\"@graph\":[{\"@type\":\"WebPage\",\"@id\":\"https:\/\/fasada.eu\/de\/produkte\/tueren\/renovierungstueren\/\",\"url\":\"https:\/\/fasada.eu\/de\/produkte\/tueren\/renovierungstueren\/\",\"name\":\"Renovierungst\u00fcren - Fasada\",\"isPartOf\":{\"@id\":\"https:\/\/fasada.eu\/en\/#website\"},\"datePublished\":\"2017-12-05T10:08:44+00:00\",\"dateModified\":\"2017-12-06T12:11:07+00:00\",\"breadcrumb\":{\"@id\":\"https:\/\/fasada.eu\/de\/produkte\/tueren\/renovierungstueren\/#breadcrumb\"},\"inLanguage\":\"de\",\"potentialAction\":[{\"@type\":\"ReadAction\",\"target\":[\"https:\/\/fasada.eu\/de\/produkte\/tueren\/renovierungstueren\/\"]}]},{\"@type\":\"BreadcrumbList\",\"@id\":\"https:\/\/fasada.eu\/de\/produkte\/tueren\/renovierungstueren\/#breadcrumb\",\"itemListElement\":[{\"@type\":\"ListItem\",\"position\":1,\"name\":\"Home\",\"item\":\"https:\/\/fasada.eu\/de\/\"},{\"@type\":\"ListItem\",\"position\":2,\"name\":\"Produkte\",\"item\":\"https:\/\/fasada.eu\/de\/produkte\/\"},{\"@type\":\"ListItem\",\"position\":3,\"name\":\"T\u00dcREN\",\"item\":\"https:\/\/fasada.eu\/de\/produkte\/tueren\/\"},{\"@type\":\"ListItem\",\"position\":4,\"name\":\"Renovierungst\u00fcren\"}]},{\"@type\":\"WebSite\",\"@id\":\"https:\/\/fasada.eu\/en\/#website\",\"url\":\"https:\/\/fasada.eu\/en\/\",\"name\":\"Fasada\",\"description\":\"wizytowka Fasada Windows&amp;Doors\",\"potentialAction\":[{\"@type\":\"SearchAction\",\"target\":{\"@type\":\"EntryPoint\",\"urlTemplate\":\"https:\/\/fasada.eu\/en\/?s={search_term_string}\"},\"query-input\":\"required name=search_term_string\"}],\"inLanguage\":\"de\"}]}<\/script>\n<!-- \/ Yoast SEO plugin. -->","yoast_head_json":{"title":"Renovierungst\u00fcren - Fasada","robots":{"index":"index","follow":"follow","max-snippet":"max-snippet:-1","max-image-preview":"max-image-preview:large","max-video-preview":"max-video-preview:-1"},"canonical":"https:\/\/fasada.eu\/de\/produkte\/tueren\/renovierungstueren\/","og_locale":"de_DE","og_type":"article","og_title":"Renovierungst\u00fcren - Fasada","og_url":"https:\/\/fasada.eu\/de\/produkte\/tueren\/renovierungstueren\/","og_site_name":"Fasada","article_modified_time":"2017-12-06T12:11:07+00:00","og_image":[{"width":600,"height":600,"url":"https:\/\/fasada.eu\/wp-content\/uploads\/2017\/10\/drzwi-renowacyjne-ikona_107.jpg","type":"image\/jpeg"}],"twitter_card":"summary_large_image","twitter_misc":{"Gesch\u00e4tzte Lesezeit":"1\u00a0Minute"},"schema":{"@context":"https:\/\/schema.org","@graph":[{"@type":"WebPage","@id":"https:\/\/fasada.eu\/de\/produkte\/tueren\/renovierungstueren\/","url":"https:\/\/fasada.eu\/de\/produkte\/tueren\/renovierungstueren\/","name":"Renovierungst\u00fcren - Fasada","isPartOf":{"@id":"https:\/\/fasada.eu\/en\/#website"},"datePublished":"2017-12-05T10:08:44+00:00","dateModified":"2017-12-06T12:11:07+00:00","breadcrumb":{"@id":"https:\/\/fasada.eu\/de\/produkte\/tueren\/renovierungstueren\/#breadcrumb"},"inLanguage":"de","potentialAction":[{"@type":"ReadAction","target":["https:\/\/fasada.eu\/de\/produkte\/tueren\/renovierungstueren\/"]}]},{"@type":"BreadcrumbList","@id":"https:\/\/fasada.eu\/de\/produkte\/tueren\/renovierungstueren\/#breadcrumb","itemListElement":[{"@type":"ListItem","position":1,"name":"Home","item":"https:\/\/fasada.eu\/de\/"},{"@type":"ListItem","position":2,"name":"Produkte","item":"https:\/\/fasada.eu\/de\/produkte\/"},{"@type":"ListItem","position":3,"name":"T\u00dcREN","item":"https:\/\/fasada.eu\/de\/produkte\/tueren\/"},{"@type":"ListItem","position":4,"name":"Renovierungst\u00fcren"}]},{"@type":"WebSite","@id":"https:\/\/fasada.eu\/en\/#website","url":"https:\/\/fasada.eu\/en\/","name":"Fasada","description":"wizytowka Fasada Windows&amp;Doors","potentialAction":[{"@type":"SearchAction","target":{"@type":"EntryPoint","urlTemplate":"https:\/\/fasada.eu\/en\/?s={search_term_string}"},"query-input":"required name=search_term_string"}],"inLanguage":"de"}]}},"_links":{"self":[{"href":"https:\/\/fasada.eu\/de\/wp-json\/wp\/v2\/pages\/1884"}],"collection":[{"href":"https:\/\/fasada.eu\/de\/wp-json\/wp\/v2\/pages"}],"about":[{"href":"https:\/\/fasada.eu\/de\/wp-json\/wp\/v2\/types\/page"}],"author":[{"embeddable":true,"href":"https:\/\/fasada.eu\/de\/wp-json\/wp\/v2\/users\/1"}],"replies":[{"embeddable":true,"href":"https:\/\/fasada.eu\/de\/wp-json\/wp\/v2\/comments?post=1884"}],"version-history":[{"count":2,"href":"https:\/\/fasada.eu\/de\/wp-json\/wp\/v2\/pages\/1884\/revisions"}],"predecessor-version":[{"id":2099,"href":"https:\/\/fasada.eu\/de\/wp-json\/wp\/v2\/pages\/1884\/revisions\/2099"}],"up":[{"embeddable":true,"href":"https:\/\/fasada.eu\/de\/wp-json\/wp\/v2\/pages\/1877"}],"wp:featuredmedia":[{"embeddable":true,"href":"https:\/\/fasada.eu\/de\/wp-json\/wp\/v2\/media\/895"}],"wp:attachment":[{"href":"https:\/\/fasada.eu\/de\/wp-json\/wp\/v2\/media?parent=1884"}],"curies":[{"name":"wp","href":"https:\/\/api.w.org\/{rel}","templated":true}]}}